{"id":4065,"date":"2022-12-20T21:21:01","date_gmt":"2022-12-20T19:21:01","guid":{"rendered":"https:\/\/lavega.gr\/product\/frescolita-355ml\/"},"modified":"2025-09-17T09:39:37","modified_gmt":"2025-09-17T07:39:37","slug":"frescolita-355ml","status":"publish","type":"product","link":"https:\/\/lavega.gr\/es\/producto\/frescolita-355ml\/","title":{"rendered":"Frescolita (355ml)"},"content":{"rendered":"<p>Frescolita es una bebida de Venezuela con una larga tradici\u00f3n.<\/p>\n<p>Su sabor similar al chicle<\/p>\n<p><em><strong>Ingredientes<\/strong><\/em>: agua carbonatada, az\u00facar, colorantes, conservantes.<\/p>\n<p>Por 100ml<\/p>\n<p>Calor\u00edas: 55kcal<br \/>\nGrasa: 0g<br \/>\nCarbohidratos: 14g de los cuales az\u00facares son 14g<br \/>\nFibra: 0g<br \/>\nProte\u00ednas: 0g<br \/>\nSal: 0mg<\/p>\n<p>Pa\u00eds de origen: Venezuela<br \/>\nPeso neto: 330ml<\/p>\n","protected":false},"excerpt":{"rendered":"<p>Frescolita es una bebida de Venezuela con una larga tradici\u00f3n. Su sabor similar al chicle Ingredientes: agua carbonatada, az\u00facar, colorantes, conservantes. Por 100ml Calor\u00edas: 55kcal Grasa: 0g Carbohidratos: 14g de los cuales az\u00facares son 14g Fibra: 0g Prote\u00ednas: 0g Sal: 0mg Pa\u00eds de origen: Venezuela Peso neto: 330ml<\/p>\n","protected":false},"featured_media":3448,"template":"","meta":[],"product_cat":[122,89],"product_tag":[],"class_list":{"0":"post-4065","1":"product","2":"type-product","3":"status-publish","4":"has-post-thumbnail","6":"product_cat-refrescos-jugos","7":"product_cat-bebidas","9":"first","10":"outofstock","11":"taxable","12":"shipping-taxable","13":"purchasable","14":"product-type-simple"},"yoast_head":"<!-- This site is optimized with the Yoast SEO plugin v22.3 - https:\/\/yoast.com\/wordpress\/plugins\/seo\/ -->\n<title>Frescolita (355ml) | La Vega<\/title>\n<meta name=\"description\" content=\"Frescolita es una bebida de Venezuela con una larga tradici\u00f3n. Su sabor similar al chicle\" \/>\n<meta name=\"robots\" content=\"index, follow, max-snippet:-1, max-image-preview:large, max-video-preview:-1\" \/>\n<link rel=\"canonical\" href=\"https:\/\/lavega.gr\/es\/producto\/frescolita-355ml\/\" \/>\n<meta property=\"og:locale\" content=\"es_ES\" \/>\n<meta property=\"og:type\" content=\"article\" \/>\n<meta property=\"og:title\" content=\"Frescolita (355ml) | La Vega\" \/>\n<meta property=\"og:description\" content=\"Frescolita es una bebida de Venezuela con una larga tradici\u00f3n. Su sabor similar al chicle\" \/>\n<meta property=\"og:url\" content=\"https:\/\/lavega.gr\/es\/producto\/frescolita-355ml\/\" \/>\n<meta property=\"og:site_name\" content=\"La Vega\" \/>\n<meta property=\"article:modified_time\" content=\"2025-09-17T07:39:37+00:00\" \/>\n<meta property=\"og:image\" content=\"https:\/\/lavega.gr\/wp-content\/uploads\/2022\/12\/frescolita-355ml.png\" \/>\n\t<meta property=\"og:image:width\" content=\"1000\" \/>\n\t<meta property=\"og:image:height\" content=\"1000\" \/>\n\t<meta property=\"og:image:type\" content=\"image\/png\" \/>\n<meta name=\"twitter:card\" content=\"summary_large_image\" \/>\n<script type=\"application\/ld+json\" class=\"yoast-schema-graph\">{\"@context\":\"https:\/\/schema.org\",\"@graph\":[{\"@type\":\"WebPage\",\"@id\":\"https:\/\/lavega.gr\/es\/producto\/frescolita-355ml\/\",\"url\":\"https:\/\/lavega.gr\/es\/producto\/frescolita-355ml\/\",\"name\":\"Frescolita (355ml) | La Vega\",\"isPartOf\":{\"@id\":\"https:\/\/lavega.gr\/#website\"},\"primaryImageOfPage\":{\"@id\":\"https:\/\/lavega.gr\/es\/producto\/frescolita-355ml\/#primaryimage\"},\"image\":{\"@id\":\"https:\/\/lavega.gr\/es\/producto\/frescolita-355ml\/#primaryimage\"},\"thumbnailUrl\":\"https:\/\/lavega.gr\/wp-content\/uploads\/2022\/12\/frescolita-355ml.png\",\"datePublished\":\"2022-12-20T19:21:01+00:00\",\"dateModified\":\"2025-09-17T07:39:37+00:00\",\"description\":\"Frescolita es una bebida de Venezuela con una larga tradici\u00f3n. Su sabor similar al chicle\",\"breadcrumb\":{\"@id\":\"https:\/\/lavega.gr\/es\/producto\/frescolita-355ml\/#breadcrumb\"},\"inLanguage\":\"es\",\"potentialAction\":[{\"@type\":\"ReadAction\",\"target\":[\"https:\/\/lavega.gr\/es\/producto\/frescolita-355ml\/\"]}]},{\"@type\":\"ImageObject\",\"inLanguage\":\"es\",\"@id\":\"https:\/\/lavega.gr\/es\/producto\/frescolita-355ml\/#primaryimage\",\"url\":\"https:\/\/lavega.gr\/wp-content\/uploads\/2022\/12\/frescolita-355ml.png\",\"contentUrl\":\"https:\/\/lavega.gr\/wp-content\/uploads\/2022\/12\/frescolita-355ml.png\",\"width\":1000,\"height\":1000},{\"@type\":\"BreadcrumbList\",\"@id\":\"https:\/\/lavega.gr\/es\/producto\/frescolita-355ml\/#breadcrumb\",\"itemListElement\":[{\"@type\":\"ListItem\",\"position\":1,\"name\":\"Home\",\"item\":\"https:\/\/lavega.gr\/es\/\"},{\"@type\":\"ListItem\",\"position\":2,\"name\":\"Productos\",\"item\":\"https:\/\/lavega.gr\/es\/tienda\/\"},{\"@type\":\"ListItem\",\"position\":3,\"name\":\"Frescolita (355ml)\"}]},{\"@type\":\"WebSite\",\"@id\":\"https:\/\/lavega.gr\/#website\",\"url\":\"https:\/\/lavega.gr\/\",\"name\":\"La Vega\",\"description\":\"Productos Latinos\",\"potentialAction\":[{\"@type\":\"SearchAction\",\"target\":{\"@type\":\"EntryPoint\",\"urlTemplate\":\"https:\/\/lavega.gr\/?s={search_term_string}\"},\"query-input\":\"required name=search_term_string\"}],\"inLanguage\":\"es\"}]}<\/script>\n<!-- \/ Yoast SEO plugin. -->","yoast_head_json":{"title":"Frescolita (355ml) | La Vega","description":"Frescolita es una bebida de Venezuela con una larga tradici\u00f3n. Su sabor similar al chicle","robots":{"index":"index","follow":"follow","max-snippet":"max-snippet:-1","max-image-preview":"max-image-preview:large","max-video-preview":"max-video-preview:-1"},"canonical":"https:\/\/lavega.gr\/es\/producto\/frescolita-355ml\/","og_locale":"es_ES","og_type":"article","og_title":"Frescolita (355ml) | La Vega","og_description":"Frescolita es una bebida de Venezuela con una larga tradici\u00f3n. Su sabor similar al chicle","og_url":"https:\/\/lavega.gr\/es\/producto\/frescolita-355ml\/","og_site_name":"La Vega","article_modified_time":"2025-09-17T07:39:37+00:00","og_image":[{"width":1000,"height":1000,"url":"https:\/\/lavega.gr\/wp-content\/uploads\/2022\/12\/frescolita-355ml.png","type":"image\/png"}],"twitter_card":"summary_large_image","schema":{"@context":"https:\/\/schema.org","@graph":[{"@type":"WebPage","@id":"https:\/\/lavega.gr\/es\/producto\/frescolita-355ml\/","url":"https:\/\/lavega.gr\/es\/producto\/frescolita-355ml\/","name":"Frescolita (355ml) | La Vega","isPartOf":{"@id":"https:\/\/lavega.gr\/#website"},"primaryImageOfPage":{"@id":"https:\/\/lavega.gr\/es\/producto\/frescolita-355ml\/#primaryimage"},"image":{"@id":"https:\/\/lavega.gr\/es\/producto\/frescolita-355ml\/#primaryimage"},"thumbnailUrl":"https:\/\/lavega.gr\/wp-content\/uploads\/2022\/12\/frescolita-355ml.png","datePublished":"2022-12-20T19:21:01+00:00","dateModified":"2025-09-17T07:39:37+00:00","description":"Frescolita es una bebida de Venezuela con una larga tradici\u00f3n. Su sabor similar al chicle","breadcrumb":{"@id":"https:\/\/lavega.gr\/es\/producto\/frescolita-355ml\/#breadcrumb"},"inLanguage":"es","potentialAction":[{"@type":"ReadAction","target":["https:\/\/lavega.gr\/es\/producto\/frescolita-355ml\/"]}]},{"@type":"ImageObject","inLanguage":"es","@id":"https:\/\/lavega.gr\/es\/producto\/frescolita-355ml\/#primaryimage","url":"https:\/\/lavega.gr\/wp-content\/uploads\/2022\/12\/frescolita-355ml.png","contentUrl":"https:\/\/lavega.gr\/wp-content\/uploads\/2022\/12\/frescolita-355ml.png","width":1000,"height":1000},{"@type":"BreadcrumbList","@id":"https:\/\/lavega.gr\/es\/producto\/frescolita-355ml\/#breadcrumb","itemListElement":[{"@type":"ListItem","position":1,"name":"Home","item":"https:\/\/lavega.gr\/es\/"},{"@type":"ListItem","position":2,"name":"Productos","item":"https:\/\/lavega.gr\/es\/tienda\/"},{"@type":"ListItem","position":3,"name":"Frescolita (355ml)"}]},{"@type":"WebSite","@id":"https:\/\/lavega.gr\/#website","url":"https:\/\/lavega.gr\/","name":"La Vega","description":"Productos Latinos","potentialAction":[{"@type":"SearchAction","target":{"@type":"EntryPoint","urlTemplate":"https:\/\/lavega.gr\/?s={search_term_string}"},"query-input":"required name=search_term_string"}],"inLanguage":"es"}]}},"_links":{"self":[{"href":"https:\/\/lavega.gr\/es\/wp-json\/wp\/v2\/product\/4065","targetHints":{"allow":["GET"]}}],"collection":[{"href":"https:\/\/lavega.gr\/es\/wp-json\/wp\/v2\/product"}],"about":[{"href":"https:\/\/lavega.gr\/es\/wp-json\/wp\/v2\/types\/product"}],"wp:featuredmedia":[{"embeddable":true,"href":"https:\/\/lavega.gr\/es\/wp-json\/wp\/v2\/media\/3448"}],"wp:attachment":[{"href":"https:\/\/lavega.gr\/es\/wp-json\/wp\/v2\/media?parent=4065"}],"wp:term":[{"taxonomy":"product_cat","embeddable":true,"href":"https:\/\/lavega.gr\/es\/wp-json\/wp\/v2\/product_cat?post=4065"},{"taxonomy":"product_tag","embeddable":true,"href":"https:\/\/lavega.gr\/es\/wp-json\/wp\/v2\/product_tag?post=4065"}],"curies":[{"name":"wp","href":"https:\/\/api.w.org\/{rel}","templated":true}]}}