{"id":4064,"date":"2022-12-21T12:44:23","date_gmt":"2022-12-21T10:44:23","guid":{"rendered":"https:\/\/lavega.gr\/product\/pony-malta-330ml\/"},"modified":"2026-01-28T21:38:09","modified_gmt":"2026-01-28T19:38:09","slug":"pony-malta-330ml","status":"publish","type":"product","link":"https:\/\/lavega.gr\/es\/producto\/pony-malta-330ml\/","title":{"rendered":"Pony Malta (330ml)"},"content":{"rendered":"<p>Pony Malta es una bebida de malta sin alcohol de alta energ\u00eda producida en Colombia desde 1956.<\/p>\n<p>\u00a1Se sirve fr\u00edo!<\/p>\n<p><em><strong>Ingredientes<\/strong><\/em>: agua, az\u00facar, malta de cebada, di\u00f3xido de carbono, colorantes, aditivos vitam\u00ednicos.<br \/>\nPor 100ml<\/p>\n<p>Valor energ\u00e9tico: 43kcal<br \/>\nProte\u00ednas: 0,4ml<br \/>\nGrasa: 0ml<br \/>\nHidratos de carbono: 10,4ml de los cuales az\u00facares son 9,6ml<br \/>\nPa\u00eds de origen: Colombia<\/p>\n","protected":false},"excerpt":{"rendered":"<p>Pony Malta es una bebida de malta sin alcohol de alta energ\u00eda producida en Colombia desde 1956. \u00a1Se sirve fr\u00edo! Ingredientes: agua, az\u00facar, malta de cebada, di\u00f3xido de carbono, colorantes, aditivos vitam\u00ednicos. Por 100ml Valor energ\u00e9tico: 43kcal Prote\u00ednas: 0,4ml Grasa: 0ml Hidratos de carbono: 10,4ml de los cuales az\u00facares son 9,6ml Pa\u00eds de origen: Colombia<\/p>\n","protected":false},"featured_media":4298,"template":"","meta":[],"product_cat":[125,89],"product_tag":[],"class_list":{"0":"post-4064","1":"product","2":"type-product","3":"status-publish","4":"has-post-thumbnail","6":"product_cat-bebidas-de-malta-y-cervezas","7":"product_cat-bebidas","9":"first","10":"outofstock","11":"taxable","12":"shipping-taxable","13":"purchasable","14":"product-type-simple"},"yoast_head":"<!-- This site is optimized with the Yoast SEO plugin v22.3 - https:\/\/yoast.com\/wordpress\/plugins\/seo\/ -->\n<title>Pony Malta (330ml) | La Vega<\/title>\n<meta name=\"description\" content=\"\u00a1Pony Malta es una bebida de malta sin alcohol de alta energ\u00eda producida en Colombia desde 1956! \u00a1Se sirve fr\u00edo!\" \/>\n<meta name=\"robots\" content=\"index, follow, max-snippet:-1, max-image-preview:large, max-video-preview:-1\" \/>\n<link rel=\"canonical\" href=\"https:\/\/lavega.gr\/es\/producto\/pony-malta-330ml\/\" \/>\n<meta property=\"og:locale\" content=\"es_ES\" \/>\n<meta property=\"og:type\" content=\"article\" \/>\n<meta property=\"og:title\" content=\"Pony Malta (330ml) | La Vega\" \/>\n<meta property=\"og:description\" content=\"\u00a1Pony Malta es una bebida de malta sin alcohol de alta energ\u00eda producida en Colombia desde 1956! \u00a1Se sirve fr\u00edo!\" \/>\n<meta property=\"og:url\" content=\"https:\/\/lavega.gr\/es\/producto\/pony-malta-330ml\/\" \/>\n<meta property=\"og:site_name\" content=\"La Vega\" \/>\n<meta property=\"article:modified_time\" content=\"2026-01-28T19:38:09+00:00\" \/>\n<meta property=\"og:image\" content=\"https:\/\/lavega.gr\/wp-content\/uploads\/2022\/12\/Pony-Malta-Botella-330ml_2.png\" \/>\n\t<meta property=\"og:image:width\" content=\"1000\" \/>\n\t<meta property=\"og:image:height\" content=\"1000\" \/>\n\t<meta property=\"og:image:type\" content=\"image\/png\" \/>\n<meta name=\"twitter:card\" content=\"summary_large_image\" \/>\n<script type=\"application\/ld+json\" class=\"yoast-schema-graph\">{\"@context\":\"https:\/\/schema.org\",\"@graph\":[{\"@type\":\"WebPage\",\"@id\":\"https:\/\/lavega.gr\/es\/producto\/pony-malta-330ml\/\",\"url\":\"https:\/\/lavega.gr\/es\/producto\/pony-malta-330ml\/\",\"name\":\"Pony Malta (330ml) | La Vega\",\"isPartOf\":{\"@id\":\"https:\/\/lavega.gr\/#website\"},\"primaryImageOfPage\":{\"@id\":\"https:\/\/lavega.gr\/es\/producto\/pony-malta-330ml\/#primaryimage\"},\"image\":{\"@id\":\"https:\/\/lavega.gr\/es\/producto\/pony-malta-330ml\/#primaryimage\"},\"thumbnailUrl\":\"https:\/\/lavega.gr\/wp-content\/uploads\/2022\/12\/Pony-Malta-Botella-330ml_2.png\",\"datePublished\":\"2022-12-21T10:44:23+00:00\",\"dateModified\":\"2026-01-28T19:38:09+00:00\",\"description\":\"\u00a1Pony Malta es una bebida de malta sin alcohol de alta energ\u00eda producida en Colombia desde 1956! \u00a1Se sirve fr\u00edo!\",\"breadcrumb\":{\"@id\":\"https:\/\/lavega.gr\/es\/producto\/pony-malta-330ml\/#breadcrumb\"},\"inLanguage\":\"es\",\"potentialAction\":[{\"@type\":\"ReadAction\",\"target\":[\"https:\/\/lavega.gr\/es\/producto\/pony-malta-330ml\/\"]}]},{\"@type\":\"ImageObject\",\"inLanguage\":\"es\",\"@id\":\"https:\/\/lavega.gr\/es\/producto\/pony-malta-330ml\/#primaryimage\",\"url\":\"https:\/\/lavega.gr\/wp-content\/uploads\/2022\/12\/Pony-Malta-Botella-330ml_2.png\",\"contentUrl\":\"https:\/\/lavega.gr\/wp-content\/uploads\/2022\/12\/Pony-Malta-Botella-330ml_2.png\",\"width\":1000,\"height\":1000},{\"@type\":\"BreadcrumbList\",\"@id\":\"https:\/\/lavega.gr\/es\/producto\/pony-malta-330ml\/#breadcrumb\",\"itemListElement\":[{\"@type\":\"ListItem\",\"position\":1,\"name\":\"Home\",\"item\":\"https:\/\/lavega.gr\/es\/\"},{\"@type\":\"ListItem\",\"position\":2,\"name\":\"Productos\",\"item\":\"https:\/\/lavega.gr\/es\/tienda\/\"},{\"@type\":\"ListItem\",\"position\":3,\"name\":\"Pony Malta (330ml)\"}]},{\"@type\":\"WebSite\",\"@id\":\"https:\/\/lavega.gr\/#website\",\"url\":\"https:\/\/lavega.gr\/\",\"name\":\"La Vega\",\"description\":\"Productos Latinos\",\"potentialAction\":[{\"@type\":\"SearchAction\",\"target\":{\"@type\":\"EntryPoint\",\"urlTemplate\":\"https:\/\/lavega.gr\/?s={search_term_string}\"},\"query-input\":\"required name=search_term_string\"}],\"inLanguage\":\"es\"}]}<\/script>\n<!-- \/ Yoast SEO plugin. -->","yoast_head_json":{"title":"Pony Malta (330ml) | La Vega","description":"\u00a1Pony Malta es una bebida de malta sin alcohol de alta energ\u00eda producida en Colombia desde 1956! \u00a1Se sirve fr\u00edo!","robots":{"index":"index","follow":"follow","max-snippet":"max-snippet:-1","max-image-preview":"max-image-preview:large","max-video-preview":"max-video-preview:-1"},"canonical":"https:\/\/lavega.gr\/es\/producto\/pony-malta-330ml\/","og_locale":"es_ES","og_type":"article","og_title":"Pony Malta (330ml) | La Vega","og_description":"\u00a1Pony Malta es una bebida de malta sin alcohol de alta energ\u00eda producida en Colombia desde 1956! \u00a1Se sirve fr\u00edo!","og_url":"https:\/\/lavega.gr\/es\/producto\/pony-malta-330ml\/","og_site_name":"La Vega","article_modified_time":"2026-01-28T19:38:09+00:00","og_image":[{"width":1000,"height":1000,"url":"https:\/\/lavega.gr\/wp-content\/uploads\/2022\/12\/Pony-Malta-Botella-330ml_2.png","type":"image\/png"}],"twitter_card":"summary_large_image","schema":{"@context":"https:\/\/schema.org","@graph":[{"@type":"WebPage","@id":"https:\/\/lavega.gr\/es\/producto\/pony-malta-330ml\/","url":"https:\/\/lavega.gr\/es\/producto\/pony-malta-330ml\/","name":"Pony Malta (330ml) | La Vega","isPartOf":{"@id":"https:\/\/lavega.gr\/#website"},"primaryImageOfPage":{"@id":"https:\/\/lavega.gr\/es\/producto\/pony-malta-330ml\/#primaryimage"},"image":{"@id":"https:\/\/lavega.gr\/es\/producto\/pony-malta-330ml\/#primaryimage"},"thumbnailUrl":"https:\/\/lavega.gr\/wp-content\/uploads\/2022\/12\/Pony-Malta-Botella-330ml_2.png","datePublished":"2022-12-21T10:44:23+00:00","dateModified":"2026-01-28T19:38:09+00:00","description":"\u00a1Pony Malta es una bebida de malta sin alcohol de alta energ\u00eda producida en Colombia desde 1956! \u00a1Se sirve fr\u00edo!","breadcrumb":{"@id":"https:\/\/lavega.gr\/es\/producto\/pony-malta-330ml\/#breadcrumb"},"inLanguage":"es","potentialAction":[{"@type":"ReadAction","target":["https:\/\/lavega.gr\/es\/producto\/pony-malta-330ml\/"]}]},{"@type":"ImageObject","inLanguage":"es","@id":"https:\/\/lavega.gr\/es\/producto\/pony-malta-330ml\/#primaryimage","url":"https:\/\/lavega.gr\/wp-content\/uploads\/2022\/12\/Pony-Malta-Botella-330ml_2.png","contentUrl":"https:\/\/lavega.gr\/wp-content\/uploads\/2022\/12\/Pony-Malta-Botella-330ml_2.png","width":1000,"height":1000},{"@type":"BreadcrumbList","@id":"https:\/\/lavega.gr\/es\/producto\/pony-malta-330ml\/#breadcrumb","itemListElement":[{"@type":"ListItem","position":1,"name":"Home","item":"https:\/\/lavega.gr\/es\/"},{"@type":"ListItem","position":2,"name":"Productos","item":"https:\/\/lavega.gr\/es\/tienda\/"},{"@type":"ListItem","position":3,"name":"Pony Malta (330ml)"}]},{"@type":"WebSite","@id":"https:\/\/lavega.gr\/#website","url":"https:\/\/lavega.gr\/","name":"La Vega","description":"Productos Latinos","potentialAction":[{"@type":"SearchAction","target":{"@type":"EntryPoint","urlTemplate":"https:\/\/lavega.gr\/?s={search_term_string}"},"query-input":"required name=search_term_string"}],"inLanguage":"es"}]}},"_links":{"self":[{"href":"https:\/\/lavega.gr\/es\/wp-json\/wp\/v2\/product\/4064","targetHints":{"allow":["GET"]}}],"collection":[{"href":"https:\/\/lavega.gr\/es\/wp-json\/wp\/v2\/product"}],"about":[{"href":"https:\/\/lavega.gr\/es\/wp-json\/wp\/v2\/types\/product"}],"wp:featuredmedia":[{"embeddable":true,"href":"https:\/\/lavega.gr\/es\/wp-json\/wp\/v2\/media\/4298"}],"wp:attachment":[{"href":"https:\/\/lavega.gr\/es\/wp-json\/wp\/v2\/media?parent=4064"}],"wp:term":[{"taxonomy":"product_cat","embeddable":true,"href":"https:\/\/lavega.gr\/es\/wp-json\/wp\/v2\/product_cat?post=4064"},{"taxonomy":"product_tag","embeddable":true,"href":"https:\/\/lavega.gr\/es\/wp-json\/wp\/v2\/product_tag?post=4064"}],"curies":[{"name":"wp","href":"https:\/\/api.w.org\/{rel}","templated":true}]}}