{"id":4061,"date":"2022-12-21T13:13:26","date_gmt":"2022-12-21T11:13:26","guid":{"rendered":"https:\/\/lavega.gr\/product\/panela-454g\/"},"modified":"2026-03-16T00:04:41","modified_gmt":"2026-03-15T22:04:41","slug":"panela-908g","status":"publish","type":"product","link":"https:\/\/lavega.gr\/es\/producto\/panela-908g\/","title":{"rendered":"Melaza de Az\u00facar Morena &#8216;Panela&#8217; (454g)"},"content":{"rendered":"<p>\u00a1La Panela es un tipo de az\u00facar, extra\u00eddo directamente de la ca\u00f1a de az\u00facar! \u00a1Jugo espeso, como sirope!<\/p>\n<p>Es un endulzante 100% natural, hecho a mano y, por supuesto, sin refinar ni blanquear para conservar al m\u00e1ximo sus propiedades!<\/p>\n<p>Su forma s\u00f3lida proviene de hervir y evaporar el jugo de ca\u00f1a de az\u00facar para formar una melaza A medida que se enfr\u00eda y se seca, se solidifica \u00a1Es un proceso higi\u00e9nico y libre de qu\u00edmicos!<\/p>\n<p>\u00a1Es el az\u00facar tradicional de Am\u00e9rica Latina, donde los locales lo usan para hacer limonada casera para dar la bienvenida a los invitados!<\/p>\n<p>\u00a1Ideal para preparar deliciosos y sabrosos c\u00f3cteles!<\/p>\n<p>\u00a1Es un producto org\u00e1nico!<\/p>\n<p><em><strong>Ingredientes<\/strong><\/em>: 100% jugo de ca\u00f1a de az\u00facar<\/p>\n<p>Por 100 gramos<\/p>\n<p>Valor energ\u00e9tico: 268kcal<br \/>\nGrasa: 0g<br \/>\nCarbohidratos: 72g de los cuales az\u00facares son 72g<br \/>\nProte\u00ednas: 0g<br \/>\nSal: 0g<\/p>\n<p>Pa\u00eds de origen: Colombia<br \/>\nPeso neto: 454g<\/p>\n","protected":false},"excerpt":{"rendered":"<p>\u00a1La Panela es un tipo de az\u00facar, extra\u00eddo directamente de la ca\u00f1a de az\u00facar! \u00a1Jugo espeso, como sirope! Es un endulzante 100% natural, hecho a mano y, por supuesto, sin refinar ni blanquear para conservar al m\u00e1ximo sus propiedades! Su forma s\u00f3lida proviene de hervir y evaporar el jugo de ca\u00f1a de az\u00facar para formar&#8230;<\/p>\n","protected":false},"featured_media":3456,"template":"","meta":[],"product_cat":[127,88],"product_tag":[],"class_list":{"0":"post-4061","1":"product","2":"type-product","3":"status-publish","4":"has-post-thumbnail","6":"product_cat-dulces-mermeladas","7":"product_cat-alimentos","9":"first","10":"instock","11":"taxable","12":"shipping-taxable","13":"purchasable","14":"product-type-simple"},"yoast_head":"<!-- This site is optimized with the Yoast SEO plugin v22.3 - https:\/\/yoast.com\/wordpress\/plugins\/seo\/ -->\n<title>Melaza de Az\u00facar Morena &#039;Panela&#039; (454g) | La Vega<\/title>\n<meta name=\"description\" content=\"\u00a1La Panela es un tipo de az\u00facar, extra\u00eddo directamente de la ca\u00f1a de az\u00facar! Es un endulzante 100% natural, hecho a mano y, por supuesto, sin refinar ni blanquear para conservar al m\u00e1ximo sus propiedades!\" \/>\n<meta name=\"robots\" content=\"index, follow, max-snippet:-1, max-image-preview:large, max-video-preview:-1\" \/>\n<link rel=\"canonical\" href=\"https:\/\/lavega.gr\/producto\/panela-908g\/\" \/>\n<meta property=\"og:locale\" content=\"es_ES\" \/>\n<meta property=\"og:type\" content=\"article\" \/>\n<meta property=\"og:title\" content=\"Melaza de Az\u00facar Morena &#039;Panela&#039; (454g) | La Vega\" \/>\n<meta property=\"og:description\" content=\"\u00a1La Panela es un tipo de az\u00facar, extra\u00eddo directamente de la ca\u00f1a de az\u00facar! Es un endulzante 100% natural, hecho a mano y, por supuesto, sin refinar ni blanquear para conservar al m\u00e1ximo sus propiedades!\" \/>\n<meta property=\"og:url\" content=\"https:\/\/lavega.gr\/producto\/panela-908g\/\" \/>\n<meta property=\"og:site_name\" content=\"La Vega\" \/>\n<meta property=\"article:modified_time\" content=\"2026-03-15T22:04:41+00:00\" \/>\n<meta property=\"og:image\" content=\"https:\/\/lavega.gr\/wp-content\/uploads\/2022\/12\/panela-redonda-454gr.png\" \/>\n\t<meta property=\"og:image:width\" content=\"1000\" \/>\n\t<meta property=\"og:image:height\" content=\"1000\" \/>\n\t<meta property=\"og:image:type\" content=\"image\/png\" \/>\n<meta name=\"twitter:card\" content=\"summary_large_image\" \/>\n<meta name=\"twitter:label1\" content=\"Tiempo de lectura\" \/>\n\t<meta name=\"twitter:data1\" content=\"1 minuto\" \/>\n<script type=\"application\/ld+json\" class=\"yoast-schema-graph\">{\"@context\":\"https:\/\/schema.org\",\"@graph\":[{\"@type\":\"WebPage\",\"@id\":\"https:\/\/lavega.gr\/producto\/panela-908g\/\",\"url\":\"https:\/\/lavega.gr\/producto\/panela-908g\/\",\"name\":\"Melaza de Az\u00facar Morena 'Panela' (454g) | La Vega\",\"isPartOf\":{\"@id\":\"https:\/\/lavega.gr\/#website\"},\"primaryImageOfPage\":{\"@id\":\"https:\/\/lavega.gr\/producto\/panela-908g\/#primaryimage\"},\"image\":{\"@id\":\"https:\/\/lavega.gr\/producto\/panela-908g\/#primaryimage\"},\"thumbnailUrl\":\"https:\/\/lavega.gr\/wp-content\/uploads\/2022\/12\/panela-redonda-454gr.png\",\"datePublished\":\"2022-12-21T11:13:26+00:00\",\"dateModified\":\"2026-03-15T22:04:41+00:00\",\"description\":\"\u00a1La Panela es un tipo de az\u00facar, extra\u00eddo directamente de la ca\u00f1a de az\u00facar! Es un endulzante 100% natural, hecho a mano y, por supuesto, sin refinar ni blanquear para conservar al m\u00e1ximo sus propiedades!\",\"breadcrumb\":{\"@id\":\"https:\/\/lavega.gr\/producto\/panela-908g\/#breadcrumb\"},\"inLanguage\":\"es\",\"potentialAction\":[{\"@type\":\"ReadAction\",\"target\":[\"https:\/\/lavega.gr\/producto\/panela-908g\/\"]}]},{\"@type\":\"ImageObject\",\"inLanguage\":\"es\",\"@id\":\"https:\/\/lavega.gr\/producto\/panela-908g\/#primaryimage\",\"url\":\"https:\/\/lavega.gr\/wp-content\/uploads\/2022\/12\/panela-redonda-454gr.png\",\"contentUrl\":\"https:\/\/lavega.gr\/wp-content\/uploads\/2022\/12\/panela-redonda-454gr.png\",\"width\":1000,\"height\":1000},{\"@type\":\"BreadcrumbList\",\"@id\":\"https:\/\/lavega.gr\/producto\/panela-908g\/#breadcrumb\",\"itemListElement\":[{\"@type\":\"ListItem\",\"position\":1,\"name\":\"Home\",\"item\":\"https:\/\/lavega.gr\/es\/\"},{\"@type\":\"ListItem\",\"position\":2,\"name\":\"Productos\",\"item\":\"https:\/\/lavega.gr\/es\/tienda\/\"},{\"@type\":\"ListItem\",\"position\":3,\"name\":\"Melaza de Az\u00facar Morena &#8216;Panela&#8217; (454g)\"}]},{\"@type\":\"WebSite\",\"@id\":\"https:\/\/lavega.gr\/#website\",\"url\":\"https:\/\/lavega.gr\/\",\"name\":\"La Vega\",\"description\":\"Productos Latinos\",\"potentialAction\":[{\"@type\":\"SearchAction\",\"target\":{\"@type\":\"EntryPoint\",\"urlTemplate\":\"https:\/\/lavega.gr\/?s={search_term_string}\"},\"query-input\":\"required name=search_term_string\"}],\"inLanguage\":\"es\"}]}<\/script>\n<!-- \/ Yoast SEO plugin. -->","yoast_head_json":{"title":"Melaza de Az\u00facar Morena 'Panela' (454g) | La Vega","description":"\u00a1La Panela es un tipo de az\u00facar, extra\u00eddo directamente de la ca\u00f1a de az\u00facar! Es un endulzante 100% natural, hecho a mano y, por supuesto, sin refinar ni blanquear para conservar al m\u00e1ximo sus propiedades!","robots":{"index":"index","follow":"follow","max-snippet":"max-snippet:-1","max-image-preview":"max-image-preview:large","max-video-preview":"max-video-preview:-1"},"canonical":"https:\/\/lavega.gr\/producto\/panela-908g\/","og_locale":"es_ES","og_type":"article","og_title":"Melaza de Az\u00facar Morena 'Panela' (454g) | La Vega","og_description":"\u00a1La Panela es un tipo de az\u00facar, extra\u00eddo directamente de la ca\u00f1a de az\u00facar! Es un endulzante 100% natural, hecho a mano y, por supuesto, sin refinar ni blanquear para conservar al m\u00e1ximo sus propiedades!","og_url":"https:\/\/lavega.gr\/producto\/panela-908g\/","og_site_name":"La Vega","article_modified_time":"2026-03-15T22:04:41+00:00","og_image":[{"width":1000,"height":1000,"url":"https:\/\/lavega.gr\/wp-content\/uploads\/2022\/12\/panela-redonda-454gr.png","type":"image\/png"}],"twitter_card":"summary_large_image","twitter_misc":{"Tiempo de lectura":"1 minuto"},"schema":{"@context":"https:\/\/schema.org","@graph":[{"@type":"WebPage","@id":"https:\/\/lavega.gr\/producto\/panela-908g\/","url":"https:\/\/lavega.gr\/producto\/panela-908g\/","name":"Melaza de Az\u00facar Morena 'Panela' (454g) | La Vega","isPartOf":{"@id":"https:\/\/lavega.gr\/#website"},"primaryImageOfPage":{"@id":"https:\/\/lavega.gr\/producto\/panela-908g\/#primaryimage"},"image":{"@id":"https:\/\/lavega.gr\/producto\/panela-908g\/#primaryimage"},"thumbnailUrl":"https:\/\/lavega.gr\/wp-content\/uploads\/2022\/12\/panela-redonda-454gr.png","datePublished":"2022-12-21T11:13:26+00:00","dateModified":"2026-03-15T22:04:41+00:00","description":"\u00a1La Panela es un tipo de az\u00facar, extra\u00eddo directamente de la ca\u00f1a de az\u00facar! Es un endulzante 100% natural, hecho a mano y, por supuesto, sin refinar ni blanquear para conservar al m\u00e1ximo sus propiedades!","breadcrumb":{"@id":"https:\/\/lavega.gr\/producto\/panela-908g\/#breadcrumb"},"inLanguage":"es","potentialAction":[{"@type":"ReadAction","target":["https:\/\/lavega.gr\/producto\/panela-908g\/"]}]},{"@type":"ImageObject","inLanguage":"es","@id":"https:\/\/lavega.gr\/producto\/panela-908g\/#primaryimage","url":"https:\/\/lavega.gr\/wp-content\/uploads\/2022\/12\/panela-redonda-454gr.png","contentUrl":"https:\/\/lavega.gr\/wp-content\/uploads\/2022\/12\/panela-redonda-454gr.png","width":1000,"height":1000},{"@type":"BreadcrumbList","@id":"https:\/\/lavega.gr\/producto\/panela-908g\/#breadcrumb","itemListElement":[{"@type":"ListItem","position":1,"name":"Home","item":"https:\/\/lavega.gr\/es\/"},{"@type":"ListItem","position":2,"name":"Productos","item":"https:\/\/lavega.gr\/es\/tienda\/"},{"@type":"ListItem","position":3,"name":"Melaza de Az\u00facar Morena &#8216;Panela&#8217; (454g)"}]},{"@type":"WebSite","@id":"https:\/\/lavega.gr\/#website","url":"https:\/\/lavega.gr\/","name":"La Vega","description":"Productos Latinos","potentialAction":[{"@type":"SearchAction","target":{"@type":"EntryPoint","urlTemplate":"https:\/\/lavega.gr\/?s={search_term_string}"},"query-input":"required name=search_term_string"}],"inLanguage":"es"}]}},"_links":{"self":[{"href":"https:\/\/lavega.gr\/es\/wp-json\/wp\/v2\/product\/4061","targetHints":{"allow":["GET"]}}],"collection":[{"href":"https:\/\/lavega.gr\/es\/wp-json\/wp\/v2\/product"}],"about":[{"href":"https:\/\/lavega.gr\/es\/wp-json\/wp\/v2\/types\/product"}],"wp:featuredmedia":[{"embeddable":true,"href":"https:\/\/lavega.gr\/es\/wp-json\/wp\/v2\/media\/3456"}],"wp:attachment":[{"href":"https:\/\/lavega.gr\/es\/wp-json\/wp\/v2\/media?parent=4061"}],"wp:term":[{"taxonomy":"product_cat","embeddable":true,"href":"https:\/\/lavega.gr\/es\/wp-json\/wp\/v2\/product_cat?post=4061"},{"taxonomy":"product_tag","embeddable":true,"href":"https:\/\/lavega.gr\/es\/wp-json\/wp\/v2\/product_tag?post=4061"}],"curies":[{"name":"wp","href":"https:\/\/api.w.org\/{rel}","templated":true}]}}