{"id":4060,"date":"2022-12-21T13:59:14","date_gmt":"2022-12-21T11:59:14","guid":{"rendered":"https:\/\/lavega.gr\/product\/achiote-en-grano-50g\/"},"modified":"2025-04-16T12:00:59","modified_gmt":"2025-04-16T10:00:59","slug":"achiote-en-grano-50g","status":"publish","type":"product","link":"https:\/\/lavega.gr\/es\/producto\/achiote-en-grano-50g\/","title":{"rendered":"Achiote en Grano (50g)"},"content":{"rendered":"<p>El popular Achiote en Grano parecido a los granos de paprica, es un condimento rojo-naranja, \u00a1con un aroma \u00fanico!<\/p>\n<p>Su aroma se describe como &#8220;ligeramente picante con un toque de nuez moscada&#8221; y su sabor como &#8220;ligeramente a nuez, dulce y picante&#8221;!<\/p>\n<p>\u00a1Viene de un arbusto llamado &#8220;aciote&#8221; en Am\u00e9rica Latina! Desde la antig\u00fcedad, los aztecas lo usaban en su alimentaci\u00f3n y tambi\u00e9n para te\u00f1ir telas . \u00a1Los mayas lo usaban como especia y tambi\u00e9n para colorear en sus diversas costumbres!<\/p>\n","protected":false},"excerpt":{"rendered":"<p>El popular Achiote en Grano parecido a los granos de paprica, es un condimento rojo-naranja, \u00a1con un aroma \u00fanico! Su aroma se describe como &#8220;ligeramente picante con un toque de nuez moscada&#8221; y su sabor como &#8220;ligeramente a nuez, dulce y picante&#8221;! \u00a1Viene de un arbusto llamado &#8220;aciote&#8221; en Am\u00e9rica Latina! Desde la antig\u00fcedad, los&#8230;<\/p>\n","protected":false},"featured_media":3457,"template":"","meta":[],"product_cat":[88,130,129],"product_tag":[],"class_list":{"0":"post-4060","1":"product","2":"type-product","3":"status-publish","4":"has-post-thumbnail","6":"product_cat-ingredientes-autenticos","7":"product_cat-especias-salsas","8":"product_cat-granos-y-acompanantes","10":"first","11":"outofstock","12":"taxable","13":"shipping-taxable","14":"purchasable","15":"product-type-simple"},"yoast_head":"<!-- This site is optimized with the Yoast SEO plugin v22.3 - https:\/\/yoast.com\/wordpress\/plugins\/seo\/ -->\n<title>Achiote en Grano (50g) | La Vega<\/title>\n<meta name=\"description\" content=\"El popular Achiote en Grano parecido a los granos de paprica, es un condimento rojo-naranja, \u00a1con un aroma \u00fanico!\" \/>\n<meta name=\"robots\" content=\"index, follow, max-snippet:-1, max-image-preview:large, max-video-preview:-1\" \/>\n<link rel=\"canonical\" href=\"https:\/\/lavega.gr\/es\/producto\/achiote-en-grano-50g\/\" \/>\n<meta property=\"og:locale\" content=\"es_ES\" \/>\n<meta property=\"og:type\" content=\"article\" \/>\n<meta property=\"og:title\" content=\"Achiote en Grano (50g) | La Vega\" \/>\n<meta property=\"og:description\" content=\"El popular Achiote en Grano parecido a los granos de paprica, es un condimento rojo-naranja, \u00a1con un aroma \u00fanico!\" \/>\n<meta property=\"og:url\" content=\"https:\/\/lavega.gr\/es\/producto\/achiote-en-grano-50g\/\" \/>\n<meta property=\"og:site_name\" content=\"La Vega\" \/>\n<meta property=\"article:modified_time\" content=\"2025-04-16T10:00:59+00:00\" \/>\n<meta property=\"og:image\" content=\"https:\/\/lavega.gr\/wp-content\/uploads\/2022\/12\/achiote-en-grano-50gr.png\" \/>\n\t<meta property=\"og:image:width\" content=\"1000\" \/>\n\t<meta property=\"og:image:height\" content=\"1000\" \/>\n\t<meta property=\"og:image:type\" content=\"image\/png\" \/>\n<meta name=\"twitter:card\" content=\"summary_large_image\" \/>\n<script type=\"application\/ld+json\" class=\"yoast-schema-graph\">{\"@context\":\"https:\/\/schema.org\",\"@graph\":[{\"@type\":\"WebPage\",\"@id\":\"https:\/\/lavega.gr\/es\/producto\/achiote-en-grano-50g\/\",\"url\":\"https:\/\/lavega.gr\/es\/producto\/achiote-en-grano-50g\/\",\"name\":\"Achiote en Grano (50g) | La Vega\",\"isPartOf\":{\"@id\":\"https:\/\/lavega.gr\/#website\"},\"primaryImageOfPage\":{\"@id\":\"https:\/\/lavega.gr\/es\/producto\/achiote-en-grano-50g\/#primaryimage\"},\"image\":{\"@id\":\"https:\/\/lavega.gr\/es\/producto\/achiote-en-grano-50g\/#primaryimage\"},\"thumbnailUrl\":\"https:\/\/lavega.gr\/wp-content\/uploads\/2022\/12\/achiote-en-grano-50gr.png\",\"datePublished\":\"2022-12-21T11:59:14+00:00\",\"dateModified\":\"2025-04-16T10:00:59+00:00\",\"description\":\"El popular Achiote en Grano parecido a los granos de paprica, es un condimento rojo-naranja, \u00a1con un aroma \u00fanico!\",\"breadcrumb\":{\"@id\":\"https:\/\/lavega.gr\/es\/producto\/achiote-en-grano-50g\/#breadcrumb\"},\"inLanguage\":\"es\",\"potentialAction\":[{\"@type\":\"ReadAction\",\"target\":[\"https:\/\/lavega.gr\/es\/producto\/achiote-en-grano-50g\/\"]}]},{\"@type\":\"ImageObject\",\"inLanguage\":\"es\",\"@id\":\"https:\/\/lavega.gr\/es\/producto\/achiote-en-grano-50g\/#primaryimage\",\"url\":\"https:\/\/lavega.gr\/wp-content\/uploads\/2022\/12\/achiote-en-grano-50gr.png\",\"contentUrl\":\"https:\/\/lavega.gr\/wp-content\/uploads\/2022\/12\/achiote-en-grano-50gr.png\",\"width\":1000,\"height\":1000},{\"@type\":\"BreadcrumbList\",\"@id\":\"https:\/\/lavega.gr\/es\/producto\/achiote-en-grano-50g\/#breadcrumb\",\"itemListElement\":[{\"@type\":\"ListItem\",\"position\":1,\"name\":\"Home\",\"item\":\"https:\/\/lavega.gr\/es\/\"},{\"@type\":\"ListItem\",\"position\":2,\"name\":\"Productos\",\"item\":\"https:\/\/lavega.gr\/es\/tienda\/\"},{\"@type\":\"ListItem\",\"position\":3,\"name\":\"Achiote en Grano (50g)\"}]},{\"@type\":\"WebSite\",\"@id\":\"https:\/\/lavega.gr\/#website\",\"url\":\"https:\/\/lavega.gr\/\",\"name\":\"La Vega\",\"description\":\"Productos Latinos\",\"potentialAction\":[{\"@type\":\"SearchAction\",\"target\":{\"@type\":\"EntryPoint\",\"urlTemplate\":\"https:\/\/lavega.gr\/?s={search_term_string}\"},\"query-input\":\"required name=search_term_string\"}],\"inLanguage\":\"es\"}]}<\/script>\n<!-- \/ Yoast SEO plugin. -->","yoast_head_json":{"title":"Achiote en Grano (50g) | La Vega","description":"El popular Achiote en Grano parecido a los granos de paprica, es un condimento rojo-naranja, \u00a1con un aroma \u00fanico!","robots":{"index":"index","follow":"follow","max-snippet":"max-snippet:-1","max-image-preview":"max-image-preview:large","max-video-preview":"max-video-preview:-1"},"canonical":"https:\/\/lavega.gr\/es\/producto\/achiote-en-grano-50g\/","og_locale":"es_ES","og_type":"article","og_title":"Achiote en Grano (50g) | La Vega","og_description":"El popular Achiote en Grano parecido a los granos de paprica, es un condimento rojo-naranja, \u00a1con un aroma \u00fanico!","og_url":"https:\/\/lavega.gr\/es\/producto\/achiote-en-grano-50g\/","og_site_name":"La Vega","article_modified_time":"2025-04-16T10:00:59+00:00","og_image":[{"width":1000,"height":1000,"url":"https:\/\/lavega.gr\/wp-content\/uploads\/2022\/12\/achiote-en-grano-50gr.png","type":"image\/png"}],"twitter_card":"summary_large_image","schema":{"@context":"https:\/\/schema.org","@graph":[{"@type":"WebPage","@id":"https:\/\/lavega.gr\/es\/producto\/achiote-en-grano-50g\/","url":"https:\/\/lavega.gr\/es\/producto\/achiote-en-grano-50g\/","name":"Achiote en Grano (50g) | La Vega","isPartOf":{"@id":"https:\/\/lavega.gr\/#website"},"primaryImageOfPage":{"@id":"https:\/\/lavega.gr\/es\/producto\/achiote-en-grano-50g\/#primaryimage"},"image":{"@id":"https:\/\/lavega.gr\/es\/producto\/achiote-en-grano-50g\/#primaryimage"},"thumbnailUrl":"https:\/\/lavega.gr\/wp-content\/uploads\/2022\/12\/achiote-en-grano-50gr.png","datePublished":"2022-12-21T11:59:14+00:00","dateModified":"2025-04-16T10:00:59+00:00","description":"El popular Achiote en Grano parecido a los granos de paprica, es un condimento rojo-naranja, \u00a1con un aroma \u00fanico!","breadcrumb":{"@id":"https:\/\/lavega.gr\/es\/producto\/achiote-en-grano-50g\/#breadcrumb"},"inLanguage":"es","potentialAction":[{"@type":"ReadAction","target":["https:\/\/lavega.gr\/es\/producto\/achiote-en-grano-50g\/"]}]},{"@type":"ImageObject","inLanguage":"es","@id":"https:\/\/lavega.gr\/es\/producto\/achiote-en-grano-50g\/#primaryimage","url":"https:\/\/lavega.gr\/wp-content\/uploads\/2022\/12\/achiote-en-grano-50gr.png","contentUrl":"https:\/\/lavega.gr\/wp-content\/uploads\/2022\/12\/achiote-en-grano-50gr.png","width":1000,"height":1000},{"@type":"BreadcrumbList","@id":"https:\/\/lavega.gr\/es\/producto\/achiote-en-grano-50g\/#breadcrumb","itemListElement":[{"@type":"ListItem","position":1,"name":"Home","item":"https:\/\/lavega.gr\/es\/"},{"@type":"ListItem","position":2,"name":"Productos","item":"https:\/\/lavega.gr\/es\/tienda\/"},{"@type":"ListItem","position":3,"name":"Achiote en Grano (50g)"}]},{"@type":"WebSite","@id":"https:\/\/lavega.gr\/#website","url":"https:\/\/lavega.gr\/","name":"La Vega","description":"Productos Latinos","potentialAction":[{"@type":"SearchAction","target":{"@type":"EntryPoint","urlTemplate":"https:\/\/lavega.gr\/?s={search_term_string}"},"query-input":"required name=search_term_string"}],"inLanguage":"es"}]}},"_links":{"self":[{"href":"https:\/\/lavega.gr\/es\/wp-json\/wp\/v2\/product\/4060","targetHints":{"allow":["GET"]}}],"collection":[{"href":"https:\/\/lavega.gr\/es\/wp-json\/wp\/v2\/product"}],"about":[{"href":"https:\/\/lavega.gr\/es\/wp-json\/wp\/v2\/types\/product"}],"wp:featuredmedia":[{"embeddable":true,"href":"https:\/\/lavega.gr\/es\/wp-json\/wp\/v2\/media\/3457"}],"wp:attachment":[{"href":"https:\/\/lavega.gr\/es\/wp-json\/wp\/v2\/media?parent=4060"}],"wp:term":[{"taxonomy":"product_cat","embeddable":true,"href":"https:\/\/lavega.gr\/es\/wp-json\/wp\/v2\/product_cat?post=4060"},{"taxonomy":"product_tag","embeddable":true,"href":"https:\/\/lavega.gr\/es\/wp-json\/wp\/v2\/product_tag?post=4060"}],"curies":[{"name":"wp","href":"https:\/\/api.w.org\/{rel}","templated":true}]}}