{"id":4059,"date":"2022-12-21T14:16:32","date_gmt":"2022-12-21T12:16:32","guid":{"rendered":"https:\/\/lavega.gr\/product\/galletas-club-social-234g\/"},"modified":"2026-04-01T00:53:31","modified_gmt":"2026-03-31T22:53:31","slug":"galletas-club-social-234g","status":"publish","type":"product","link":"https:\/\/lavega.gr\/es\/producto\/galletas-club-social-234g\/","title":{"rendered":"Galletas &#8216;Club Social&#8217; (144 g)"},"content":{"rendered":"<p>6 piezas | 144 gr.<\/p>\n<p>Las famosas galletas Galletas Club Social de Venezuela, con un sabor original, \u00a1crujientes en cada bocado!<\/p>\n<p>\u00a1Perfecto para el desayuno, en el trabajo o cuando quieres algo rico y r\u00e1pido!<\/p>\n<p><em><strong>Ingredientes<\/strong><\/em>: Harina de trigo, az\u00facar, aceite de palma, sirope de az\u00facar, gluten, soja<\/p>\n<p>Por 100 gramos<\/p>\n<p>Valor energ\u00e9tico: 458 kcal<br \/>\nGrasas: 17 g<br \/>\nHidratos de carbono: 71 g<br \/>\nAz\u00facares: 8 g<br \/>\nProte\u00ednas: 8 g<br \/>\nSal: 0,17 g<\/p>\n<p>Pa\u00eds de origen: Colombia<br \/>\nPeso neto: 144 g<\/p>\n","protected":false},"excerpt":{"rendered":"<p>6 piezas | 144 gr. Las famosas galletas Galletas Club Social de Venezuela, con un sabor original, \u00a1crujientes en cada bocado! \u00a1Perfecto para el desayuno, en el trabajo o cuando quieres algo rico y r\u00e1pido! Ingredientes: Harina de trigo, az\u00facar, aceite de palma, sirope de az\u00facar, gluten, soja Por 100 gramos Valor energ\u00e9tico: 458 kcal&#8230;<\/p>\n","protected":false},"featured_media":3458,"template":"","meta":[],"product_cat":[131,88],"product_tag":[],"class_list":{"0":"post-4059","1":"product","2":"type-product","3":"status-publish","4":"has-post-thumbnail","6":"product_cat-snacks-productos-salados","7":"product_cat-alimentos","9":"first","10":"instock","11":"taxable","12":"shipping-taxable","13":"purchasable","14":"product-type-simple"},"yoast_head":"<!-- This site is optimized with the Yoast SEO plugin v22.3 - https:\/\/yoast.com\/wordpress\/plugins\/seo\/ -->\n<title>Galletas &#039;Club Social&#039; (144 g) | La Vega<\/title>\n<meta name=\"robots\" content=\"index, follow, max-snippet:-1, max-image-preview:large, max-video-preview:-1\" \/>\n<link rel=\"canonical\" href=\"https:\/\/lavega.gr\/es\/producto\/galletas-club-social-234g\/\" \/>\n<meta property=\"og:locale\" content=\"es_ES\" \/>\n<meta property=\"og:type\" content=\"article\" \/>\n<meta property=\"og:title\" content=\"Galletas &#039;Club Social&#039; (144 g) | La Vega\" \/>\n<meta property=\"og:description\" content=\"6 piezas | 144 gr. Las famosas galletas Galletas Club Social de Venezuela, con un sabor original, \u00a1crujientes en cada bocado! \u00a1Perfecto para el desayuno, en el trabajo o cuando quieres algo rico y r\u00e1pido! Ingredientes: Harina de trigo, az\u00facar, aceite de palma, sirope de az\u00facar, gluten, soja Por 100 gramos Valor energ\u00e9tico: 458 kcal...\" \/>\n<meta property=\"og:url\" content=\"https:\/\/lavega.gr\/es\/producto\/galletas-club-social-234g\/\" \/>\n<meta property=\"og:site_name\" content=\"La Vega\" \/>\n<meta property=\"article:modified_time\" content=\"2026-03-31T22:53:31+00:00\" \/>\n<meta property=\"og:image\" content=\"https:\/\/lavega.gr\/wp-content\/uploads\/2022\/12\/galletas-club-social-234gr.png\" \/>\n\t<meta property=\"og:image:width\" content=\"1000\" \/>\n\t<meta property=\"og:image:height\" content=\"1000\" \/>\n\t<meta property=\"og:image:type\" content=\"image\/png\" \/>\n<meta name=\"twitter:card\" content=\"summary_large_image\" \/>\n<script type=\"application\/ld+json\" class=\"yoast-schema-graph\">{\"@context\":\"https:\/\/schema.org\",\"@graph\":[{\"@type\":\"WebPage\",\"@id\":\"https:\/\/lavega.gr\/es\/producto\/galletas-club-social-234g\/\",\"url\":\"https:\/\/lavega.gr\/es\/producto\/galletas-club-social-234g\/\",\"name\":\"Galletas 'Club Social' (144 g) | La Vega\",\"isPartOf\":{\"@id\":\"https:\/\/lavega.gr\/#website\"},\"primaryImageOfPage\":{\"@id\":\"https:\/\/lavega.gr\/es\/producto\/galletas-club-social-234g\/#primaryimage\"},\"image\":{\"@id\":\"https:\/\/lavega.gr\/es\/producto\/galletas-club-social-234g\/#primaryimage\"},\"thumbnailUrl\":\"https:\/\/lavega.gr\/wp-content\/uploads\/2022\/12\/galletas-club-social-234gr.png\",\"datePublished\":\"2022-12-21T12:16:32+00:00\",\"dateModified\":\"2026-03-31T22:53:31+00:00\",\"breadcrumb\":{\"@id\":\"https:\/\/lavega.gr\/es\/producto\/galletas-club-social-234g\/#breadcrumb\"},\"inLanguage\":\"es\",\"potentialAction\":[{\"@type\":\"ReadAction\",\"target\":[\"https:\/\/lavega.gr\/es\/producto\/galletas-club-social-234g\/\"]}]},{\"@type\":\"ImageObject\",\"inLanguage\":\"es\",\"@id\":\"https:\/\/lavega.gr\/es\/producto\/galletas-club-social-234g\/#primaryimage\",\"url\":\"https:\/\/lavega.gr\/wp-content\/uploads\/2022\/12\/galletas-club-social-234gr.png\",\"contentUrl\":\"https:\/\/lavega.gr\/wp-content\/uploads\/2022\/12\/galletas-club-social-234gr.png\",\"width\":1000,\"height\":1000},{\"@type\":\"BreadcrumbList\",\"@id\":\"https:\/\/lavega.gr\/es\/producto\/galletas-club-social-234g\/#breadcrumb\",\"itemListElement\":[{\"@type\":\"ListItem\",\"position\":1,\"name\":\"Home\",\"item\":\"https:\/\/lavega.gr\/es\/\"},{\"@type\":\"ListItem\",\"position\":2,\"name\":\"Productos\",\"item\":\"https:\/\/lavega.gr\/es\/tienda\/\"},{\"@type\":\"ListItem\",\"position\":3,\"name\":\"Galletas &#8216;Club Social&#8217; (144 g)\"}]},{\"@type\":\"WebSite\",\"@id\":\"https:\/\/lavega.gr\/#website\",\"url\":\"https:\/\/lavega.gr\/\",\"name\":\"La Vega\",\"description\":\"Productos Latinos\",\"potentialAction\":[{\"@type\":\"SearchAction\",\"target\":{\"@type\":\"EntryPoint\",\"urlTemplate\":\"https:\/\/lavega.gr\/?s={search_term_string}\"},\"query-input\":\"required name=search_term_string\"}],\"inLanguage\":\"es\"}]}<\/script>\n<!-- \/ Yoast SEO plugin. -->","yoast_head_json":{"title":"Galletas 'Club Social' (144 g) | La Vega","robots":{"index":"index","follow":"follow","max-snippet":"max-snippet:-1","max-image-preview":"max-image-preview:large","max-video-preview":"max-video-preview:-1"},"canonical":"https:\/\/lavega.gr\/es\/producto\/galletas-club-social-234g\/","og_locale":"es_ES","og_type":"article","og_title":"Galletas 'Club Social' (144 g) | La Vega","og_description":"6 piezas | 144 gr. Las famosas galletas Galletas Club Social de Venezuela, con un sabor original, \u00a1crujientes en cada bocado! \u00a1Perfecto para el desayuno, en el trabajo o cuando quieres algo rico y r\u00e1pido! Ingredientes: Harina de trigo, az\u00facar, aceite de palma, sirope de az\u00facar, gluten, soja Por 100 gramos Valor energ\u00e9tico: 458 kcal...","og_url":"https:\/\/lavega.gr\/es\/producto\/galletas-club-social-234g\/","og_site_name":"La Vega","article_modified_time":"2026-03-31T22:53:31+00:00","og_image":[{"width":1000,"height":1000,"url":"https:\/\/lavega.gr\/wp-content\/uploads\/2022\/12\/galletas-club-social-234gr.png","type":"image\/png"}],"twitter_card":"summary_large_image","schema":{"@context":"https:\/\/schema.org","@graph":[{"@type":"WebPage","@id":"https:\/\/lavega.gr\/es\/producto\/galletas-club-social-234g\/","url":"https:\/\/lavega.gr\/es\/producto\/galletas-club-social-234g\/","name":"Galletas 'Club Social' (144 g) | La Vega","isPartOf":{"@id":"https:\/\/lavega.gr\/#website"},"primaryImageOfPage":{"@id":"https:\/\/lavega.gr\/es\/producto\/galletas-club-social-234g\/#primaryimage"},"image":{"@id":"https:\/\/lavega.gr\/es\/producto\/galletas-club-social-234g\/#primaryimage"},"thumbnailUrl":"https:\/\/lavega.gr\/wp-content\/uploads\/2022\/12\/galletas-club-social-234gr.png","datePublished":"2022-12-21T12:16:32+00:00","dateModified":"2026-03-31T22:53:31+00:00","breadcrumb":{"@id":"https:\/\/lavega.gr\/es\/producto\/galletas-club-social-234g\/#breadcrumb"},"inLanguage":"es","potentialAction":[{"@type":"ReadAction","target":["https:\/\/lavega.gr\/es\/producto\/galletas-club-social-234g\/"]}]},{"@type":"ImageObject","inLanguage":"es","@id":"https:\/\/lavega.gr\/es\/producto\/galletas-club-social-234g\/#primaryimage","url":"https:\/\/lavega.gr\/wp-content\/uploads\/2022\/12\/galletas-club-social-234gr.png","contentUrl":"https:\/\/lavega.gr\/wp-content\/uploads\/2022\/12\/galletas-club-social-234gr.png","width":1000,"height":1000},{"@type":"BreadcrumbList","@id":"https:\/\/lavega.gr\/es\/producto\/galletas-club-social-234g\/#breadcrumb","itemListElement":[{"@type":"ListItem","position":1,"name":"Home","item":"https:\/\/lavega.gr\/es\/"},{"@type":"ListItem","position":2,"name":"Productos","item":"https:\/\/lavega.gr\/es\/tienda\/"},{"@type":"ListItem","position":3,"name":"Galletas &#8216;Club Social&#8217; (144 g)"}]},{"@type":"WebSite","@id":"https:\/\/lavega.gr\/#website","url":"https:\/\/lavega.gr\/","name":"La Vega","description":"Productos Latinos","potentialAction":[{"@type":"SearchAction","target":{"@type":"EntryPoint","urlTemplate":"https:\/\/lavega.gr\/?s={search_term_string}"},"query-input":"required name=search_term_string"}],"inLanguage":"es"}]}},"_links":{"self":[{"href":"https:\/\/lavega.gr\/es\/wp-json\/wp\/v2\/product\/4059","targetHints":{"allow":["GET"]}}],"collection":[{"href":"https:\/\/lavega.gr\/es\/wp-json\/wp\/v2\/product"}],"about":[{"href":"https:\/\/lavega.gr\/es\/wp-json\/wp\/v2\/types\/product"}],"wp:featuredmedia":[{"embeddable":true,"href":"https:\/\/lavega.gr\/es\/wp-json\/wp\/v2\/media\/3458"}],"wp:attachment":[{"href":"https:\/\/lavega.gr\/es\/wp-json\/wp\/v2\/media?parent=4059"}],"wp:term":[{"taxonomy":"product_cat","embeddable":true,"href":"https:\/\/lavega.gr\/es\/wp-json\/wp\/v2\/product_cat?post=4059"},{"taxonomy":"product_tag","embeddable":true,"href":"https:\/\/lavega.gr\/es\/wp-json\/wp\/v2\/product_tag?post=4059"}],"curies":[{"name":"wp","href":"https:\/\/api.w.org\/{rel}","templated":true}]}}