{"id":4055,"date":"2022-12-22T17:20:13","date_gmt":"2022-12-22T15:20:13","guid":{"rendered":"https:\/\/lavega.gr\/product\/platanos-plantain-1kg\/"},"modified":"2026-04-22T15:02:00","modified_gmt":"2026-04-22T13:02:00","slug":"platanos-plantain-1kg","status":"publish","type":"product","link":"https:\/\/lavega.gr\/es\/producto\/platanos-plantain-1kg\/","title":{"rendered":"Platano &#8211; Plantain (1kg)"},"content":{"rendered":"<p>\u00a1Los Plantain o pl\u00e1tanos verdes para cocinar, es la comida que casi nunca falta de la mesa de los latinos!<\/p>\n<p>Especialmente en Am\u00e9rica Latina lo consumen a diario desde el desayuno hasta la noche \u00a1Es una rica fuente de carbohidratos y su contenido de az\u00facar es m\u00e1s bajo que los pl\u00e1tanos comunes!<\/p>\n<p>Servirlo&#8230; \u00a1con todo!<\/p>\n<p>&nbsp;<\/p>\n<hr>\n<p>* Los pl\u00e1tanos siempre se env\u00edan frescos y verdes desde nuestras instalaciones.<br \/>\nLa Vega Deli no asume ninguna responsabilidad ante el cliente por el estado en el que puedan ser recibidos los pl\u00e1tanos debido a circunstancias externas ajenas a nuestro control (Courier).<\/p>\n","protected":false},"excerpt":{"rendered":"<div class=\"description woocommerce-product-details__short-description\">\n<p class=\"stock available-on-backorder\">Env\u00edo dentro de 2-3 d\u00edas<\/p>\n<\/div>\n","protected":false},"featured_media":3469,"template":"","meta":[],"product_cat":[129,88],"product_tag":[],"class_list":{"0":"post-4055","1":"product","2":"type-product","3":"status-publish","4":"has-post-thumbnail","6":"product_cat-legumbres-y-especialidades","7":"product_cat-alimentos","9":"first","10":"instock","11":"taxable","12":"shipping-taxable","13":"purchasable","14":"product-type-simple"},"yoast_head":"<!-- This site is optimized with the Yoast SEO plugin v22.3 - https:\/\/yoast.com\/wordpress\/plugins\/seo\/ -->\n<title>Platano - Plantain (1kg) | La Vega<\/title>\n<meta name=\"description\" content=\"\u00a1El pl\u00e1tano macho o pl\u00e1tano verde salado es una fuente rica en carbohidratos y con un contenido de az\u00facar menor que el pl\u00e1tano com\u00fan y corriente!\" \/>\n<meta name=\"robots\" content=\"index, follow, max-snippet:-1, max-image-preview:large, max-video-preview:-1\" \/>\n<link rel=\"canonical\" href=\"https:\/\/lavega.gr\/es\/producto\/platanos-plantain-1kg\/\" \/>\n<meta property=\"og:locale\" content=\"es_ES\" \/>\n<meta property=\"og:type\" content=\"article\" \/>\n<meta property=\"og:title\" content=\"Platano - Plantain (1kg) | La Vega\" \/>\n<meta property=\"og:description\" content=\"\u00a1El pl\u00e1tano macho o pl\u00e1tano verde salado es una fuente rica en carbohidratos y con un contenido de az\u00facar menor que el pl\u00e1tano com\u00fan y corriente!\" \/>\n<meta property=\"og:url\" content=\"https:\/\/lavega.gr\/es\/producto\/platanos-plantain-1kg\/\" \/>\n<meta property=\"og:site_name\" content=\"La Vega\" \/>\n<meta property=\"article:modified_time\" content=\"2026-04-22T13:02:00+00:00\" \/>\n<meta property=\"og:image\" content=\"https:\/\/lavega.gr\/wp-content\/uploads\/2022\/12\/platanos-plantain-1kg.png\" \/>\n\t<meta property=\"og:image:width\" content=\"1000\" \/>\n\t<meta property=\"og:image:height\" content=\"1000\" \/>\n\t<meta property=\"og:image:type\" content=\"image\/png\" \/>\n<meta name=\"twitter:card\" content=\"summary_large_image\" \/>\n<meta name=\"twitter:label1\" content=\"Tiempo de lectura\" \/>\n\t<meta name=\"twitter:data1\" content=\"1 minuto\" \/>\n<script type=\"application\/ld+json\" class=\"yoast-schema-graph\">{\"@context\":\"https:\/\/schema.org\",\"@graph\":[{\"@type\":\"WebPage\",\"@id\":\"https:\/\/lavega.gr\/es\/producto\/platanos-plantain-1kg\/\",\"url\":\"https:\/\/lavega.gr\/es\/producto\/platanos-plantain-1kg\/\",\"name\":\"Platano - Plantain (1kg) | La Vega\",\"isPartOf\":{\"@id\":\"https:\/\/lavega.gr\/#website\"},\"primaryImageOfPage\":{\"@id\":\"https:\/\/lavega.gr\/es\/producto\/platanos-plantain-1kg\/#primaryimage\"},\"image\":{\"@id\":\"https:\/\/lavega.gr\/es\/producto\/platanos-plantain-1kg\/#primaryimage\"},\"thumbnailUrl\":\"https:\/\/lavega.gr\/wp-content\/uploads\/2022\/12\/platanos-plantain-1kg.png\",\"datePublished\":\"2022-12-22T15:20:13+00:00\",\"dateModified\":\"2026-04-22T13:02:00+00:00\",\"description\":\"\u00a1El pl\u00e1tano macho o pl\u00e1tano verde salado es una fuente rica en carbohidratos y con un contenido de az\u00facar menor que el pl\u00e1tano com\u00fan y corriente!\",\"breadcrumb\":{\"@id\":\"https:\/\/lavega.gr\/es\/producto\/platanos-plantain-1kg\/#breadcrumb\"},\"inLanguage\":\"es\",\"potentialAction\":[{\"@type\":\"ReadAction\",\"target\":[\"https:\/\/lavega.gr\/es\/producto\/platanos-plantain-1kg\/\"]}]},{\"@type\":\"ImageObject\",\"inLanguage\":\"es\",\"@id\":\"https:\/\/lavega.gr\/es\/producto\/platanos-plantain-1kg\/#primaryimage\",\"url\":\"https:\/\/lavega.gr\/wp-content\/uploads\/2022\/12\/platanos-plantain-1kg.png\",\"contentUrl\":\"https:\/\/lavega.gr\/wp-content\/uploads\/2022\/12\/platanos-plantain-1kg.png\",\"width\":1000,\"height\":1000},{\"@type\":\"BreadcrumbList\",\"@id\":\"https:\/\/lavega.gr\/es\/producto\/platanos-plantain-1kg\/#breadcrumb\",\"itemListElement\":[{\"@type\":\"ListItem\",\"position\":1,\"name\":\"Home\",\"item\":\"https:\/\/lavega.gr\/es\/\"},{\"@type\":\"ListItem\",\"position\":2,\"name\":\"Productos\",\"item\":\"https:\/\/lavega.gr\/es\/tienda\/\"},{\"@type\":\"ListItem\",\"position\":3,\"name\":\"Platano &#8211; Plantain (1kg)\"}]},{\"@type\":\"WebSite\",\"@id\":\"https:\/\/lavega.gr\/#website\",\"url\":\"https:\/\/lavega.gr\/\",\"name\":\"La Vega\",\"description\":\"Productos Latinos\",\"potentialAction\":[{\"@type\":\"SearchAction\",\"target\":{\"@type\":\"EntryPoint\",\"urlTemplate\":\"https:\/\/lavega.gr\/?s={search_term_string}\"},\"query-input\":\"required name=search_term_string\"}],\"inLanguage\":\"es\"}]}<\/script>\n<!-- \/ Yoast SEO plugin. -->","yoast_head_json":{"title":"Platano - Plantain (1kg) | La Vega","description":"\u00a1El pl\u00e1tano macho o pl\u00e1tano verde salado es una fuente rica en carbohidratos y con un contenido de az\u00facar menor que el pl\u00e1tano com\u00fan y corriente!","robots":{"index":"index","follow":"follow","max-snippet":"max-snippet:-1","max-image-preview":"max-image-preview:large","max-video-preview":"max-video-preview:-1"},"canonical":"https:\/\/lavega.gr\/es\/producto\/platanos-plantain-1kg\/","og_locale":"es_ES","og_type":"article","og_title":"Platano - Plantain (1kg) | La Vega","og_description":"\u00a1El pl\u00e1tano macho o pl\u00e1tano verde salado es una fuente rica en carbohidratos y con un contenido de az\u00facar menor que el pl\u00e1tano com\u00fan y corriente!","og_url":"https:\/\/lavega.gr\/es\/producto\/platanos-plantain-1kg\/","og_site_name":"La Vega","article_modified_time":"2026-04-22T13:02:00+00:00","og_image":[{"width":1000,"height":1000,"url":"https:\/\/lavega.gr\/wp-content\/uploads\/2022\/12\/platanos-plantain-1kg.png","type":"image\/png"}],"twitter_card":"summary_large_image","twitter_misc":{"Tiempo de lectura":"1 minuto"},"schema":{"@context":"https:\/\/schema.org","@graph":[{"@type":"WebPage","@id":"https:\/\/lavega.gr\/es\/producto\/platanos-plantain-1kg\/","url":"https:\/\/lavega.gr\/es\/producto\/platanos-plantain-1kg\/","name":"Platano - Plantain (1kg) | La Vega","isPartOf":{"@id":"https:\/\/lavega.gr\/#website"},"primaryImageOfPage":{"@id":"https:\/\/lavega.gr\/es\/producto\/platanos-plantain-1kg\/#primaryimage"},"image":{"@id":"https:\/\/lavega.gr\/es\/producto\/platanos-plantain-1kg\/#primaryimage"},"thumbnailUrl":"https:\/\/lavega.gr\/wp-content\/uploads\/2022\/12\/platanos-plantain-1kg.png","datePublished":"2022-12-22T15:20:13+00:00","dateModified":"2026-04-22T13:02:00+00:00","description":"\u00a1El pl\u00e1tano macho o pl\u00e1tano verde salado es una fuente rica en carbohidratos y con un contenido de az\u00facar menor que el pl\u00e1tano com\u00fan y corriente!","breadcrumb":{"@id":"https:\/\/lavega.gr\/es\/producto\/platanos-plantain-1kg\/#breadcrumb"},"inLanguage":"es","potentialAction":[{"@type":"ReadAction","target":["https:\/\/lavega.gr\/es\/producto\/platanos-plantain-1kg\/"]}]},{"@type":"ImageObject","inLanguage":"es","@id":"https:\/\/lavega.gr\/es\/producto\/platanos-plantain-1kg\/#primaryimage","url":"https:\/\/lavega.gr\/wp-content\/uploads\/2022\/12\/platanos-plantain-1kg.png","contentUrl":"https:\/\/lavega.gr\/wp-content\/uploads\/2022\/12\/platanos-plantain-1kg.png","width":1000,"height":1000},{"@type":"BreadcrumbList","@id":"https:\/\/lavega.gr\/es\/producto\/platanos-plantain-1kg\/#breadcrumb","itemListElement":[{"@type":"ListItem","position":1,"name":"Home","item":"https:\/\/lavega.gr\/es\/"},{"@type":"ListItem","position":2,"name":"Productos","item":"https:\/\/lavega.gr\/es\/tienda\/"},{"@type":"ListItem","position":3,"name":"Platano &#8211; Plantain (1kg)"}]},{"@type":"WebSite","@id":"https:\/\/lavega.gr\/#website","url":"https:\/\/lavega.gr\/","name":"La Vega","description":"Productos Latinos","potentialAction":[{"@type":"SearchAction","target":{"@type":"EntryPoint","urlTemplate":"https:\/\/lavega.gr\/?s={search_term_string}"},"query-input":"required name=search_term_string"}],"inLanguage":"es"}]}},"_links":{"self":[{"href":"https:\/\/lavega.gr\/es\/wp-json\/wp\/v2\/product\/4055","targetHints":{"allow":["GET"]}}],"collection":[{"href":"https:\/\/lavega.gr\/es\/wp-json\/wp\/v2\/product"}],"about":[{"href":"https:\/\/lavega.gr\/es\/wp-json\/wp\/v2\/types\/product"}],"wp:featuredmedia":[{"embeddable":true,"href":"https:\/\/lavega.gr\/es\/wp-json\/wp\/v2\/media\/3469"}],"wp:attachment":[{"href":"https:\/\/lavega.gr\/es\/wp-json\/wp\/v2\/media?parent=4055"}],"wp:term":[{"taxonomy":"product_cat","embeddable":true,"href":"https:\/\/lavega.gr\/es\/wp-json\/wp\/v2\/product_cat?post=4055"},{"taxonomy":"product_tag","embeddable":true,"href":"https:\/\/lavega.gr\/es\/wp-json\/wp\/v2\/product_tag?post=4055"}],"curies":[{"name":"wp","href":"https:\/\/api.w.org\/{rel}","templated":true}]}}