{"id":4046,"date":"2022-12-28T11:22:52","date_gmt":"2022-12-28T09:22:52","guid":{"rendered":"https:\/\/lavega.gr\/product\/flips-chocolate-120g\/"},"modified":"2026-04-24T10:13:21","modified_gmt":"2026-04-24T08:13:21","slug":"flips-chocolate-120g","status":"publish","type":"product","link":"https:\/\/lavega.gr\/es\/producto\/flips-chocolate-120g\/","title":{"rendered":"Flips Chocolate (120g)"},"content":{"rendered":"<p><strong>Qu\u00e9 es<\/strong>: \u00a1Flips Chocolate es quiz\u00e1s el snack de cereales m\u00e1s famoso y adictivo de Venezuela! Crujientes &#8220;almohadas&#8221; cuadradas de cereal que esconden en su interior una crema de chocolate incre\u00edblemente rica y l\u00edquida. <\/p>\n<p><b data-path-to-node=\"34\" data-index-in-node=\"222\">Consejo de La Vega<\/b>: Puedes ponerlas en un taz\u00f3n de leche, \u00a1pero la verdad es que la mayor\u00eda de la gente las come directamente de la caja como snack!<\/p>\n","protected":false},"excerpt":{"rendered":"<p>Qu\u00e9 es: \u00a1Flips Chocolate es quiz\u00e1s el snack de cereales m\u00e1s famoso y adictivo de Venezuela! Crujientes &#8220;almohadas&#8221; cuadradas de cereal que esconden en su interior una crema de chocolate incre\u00edblemente rica y l\u00edquida. Consejo de La Vega: Puedes ponerlas en un taz\u00f3n de leche, \u00a1pero la verdad es que la mayor\u00eda de la gente&#8230;<\/p>\n","protected":false},"featured_media":4310,"template":"","meta":[],"product_cat":[127],"product_tag":[],"class_list":{"0":"post-4046","1":"product","2":"type-product","3":"status-publish","4":"has-post-thumbnail","6":"product_cat-snacks-y-dulces-latinos","8":"first","9":"instock","10":"taxable","11":"shipping-taxable","12":"purchasable","13":"product-type-simple"},"yoast_head":"<!-- This site is optimized with the Yoast SEO plugin v22.3 - https:\/\/yoast.com\/wordpress\/plugins\/seo\/ -->\n<title>Flips Chocolate (120g) | La Vega<\/title>\n<meta name=\"description\" content=\"Flips Chocolate es quiz\u00e1s el snack de cereales m\u00e1s famoso y adictivo de Venezuela! Crujientes &quot;almohadas&quot; cuadradas de cereal que esconden en su interior una crema de chocolate incre\u00edblemente rica y l\u00edquida.\" \/>\n<meta name=\"robots\" content=\"index, follow, max-snippet:-1, max-image-preview:large, max-video-preview:-1\" \/>\n<link rel=\"canonical\" href=\"https:\/\/lavega.gr\/es\/producto\/flips-chocolate-120g\/\" \/>\n<meta property=\"og:locale\" content=\"es_ES\" \/>\n<meta property=\"og:type\" content=\"article\" \/>\n<meta property=\"og:title\" content=\"Flips Chocolate (120g) | La Vega\" \/>\n<meta property=\"og:description\" content=\"Flips Chocolate es quiz\u00e1s el snack de cereales m\u00e1s famoso y adictivo de Venezuela! Crujientes &quot;almohadas&quot; cuadradas de cereal que esconden en su interior una crema de chocolate incre\u00edblemente rica y l\u00edquida.\" \/>\n<meta property=\"og:url\" content=\"https:\/\/lavega.gr\/es\/producto\/flips-chocolate-120g\/\" \/>\n<meta property=\"og:site_name\" content=\"La Vega\" \/>\n<meta property=\"article:modified_time\" content=\"2026-04-24T08:13:21+00:00\" \/>\n<meta property=\"og:image\" content=\"https:\/\/lavega.gr\/wp-content\/uploads\/2022\/12\/Flips-chocolate-120g.png\" \/>\n\t<meta property=\"og:image:width\" content=\"1000\" \/>\n\t<meta property=\"og:image:height\" content=\"1000\" \/>\n\t<meta property=\"og:image:type\" content=\"image\/png\" \/>\n<meta name=\"twitter:card\" content=\"summary_large_image\" \/>\n<meta name=\"twitter:label1\" content=\"Tiempo de lectura\" \/>\n\t<meta name=\"twitter:data1\" content=\"1 minuto\" \/>\n<script type=\"application\/ld+json\" class=\"yoast-schema-graph\">{\"@context\":\"https:\/\/schema.org\",\"@graph\":[{\"@type\":\"WebPage\",\"@id\":\"https:\/\/lavega.gr\/es\/producto\/flips-chocolate-120g\/\",\"url\":\"https:\/\/lavega.gr\/es\/producto\/flips-chocolate-120g\/\",\"name\":\"Flips Chocolate (120g) | La Vega\",\"isPartOf\":{\"@id\":\"https:\/\/lavega.gr\/#website\"},\"primaryImageOfPage\":{\"@id\":\"https:\/\/lavega.gr\/es\/producto\/flips-chocolate-120g\/#primaryimage\"},\"image\":{\"@id\":\"https:\/\/lavega.gr\/es\/producto\/flips-chocolate-120g\/#primaryimage\"},\"thumbnailUrl\":\"https:\/\/lavega.gr\/wp-content\/uploads\/2022\/12\/Flips-chocolate-120g.png\",\"datePublished\":\"2022-12-28T09:22:52+00:00\",\"dateModified\":\"2026-04-24T08:13:21+00:00\",\"description\":\"Flips Chocolate es quiz\u00e1s el snack de cereales m\u00e1s famoso y adictivo de Venezuela! Crujientes \\\"almohadas\\\" cuadradas de cereal que esconden en su interior una crema de chocolate incre\u00edblemente rica y l\u00edquida.\",\"breadcrumb\":{\"@id\":\"https:\/\/lavega.gr\/es\/producto\/flips-chocolate-120g\/#breadcrumb\"},\"inLanguage\":\"es\",\"potentialAction\":[{\"@type\":\"ReadAction\",\"target\":[\"https:\/\/lavega.gr\/es\/producto\/flips-chocolate-120g\/\"]}]},{\"@type\":\"ImageObject\",\"inLanguage\":\"es\",\"@id\":\"https:\/\/lavega.gr\/es\/producto\/flips-chocolate-120g\/#primaryimage\",\"url\":\"https:\/\/lavega.gr\/wp-content\/uploads\/2022\/12\/Flips-chocolate-120g.png\",\"contentUrl\":\"https:\/\/lavega.gr\/wp-content\/uploads\/2022\/12\/Flips-chocolate-120g.png\",\"width\":1000,\"height\":1000},{\"@type\":\"BreadcrumbList\",\"@id\":\"https:\/\/lavega.gr\/es\/producto\/flips-chocolate-120g\/#breadcrumb\",\"itemListElement\":[{\"@type\":\"ListItem\",\"position\":1,\"name\":\"Home\",\"item\":\"https:\/\/lavega.gr\/es\/\"},{\"@type\":\"ListItem\",\"position\":2,\"name\":\"Productos\",\"item\":\"https:\/\/lavega.gr\/es\/tienda\/\"},{\"@type\":\"ListItem\",\"position\":3,\"name\":\"Flips Chocolate (120g)\"}]},{\"@type\":\"WebSite\",\"@id\":\"https:\/\/lavega.gr\/#website\",\"url\":\"https:\/\/lavega.gr\/\",\"name\":\"La Vega\",\"description\":\"Productos Latinos\",\"potentialAction\":[{\"@type\":\"SearchAction\",\"target\":{\"@type\":\"EntryPoint\",\"urlTemplate\":\"https:\/\/lavega.gr\/?s={search_term_string}\"},\"query-input\":\"required name=search_term_string\"}],\"inLanguage\":\"es\"}]}<\/script>\n<!-- \/ Yoast SEO plugin. -->","yoast_head_json":{"title":"Flips Chocolate (120g) | La Vega","description":"Flips Chocolate es quiz\u00e1s el snack de cereales m\u00e1s famoso y adictivo de Venezuela! Crujientes \"almohadas\" cuadradas de cereal que esconden en su interior una crema de chocolate incre\u00edblemente rica y l\u00edquida.","robots":{"index":"index","follow":"follow","max-snippet":"max-snippet:-1","max-image-preview":"max-image-preview:large","max-video-preview":"max-video-preview:-1"},"canonical":"https:\/\/lavega.gr\/es\/producto\/flips-chocolate-120g\/","og_locale":"es_ES","og_type":"article","og_title":"Flips Chocolate (120g) | La Vega","og_description":"Flips Chocolate es quiz\u00e1s el snack de cereales m\u00e1s famoso y adictivo de Venezuela! Crujientes \"almohadas\" cuadradas de cereal que esconden en su interior una crema de chocolate incre\u00edblemente rica y l\u00edquida.","og_url":"https:\/\/lavega.gr\/es\/producto\/flips-chocolate-120g\/","og_site_name":"La Vega","article_modified_time":"2026-04-24T08:13:21+00:00","og_image":[{"width":1000,"height":1000,"url":"https:\/\/lavega.gr\/wp-content\/uploads\/2022\/12\/Flips-chocolate-120g.png","type":"image\/png"}],"twitter_card":"summary_large_image","twitter_misc":{"Tiempo de lectura":"1 minuto"},"schema":{"@context":"https:\/\/schema.org","@graph":[{"@type":"WebPage","@id":"https:\/\/lavega.gr\/es\/producto\/flips-chocolate-120g\/","url":"https:\/\/lavega.gr\/es\/producto\/flips-chocolate-120g\/","name":"Flips Chocolate (120g) | La Vega","isPartOf":{"@id":"https:\/\/lavega.gr\/#website"},"primaryImageOfPage":{"@id":"https:\/\/lavega.gr\/es\/producto\/flips-chocolate-120g\/#primaryimage"},"image":{"@id":"https:\/\/lavega.gr\/es\/producto\/flips-chocolate-120g\/#primaryimage"},"thumbnailUrl":"https:\/\/lavega.gr\/wp-content\/uploads\/2022\/12\/Flips-chocolate-120g.png","datePublished":"2022-12-28T09:22:52+00:00","dateModified":"2026-04-24T08:13:21+00:00","description":"Flips Chocolate es quiz\u00e1s el snack de cereales m\u00e1s famoso y adictivo de Venezuela! Crujientes \"almohadas\" cuadradas de cereal que esconden en su interior una crema de chocolate incre\u00edblemente rica y l\u00edquida.","breadcrumb":{"@id":"https:\/\/lavega.gr\/es\/producto\/flips-chocolate-120g\/#breadcrumb"},"inLanguage":"es","potentialAction":[{"@type":"ReadAction","target":["https:\/\/lavega.gr\/es\/producto\/flips-chocolate-120g\/"]}]},{"@type":"ImageObject","inLanguage":"es","@id":"https:\/\/lavega.gr\/es\/producto\/flips-chocolate-120g\/#primaryimage","url":"https:\/\/lavega.gr\/wp-content\/uploads\/2022\/12\/Flips-chocolate-120g.png","contentUrl":"https:\/\/lavega.gr\/wp-content\/uploads\/2022\/12\/Flips-chocolate-120g.png","width":1000,"height":1000},{"@type":"BreadcrumbList","@id":"https:\/\/lavega.gr\/es\/producto\/flips-chocolate-120g\/#breadcrumb","itemListElement":[{"@type":"ListItem","position":1,"name":"Home","item":"https:\/\/lavega.gr\/es\/"},{"@type":"ListItem","position":2,"name":"Productos","item":"https:\/\/lavega.gr\/es\/tienda\/"},{"@type":"ListItem","position":3,"name":"Flips Chocolate (120g)"}]},{"@type":"WebSite","@id":"https:\/\/lavega.gr\/#website","url":"https:\/\/lavega.gr\/","name":"La Vega","description":"Productos Latinos","potentialAction":[{"@type":"SearchAction","target":{"@type":"EntryPoint","urlTemplate":"https:\/\/lavega.gr\/?s={search_term_string}"},"query-input":"required name=search_term_string"}],"inLanguage":"es"}]}},"_links":{"self":[{"href":"https:\/\/lavega.gr\/es\/wp-json\/wp\/v2\/product\/4046","targetHints":{"allow":["GET"]}}],"collection":[{"href":"https:\/\/lavega.gr\/es\/wp-json\/wp\/v2\/product"}],"about":[{"href":"https:\/\/lavega.gr\/es\/wp-json\/wp\/v2\/types\/product"}],"wp:featuredmedia":[{"embeddable":true,"href":"https:\/\/lavega.gr\/es\/wp-json\/wp\/v2\/media\/4310"}],"wp:attachment":[{"href":"https:\/\/lavega.gr\/es\/wp-json\/wp\/v2\/media?parent=4046"}],"wp:term":[{"taxonomy":"product_cat","embeddable":true,"href":"https:\/\/lavega.gr\/es\/wp-json\/wp\/v2\/product_cat?post=4046"},{"taxonomy":"product_tag","embeddable":true,"href":"https:\/\/lavega.gr\/es\/wp-json\/wp\/v2\/product_tag?post=4046"}],"curies":[{"name":"wp","href":"https:\/\/api.w.org\/{rel}","templated":true}]}}