{"id":4045,"date":"2022-12-23T19:10:47","date_gmt":"2022-12-23T17:10:47","guid":{"rendered":"https:\/\/lavega.gr\/product\/diablitos-jamon-120g\/"},"modified":"2026-04-23T12:04:05","modified_gmt":"2026-04-23T10:04:05","slug":"diablitos-jamon-120g","status":"publish","type":"product","link":"https:\/\/lavega.gr\/es\/producto\/diablitos-jamon-120g\/","title":{"rendered":"Jam\u00f3n del Diablo &#8216;Diablitos&#8217; (120 g)"},"content":{"rendered":"<p><strong>El &#8220;pecado&#8221; m\u00e1s delicioso de Venezuela<\/strong><\/p>\n<p><strong>Que es<\/strong>: La legendaria pasta de jam\u00f3n con su caracter\u00edstico envase rojo. Es salada, incre\u00edblemente cremosa y est\u00e1 sazonada con una mezcla \u00fanica de especias que le confiere un sabor inigualable. <\/p>\n<p><strong>Como usarlo<\/strong>: Est\u00e1 hecho espec\u00edficamente para rellenar arepas! Tambi\u00e9n funciona de maravilla en tostadas, galletas saladas o empanadas. <\/p>\n<p><strong>Consejo de La Vega<\/strong>: Abre una arepa caliente reci\u00e9n hecha, \u00fantala generosamente con diablitos y a\u00f1ade queso amarillo rallado (como el gouda). \u00a1La experiencia venezolana definitiva! <\/p>\n","protected":false},"excerpt":{"rendered":"<p>El &#8220;pecado&#8221; m\u00e1s delicioso de Venezuela Que es: La legendaria pasta de jam\u00f3n con su caracter\u00edstico envase rojo. Es salada, incre\u00edblemente cremosa y est\u00e1 sazonada con una mezcla \u00fanica de especias que le confiere un sabor inigualable. Como usarlo: Est\u00e1 hecho espec\u00edficamente para rellenar arepas! Tambi\u00e9n funciona de maravilla en tostadas, galletas saladas o empanadas&#8230;.<\/p>\n","protected":false},"featured_media":3480,"template":"","meta":[],"product_cat":[93,130,88],"product_tag":[],"class_list":{"0":"post-4045","1":"product","2":"type-product","3":"status-publish","4":"has-post-thumbnail","6":"product_cat-gluten-free-es","7":"product_cat-salsas-pastas","8":"product_cat-alimentos","10":"first","11":"instock","12":"taxable","13":"shipping-taxable","14":"purchasable","15":"product-type-simple"},"yoast_head":"<!-- This site is optimized with the Yoast SEO plugin v22.3 - https:\/\/yoast.com\/wordpress\/plugins\/seo\/ -->\n<title>Jam\u00f3n del Diablo &#039;Diablitos&#039; (120 g) | La Vega<\/title>\n<meta name=\"description\" content=\"El famoso &quot;jam\u00f3n del diablo&quot; venezolano se disfruta siempre y en todas partes, \u00a1y en momentos de antojo, es la primera opci\u00f3n!\" \/>\n<meta name=\"robots\" content=\"index, follow, max-snippet:-1, max-image-preview:large, max-video-preview:-1\" \/>\n<link rel=\"canonical\" href=\"https:\/\/lavega.gr\/es\/producto\/diablitos-jamon-120g\/\" \/>\n<meta property=\"og:locale\" content=\"es_ES\" \/>\n<meta property=\"og:type\" content=\"article\" \/>\n<meta property=\"og:title\" content=\"Jam\u00f3n del Diablo &#039;Diablitos&#039; (120 g) | La Vega\" \/>\n<meta property=\"og:description\" content=\"El famoso &quot;jam\u00f3n del diablo&quot; venezolano se disfruta siempre y en todas partes, \u00a1y en momentos de antojo, es la primera opci\u00f3n!\" \/>\n<meta property=\"og:url\" content=\"https:\/\/lavega.gr\/es\/producto\/diablitos-jamon-120g\/\" \/>\n<meta property=\"og:site_name\" content=\"La Vega\" \/>\n<meta property=\"article:modified_time\" content=\"2026-04-23T10:04:05+00:00\" \/>\n<meta property=\"og:image\" content=\"https:\/\/lavega.gr\/wp-content\/uploads\/2022\/12\/diablitos-jamon-120gr.png\" \/>\n\t<meta property=\"og:image:width\" content=\"1000\" \/>\n\t<meta property=\"og:image:height\" content=\"1000\" \/>\n\t<meta property=\"og:image:type\" content=\"image\/png\" \/>\n<meta name=\"twitter:card\" content=\"summary_large_image\" \/>\n<script type=\"application\/ld+json\" class=\"yoast-schema-graph\">{\"@context\":\"https:\/\/schema.org\",\"@graph\":[{\"@type\":\"WebPage\",\"@id\":\"https:\/\/lavega.gr\/es\/producto\/diablitos-jamon-120g\/\",\"url\":\"https:\/\/lavega.gr\/es\/producto\/diablitos-jamon-120g\/\",\"name\":\"Jam\u00f3n del Diablo 'Diablitos' (120 g) | La Vega\",\"isPartOf\":{\"@id\":\"https:\/\/lavega.gr\/#website\"},\"primaryImageOfPage\":{\"@id\":\"https:\/\/lavega.gr\/es\/producto\/diablitos-jamon-120g\/#primaryimage\"},\"image\":{\"@id\":\"https:\/\/lavega.gr\/es\/producto\/diablitos-jamon-120g\/#primaryimage\"},\"thumbnailUrl\":\"https:\/\/lavega.gr\/wp-content\/uploads\/2022\/12\/diablitos-jamon-120gr.png\",\"datePublished\":\"2022-12-23T17:10:47+00:00\",\"dateModified\":\"2026-04-23T10:04:05+00:00\",\"description\":\"El famoso \\\"jam\u00f3n del diablo\\\" venezolano se disfruta siempre y en todas partes, \u00a1y en momentos de antojo, es la primera opci\u00f3n!\",\"breadcrumb\":{\"@id\":\"https:\/\/lavega.gr\/es\/producto\/diablitos-jamon-120g\/#breadcrumb\"},\"inLanguage\":\"es\",\"potentialAction\":[{\"@type\":\"ReadAction\",\"target\":[\"https:\/\/lavega.gr\/es\/producto\/diablitos-jamon-120g\/\"]}]},{\"@type\":\"ImageObject\",\"inLanguage\":\"es\",\"@id\":\"https:\/\/lavega.gr\/es\/producto\/diablitos-jamon-120g\/#primaryimage\",\"url\":\"https:\/\/lavega.gr\/wp-content\/uploads\/2022\/12\/diablitos-jamon-120gr.png\",\"contentUrl\":\"https:\/\/lavega.gr\/wp-content\/uploads\/2022\/12\/diablitos-jamon-120gr.png\",\"width\":1000,\"height\":1000},{\"@type\":\"BreadcrumbList\",\"@id\":\"https:\/\/lavega.gr\/es\/producto\/diablitos-jamon-120g\/#breadcrumb\",\"itemListElement\":[{\"@type\":\"ListItem\",\"position\":1,\"name\":\"Home\",\"item\":\"https:\/\/lavega.gr\/es\/\"},{\"@type\":\"ListItem\",\"position\":2,\"name\":\"Productos\",\"item\":\"https:\/\/lavega.gr\/es\/tienda\/\"},{\"@type\":\"ListItem\",\"position\":3,\"name\":\"Jam\u00f3n del Diablo &#8216;Diablitos&#8217; (120 g)\"}]},{\"@type\":\"WebSite\",\"@id\":\"https:\/\/lavega.gr\/#website\",\"url\":\"https:\/\/lavega.gr\/\",\"name\":\"La Vega\",\"description\":\"Productos Latinos\",\"potentialAction\":[{\"@type\":\"SearchAction\",\"target\":{\"@type\":\"EntryPoint\",\"urlTemplate\":\"https:\/\/lavega.gr\/?s={search_term_string}\"},\"query-input\":\"required name=search_term_string\"}],\"inLanguage\":\"es\"}]}<\/script>\n<!-- \/ Yoast SEO plugin. -->","yoast_head_json":{"title":"Jam\u00f3n del Diablo 'Diablitos' (120 g) | La Vega","description":"El famoso \"jam\u00f3n del diablo\" venezolano se disfruta siempre y en todas partes, \u00a1y en momentos de antojo, es la primera opci\u00f3n!","robots":{"index":"index","follow":"follow","max-snippet":"max-snippet:-1","max-image-preview":"max-image-preview:large","max-video-preview":"max-video-preview:-1"},"canonical":"https:\/\/lavega.gr\/es\/producto\/diablitos-jamon-120g\/","og_locale":"es_ES","og_type":"article","og_title":"Jam\u00f3n del Diablo 'Diablitos' (120 g) | La Vega","og_description":"El famoso \"jam\u00f3n del diablo\" venezolano se disfruta siempre y en todas partes, \u00a1y en momentos de antojo, es la primera opci\u00f3n!","og_url":"https:\/\/lavega.gr\/es\/producto\/diablitos-jamon-120g\/","og_site_name":"La Vega","article_modified_time":"2026-04-23T10:04:05+00:00","og_image":[{"width":1000,"height":1000,"url":"https:\/\/lavega.gr\/wp-content\/uploads\/2022\/12\/diablitos-jamon-120gr.png","type":"image\/png"}],"twitter_card":"summary_large_image","schema":{"@context":"https:\/\/schema.org","@graph":[{"@type":"WebPage","@id":"https:\/\/lavega.gr\/es\/producto\/diablitos-jamon-120g\/","url":"https:\/\/lavega.gr\/es\/producto\/diablitos-jamon-120g\/","name":"Jam\u00f3n del Diablo 'Diablitos' (120 g) | La Vega","isPartOf":{"@id":"https:\/\/lavega.gr\/#website"},"primaryImageOfPage":{"@id":"https:\/\/lavega.gr\/es\/producto\/diablitos-jamon-120g\/#primaryimage"},"image":{"@id":"https:\/\/lavega.gr\/es\/producto\/diablitos-jamon-120g\/#primaryimage"},"thumbnailUrl":"https:\/\/lavega.gr\/wp-content\/uploads\/2022\/12\/diablitos-jamon-120gr.png","datePublished":"2022-12-23T17:10:47+00:00","dateModified":"2026-04-23T10:04:05+00:00","description":"El famoso \"jam\u00f3n del diablo\" venezolano se disfruta siempre y en todas partes, \u00a1y en momentos de antojo, es la primera opci\u00f3n!","breadcrumb":{"@id":"https:\/\/lavega.gr\/es\/producto\/diablitos-jamon-120g\/#breadcrumb"},"inLanguage":"es","potentialAction":[{"@type":"ReadAction","target":["https:\/\/lavega.gr\/es\/producto\/diablitos-jamon-120g\/"]}]},{"@type":"ImageObject","inLanguage":"es","@id":"https:\/\/lavega.gr\/es\/producto\/diablitos-jamon-120g\/#primaryimage","url":"https:\/\/lavega.gr\/wp-content\/uploads\/2022\/12\/diablitos-jamon-120gr.png","contentUrl":"https:\/\/lavega.gr\/wp-content\/uploads\/2022\/12\/diablitos-jamon-120gr.png","width":1000,"height":1000},{"@type":"BreadcrumbList","@id":"https:\/\/lavega.gr\/es\/producto\/diablitos-jamon-120g\/#breadcrumb","itemListElement":[{"@type":"ListItem","position":1,"name":"Home","item":"https:\/\/lavega.gr\/es\/"},{"@type":"ListItem","position":2,"name":"Productos","item":"https:\/\/lavega.gr\/es\/tienda\/"},{"@type":"ListItem","position":3,"name":"Jam\u00f3n del Diablo &#8216;Diablitos&#8217; (120 g)"}]},{"@type":"WebSite","@id":"https:\/\/lavega.gr\/#website","url":"https:\/\/lavega.gr\/","name":"La Vega","description":"Productos Latinos","potentialAction":[{"@type":"SearchAction","target":{"@type":"EntryPoint","urlTemplate":"https:\/\/lavega.gr\/?s={search_term_string}"},"query-input":"required name=search_term_string"}],"inLanguage":"es"}]}},"_links":{"self":[{"href":"https:\/\/lavega.gr\/es\/wp-json\/wp\/v2\/product\/4045","targetHints":{"allow":["GET"]}}],"collection":[{"href":"https:\/\/lavega.gr\/es\/wp-json\/wp\/v2\/product"}],"about":[{"href":"https:\/\/lavega.gr\/es\/wp-json\/wp\/v2\/types\/product"}],"wp:featuredmedia":[{"embeddable":true,"href":"https:\/\/lavega.gr\/es\/wp-json\/wp\/v2\/media\/3480"}],"wp:attachment":[{"href":"https:\/\/lavega.gr\/es\/wp-json\/wp\/v2\/media?parent=4045"}],"wp:term":[{"taxonomy":"product_cat","embeddable":true,"href":"https:\/\/lavega.gr\/es\/wp-json\/wp\/v2\/product_cat?post=4045"},{"taxonomy":"product_tag","embeddable":true,"href":"https:\/\/lavega.gr\/es\/wp-json\/wp\/v2\/product_tag?post=4045"}],"curies":[{"name":"wp","href":"https:\/\/api.w.org\/{rel}","templated":true}]}}