{"id":4044,"date":"2022-12-28T11:01:39","date_gmt":"2022-12-28T09:01:39","guid":{"rendered":"https:\/\/lavega.gr\/product\/nido-leche-en-polvo-400g\/"},"modified":"2026-04-24T10:12:31","modified_gmt":"2026-04-24T08:12:31","slug":"nido-leche-en-polvo-400g","status":"publish","type":"product","link":"https:\/\/lavega.gr\/es\/producto\/nido-leche-en-polvo-400g\/","title":{"rendered":"NIDO Leche en Polvo (400g)"},"content":{"rendered":"<p><strong>Qu\u00e9 es<\/strong>: Nido es la leche entera en polvo m\u00e1s cl\u00e1sica y apreciada, cultivada durante generaciones en Latinoam\u00e9rica. Se disuelve f\u00e1cilmente y ofrece un sabor distintivo, rico y cremoso que la leche fresca no puede igualar. <\/p>\n<p><b data-path-to-node=\"32\" data-index-in-node=\"245\">Consejo de La Vega:<\/b> Adem\u00e1s de para preparar bebidas, \u00fasalo en polvo en recetas de reposter\u00eda para darles una incre\u00edble textura cremosa.<\/p>\n<p>* Para prepararlo, simplemente mezcle 32,5 g (aproximadamente 3 cucharaditas) de leche en polvo y 225 ml de agua para obtener 250 ml de leche de bebida NIDO.<\/p>\n","protected":false},"excerpt":{"rendered":"<p>Qu\u00e9 es: Nido es la leche entera en polvo m\u00e1s cl\u00e1sica y apreciada, cultivada durante generaciones en Latinoam\u00e9rica. Se disuelve f\u00e1cilmente y ofrece un sabor distintivo, rico y cremoso que la leche fresca no puede igualar. Consejo de La Vega: Adem\u00e1s de para preparar bebidas, \u00fasalo en polvo en recetas de reposter\u00eda para darles una&#8230;<\/p>\n","protected":false},"featured_media":3481,"template":"","meta":[],"product_cat":[89],"product_tag":[],"class_list":{"0":"post-4044","1":"product","2":"type-product","3":"status-publish","4":"has-post-thumbnail","6":"product_cat-bebidas-tropicales-y-cafe","8":"first","9":"instock","10":"taxable","11":"shipping-taxable","12":"purchasable","13":"product-type-simple"},"yoast_head":"<!-- This site is optimized with the Yoast SEO plugin v22.3 - https:\/\/yoast.com\/wordpress\/plugins\/seo\/ -->\n<title>NIDO Leche en Polvo (400g) | La Vega<\/title>\n<meta name=\"description\" content=\"Nido es la leche entera en polvo m\u00e1s cl\u00e1sica y apreciada, cultivada durante generaciones en Latinoam\u00e9rica. Se disuelve f\u00e1cilmente y ofrece un sabor distintivo, rico y cremoso que la leche fresca no puede igualar.\" \/>\n<meta name=\"robots\" content=\"index, follow, max-snippet:-1, max-image-preview:large, max-video-preview:-1\" \/>\n<link rel=\"canonical\" href=\"https:\/\/lavega.gr\/es\/producto\/nido-leche-en-polvo-400g\/\" \/>\n<meta property=\"og:locale\" content=\"es_ES\" \/>\n<meta property=\"og:type\" content=\"article\" \/>\n<meta property=\"og:title\" content=\"NIDO Leche en Polvo (400g) | La Vega\" \/>\n<meta property=\"og:description\" content=\"Nido es la leche entera en polvo m\u00e1s cl\u00e1sica y apreciada, cultivada durante generaciones en Latinoam\u00e9rica. Se disuelve f\u00e1cilmente y ofrece un sabor distintivo, rico y cremoso que la leche fresca no puede igualar.\" \/>\n<meta property=\"og:url\" content=\"https:\/\/lavega.gr\/es\/producto\/nido-leche-en-polvo-400g\/\" \/>\n<meta property=\"og:site_name\" content=\"La Vega\" \/>\n<meta property=\"article:modified_time\" content=\"2026-04-24T08:12:31+00:00\" \/>\n<meta property=\"og:image\" content=\"https:\/\/lavega.gr\/wp-content\/uploads\/2022\/12\/nido-400gr.png\" \/>\n\t<meta property=\"og:image:width\" content=\"1000\" \/>\n\t<meta property=\"og:image:height\" content=\"1000\" \/>\n\t<meta property=\"og:image:type\" content=\"image\/png\" \/>\n<meta name=\"twitter:card\" content=\"summary_large_image\" \/>\n<script type=\"application\/ld+json\" class=\"yoast-schema-graph\">{\"@context\":\"https:\/\/schema.org\",\"@graph\":[{\"@type\":\"WebPage\",\"@id\":\"https:\/\/lavega.gr\/es\/producto\/nido-leche-en-polvo-400g\/\",\"url\":\"https:\/\/lavega.gr\/es\/producto\/nido-leche-en-polvo-400g\/\",\"name\":\"NIDO Leche en Polvo (400g) | La Vega\",\"isPartOf\":{\"@id\":\"https:\/\/lavega.gr\/#website\"},\"primaryImageOfPage\":{\"@id\":\"https:\/\/lavega.gr\/es\/producto\/nido-leche-en-polvo-400g\/#primaryimage\"},\"image\":{\"@id\":\"https:\/\/lavega.gr\/es\/producto\/nido-leche-en-polvo-400g\/#primaryimage\"},\"thumbnailUrl\":\"https:\/\/lavega.gr\/wp-content\/uploads\/2022\/12\/nido-400gr.png\",\"datePublished\":\"2022-12-28T09:01:39+00:00\",\"dateModified\":\"2026-04-24T08:12:31+00:00\",\"description\":\"Nido es la leche entera en polvo m\u00e1s cl\u00e1sica y apreciada, cultivada durante generaciones en Latinoam\u00e9rica. Se disuelve f\u00e1cilmente y ofrece un sabor distintivo, rico y cremoso que la leche fresca no puede igualar.\",\"breadcrumb\":{\"@id\":\"https:\/\/lavega.gr\/es\/producto\/nido-leche-en-polvo-400g\/#breadcrumb\"},\"inLanguage\":\"es\",\"potentialAction\":[{\"@type\":\"ReadAction\",\"target\":[\"https:\/\/lavega.gr\/es\/producto\/nido-leche-en-polvo-400g\/\"]}]},{\"@type\":\"ImageObject\",\"inLanguage\":\"es\",\"@id\":\"https:\/\/lavega.gr\/es\/producto\/nido-leche-en-polvo-400g\/#primaryimage\",\"url\":\"https:\/\/lavega.gr\/wp-content\/uploads\/2022\/12\/nido-400gr.png\",\"contentUrl\":\"https:\/\/lavega.gr\/wp-content\/uploads\/2022\/12\/nido-400gr.png\",\"width\":1000,\"height\":1000},{\"@type\":\"BreadcrumbList\",\"@id\":\"https:\/\/lavega.gr\/es\/producto\/nido-leche-en-polvo-400g\/#breadcrumb\",\"itemListElement\":[{\"@type\":\"ListItem\",\"position\":1,\"name\":\"Home\",\"item\":\"https:\/\/lavega.gr\/es\/\"},{\"@type\":\"ListItem\",\"position\":2,\"name\":\"Productos\",\"item\":\"https:\/\/lavega.gr\/es\/tienda\/\"},{\"@type\":\"ListItem\",\"position\":3,\"name\":\"NIDO Leche en Polvo (400g)\"}]},{\"@type\":\"WebSite\",\"@id\":\"https:\/\/lavega.gr\/#website\",\"url\":\"https:\/\/lavega.gr\/\",\"name\":\"La Vega\",\"description\":\"Productos Latinos\",\"potentialAction\":[{\"@type\":\"SearchAction\",\"target\":{\"@type\":\"EntryPoint\",\"urlTemplate\":\"https:\/\/lavega.gr\/?s={search_term_string}\"},\"query-input\":\"required name=search_term_string\"}],\"inLanguage\":\"es\"}]}<\/script>\n<!-- \/ Yoast SEO plugin. -->","yoast_head_json":{"title":"NIDO Leche en Polvo (400g) | La Vega","description":"Nido es la leche entera en polvo m\u00e1s cl\u00e1sica y apreciada, cultivada durante generaciones en Latinoam\u00e9rica. Se disuelve f\u00e1cilmente y ofrece un sabor distintivo, rico y cremoso que la leche fresca no puede igualar.","robots":{"index":"index","follow":"follow","max-snippet":"max-snippet:-1","max-image-preview":"max-image-preview:large","max-video-preview":"max-video-preview:-1"},"canonical":"https:\/\/lavega.gr\/es\/producto\/nido-leche-en-polvo-400g\/","og_locale":"es_ES","og_type":"article","og_title":"NIDO Leche en Polvo (400g) | La Vega","og_description":"Nido es la leche entera en polvo m\u00e1s cl\u00e1sica y apreciada, cultivada durante generaciones en Latinoam\u00e9rica. Se disuelve f\u00e1cilmente y ofrece un sabor distintivo, rico y cremoso que la leche fresca no puede igualar.","og_url":"https:\/\/lavega.gr\/es\/producto\/nido-leche-en-polvo-400g\/","og_site_name":"La Vega","article_modified_time":"2026-04-24T08:12:31+00:00","og_image":[{"width":1000,"height":1000,"url":"https:\/\/lavega.gr\/wp-content\/uploads\/2022\/12\/nido-400gr.png","type":"image\/png"}],"twitter_card":"summary_large_image","schema":{"@context":"https:\/\/schema.org","@graph":[{"@type":"WebPage","@id":"https:\/\/lavega.gr\/es\/producto\/nido-leche-en-polvo-400g\/","url":"https:\/\/lavega.gr\/es\/producto\/nido-leche-en-polvo-400g\/","name":"NIDO Leche en Polvo (400g) | La Vega","isPartOf":{"@id":"https:\/\/lavega.gr\/#website"},"primaryImageOfPage":{"@id":"https:\/\/lavega.gr\/es\/producto\/nido-leche-en-polvo-400g\/#primaryimage"},"image":{"@id":"https:\/\/lavega.gr\/es\/producto\/nido-leche-en-polvo-400g\/#primaryimage"},"thumbnailUrl":"https:\/\/lavega.gr\/wp-content\/uploads\/2022\/12\/nido-400gr.png","datePublished":"2022-12-28T09:01:39+00:00","dateModified":"2026-04-24T08:12:31+00:00","description":"Nido es la leche entera en polvo m\u00e1s cl\u00e1sica y apreciada, cultivada durante generaciones en Latinoam\u00e9rica. Se disuelve f\u00e1cilmente y ofrece un sabor distintivo, rico y cremoso que la leche fresca no puede igualar.","breadcrumb":{"@id":"https:\/\/lavega.gr\/es\/producto\/nido-leche-en-polvo-400g\/#breadcrumb"},"inLanguage":"es","potentialAction":[{"@type":"ReadAction","target":["https:\/\/lavega.gr\/es\/producto\/nido-leche-en-polvo-400g\/"]}]},{"@type":"ImageObject","inLanguage":"es","@id":"https:\/\/lavega.gr\/es\/producto\/nido-leche-en-polvo-400g\/#primaryimage","url":"https:\/\/lavega.gr\/wp-content\/uploads\/2022\/12\/nido-400gr.png","contentUrl":"https:\/\/lavega.gr\/wp-content\/uploads\/2022\/12\/nido-400gr.png","width":1000,"height":1000},{"@type":"BreadcrumbList","@id":"https:\/\/lavega.gr\/es\/producto\/nido-leche-en-polvo-400g\/#breadcrumb","itemListElement":[{"@type":"ListItem","position":1,"name":"Home","item":"https:\/\/lavega.gr\/es\/"},{"@type":"ListItem","position":2,"name":"Productos","item":"https:\/\/lavega.gr\/es\/tienda\/"},{"@type":"ListItem","position":3,"name":"NIDO Leche en Polvo (400g)"}]},{"@type":"WebSite","@id":"https:\/\/lavega.gr\/#website","url":"https:\/\/lavega.gr\/","name":"La Vega","description":"Productos Latinos","potentialAction":[{"@type":"SearchAction","target":{"@type":"EntryPoint","urlTemplate":"https:\/\/lavega.gr\/?s={search_term_string}"},"query-input":"required name=search_term_string"}],"inLanguage":"es"}]}},"_links":{"self":[{"href":"https:\/\/lavega.gr\/es\/wp-json\/wp\/v2\/product\/4044","targetHints":{"allow":["GET"]}}],"collection":[{"href":"https:\/\/lavega.gr\/es\/wp-json\/wp\/v2\/product"}],"about":[{"href":"https:\/\/lavega.gr\/es\/wp-json\/wp\/v2\/types\/product"}],"wp:featuredmedia":[{"embeddable":true,"href":"https:\/\/lavega.gr\/es\/wp-json\/wp\/v2\/media\/3481"}],"wp:attachment":[{"href":"https:\/\/lavega.gr\/es\/wp-json\/wp\/v2\/media?parent=4044"}],"wp:term":[{"taxonomy":"product_cat","embeddable":true,"href":"https:\/\/lavega.gr\/es\/wp-json\/wp\/v2\/product_cat?post=4044"},{"taxonomy":"product_tag","embeddable":true,"href":"https:\/\/lavega.gr\/es\/wp-json\/wp\/v2\/product_tag?post=4044"}],"curies":[{"name":"wp","href":"https:\/\/api.w.org\/{rel}","templated":true}]}}