{"id":4043,"date":"2022-12-28T11:14:07","date_gmt":"2022-12-28T09:14:07","guid":{"rendered":"https:\/\/lavega.gr\/product\/milo-polvo-de-malta-de-chocolate-400g\/"},"modified":"2026-04-24T10:11:34","modified_gmt":"2026-04-24T08:11:34","slug":"milo-polvo-de-malta-de-chocolate-400g","status":"publish","type":"product","link":"https:\/\/lavega.gr\/es\/producto\/milo-polvo-de-malta-de-chocolate-400g\/","title":{"rendered":"MILO Polvo de Malta de Chocolate (400g)"},"content":{"rendered":"<p><strong>Qu\u00e9 es<\/strong>: El legendario Milo es una bebida en polvo con sabor a chocolate y base de malta. Repleto de energ\u00eda y con una textura crujiente inconfundible, es el desayuno favorito de ni\u00f1os (y adultos) en toda Colombia y Latinoam\u00e9rica. <\/p>\n<p><b data-path-to-node=\"33\" data-index-in-node=\"236\">Consejo de La Vega<\/b>: El secreto est\u00e1 en no disolverlo por completo! Deja algunos granos flotando en la leche fr\u00eda para que puedas disfrutarlos crujientes. <\/p>\n<p>* \u00a1Para hacerlo, simplemente mezcle 6 cucharaditas de 30 g de polvo MILO con 200 ml de agua caliente en una taza!<\/p>\n","protected":false},"excerpt":{"rendered":"<p>Qu\u00e9 es: El legendario Milo es una bebida en polvo con sabor a chocolate y base de malta. Repleto de energ\u00eda y con una textura crujiente inconfundible, es el desayuno favorito de ni\u00f1os (y adultos) en toda Colombia y Latinoam\u00e9rica. Consejo de La Vega: El secreto est\u00e1 en no disolverlo por completo! Deja algunos granos&#8230;<\/p>\n","protected":false},"featured_media":3482,"template":"","meta":[],"product_cat":[89,94,123],"product_tag":[],"class_list":{"0":"post-4043","1":"product","2":"type-product","3":"status-publish","4":"has-post-thumbnail","6":"product_cat-bebidas","7":"product_cat-bebidas-es-2","8":"product_cat-leche-preparaciones","10":"first","11":"instock","12":"sale","13":"taxable","14":"shipping-taxable","15":"purchasable","16":"product-type-simple"},"yoast_head":"<!-- This site is optimized with the Yoast SEO plugin v22.3 - https:\/\/yoast.com\/wordpress\/plugins\/seo\/ -->\n<title>MILO Polvo de Malta de Chocolate (400g)<\/title>\n<meta name=\"description\" content=\"El legendario Milo es una bebida en polvo a base de malta y chocolate. Repleto de energ\u00eda y con una textura crujiente inconfundible, es el desayuno favorito de ni\u00f1os (y adultos) en toda Colombia y Latinoam\u00e9rica.\" \/>\n<meta name=\"robots\" content=\"index, follow, max-snippet:-1, max-image-preview:large, max-video-preview:-1\" \/>\n<link rel=\"canonical\" href=\"https:\/\/lavega.gr\/es\/producto\/milo-polvo-de-malta-de-chocolate-400g\/\" \/>\n<meta property=\"og:locale\" content=\"es_ES\" \/>\n<meta property=\"og:type\" content=\"article\" \/>\n<meta property=\"og:title\" content=\"MILO Polvo de Malta de Chocolate (400g)\" \/>\n<meta property=\"og:description\" content=\"El legendario Milo es una bebida en polvo a base de malta y chocolate. Repleto de energ\u00eda y con una textura crujiente inconfundible, es el desayuno favorito de ni\u00f1os (y adultos) en toda Colombia y Latinoam\u00e9rica.\" \/>\n<meta property=\"og:url\" content=\"https:\/\/lavega.gr\/es\/producto\/milo-polvo-de-malta-de-chocolate-400g\/\" \/>\n<meta property=\"og:site_name\" content=\"La Vega\" \/>\n<meta property=\"article:modified_time\" content=\"2026-04-24T08:11:34+00:00\" \/>\n<meta property=\"og:image\" content=\"https:\/\/lavega.gr\/wp-content\/uploads\/2022\/12\/milo-400gr.png\" \/>\n\t<meta property=\"og:image:width\" content=\"1000\" \/>\n\t<meta property=\"og:image:height\" content=\"1000\" \/>\n\t<meta property=\"og:image:type\" content=\"image\/png\" \/>\n<meta name=\"twitter:card\" content=\"summary_large_image\" \/>\n<script type=\"application\/ld+json\" class=\"yoast-schema-graph\">{\"@context\":\"https:\/\/schema.org\",\"@graph\":[{\"@type\":\"WebPage\",\"@id\":\"https:\/\/lavega.gr\/es\/producto\/milo-polvo-de-malta-de-chocolate-400g\/\",\"url\":\"https:\/\/lavega.gr\/es\/producto\/milo-polvo-de-malta-de-chocolate-400g\/\",\"name\":\"MILO Polvo de Malta de Chocolate (400g)\",\"isPartOf\":{\"@id\":\"https:\/\/lavega.gr\/#website\"},\"primaryImageOfPage\":{\"@id\":\"https:\/\/lavega.gr\/es\/producto\/milo-polvo-de-malta-de-chocolate-400g\/#primaryimage\"},\"image\":{\"@id\":\"https:\/\/lavega.gr\/es\/producto\/milo-polvo-de-malta-de-chocolate-400g\/#primaryimage\"},\"thumbnailUrl\":\"https:\/\/lavega.gr\/wp-content\/uploads\/2022\/12\/milo-400gr.png\",\"datePublished\":\"2022-12-28T09:14:07+00:00\",\"dateModified\":\"2026-04-24T08:11:34+00:00\",\"description\":\"El legendario Milo es una bebida en polvo a base de malta y chocolate. Repleto de energ\u00eda y con una textura crujiente inconfundible, es el desayuno favorito de ni\u00f1os (y adultos) en toda Colombia y Latinoam\u00e9rica.\",\"breadcrumb\":{\"@id\":\"https:\/\/lavega.gr\/es\/producto\/milo-polvo-de-malta-de-chocolate-400g\/#breadcrumb\"},\"inLanguage\":\"es\",\"potentialAction\":[{\"@type\":\"ReadAction\",\"target\":[\"https:\/\/lavega.gr\/es\/producto\/milo-polvo-de-malta-de-chocolate-400g\/\"]}]},{\"@type\":\"ImageObject\",\"inLanguage\":\"es\",\"@id\":\"https:\/\/lavega.gr\/es\/producto\/milo-polvo-de-malta-de-chocolate-400g\/#primaryimage\",\"url\":\"https:\/\/lavega.gr\/wp-content\/uploads\/2022\/12\/milo-400gr.png\",\"contentUrl\":\"https:\/\/lavega.gr\/wp-content\/uploads\/2022\/12\/milo-400gr.png\",\"width\":1000,\"height\":1000},{\"@type\":\"BreadcrumbList\",\"@id\":\"https:\/\/lavega.gr\/es\/producto\/milo-polvo-de-malta-de-chocolate-400g\/#breadcrumb\",\"itemListElement\":[{\"@type\":\"ListItem\",\"position\":1,\"name\":\"Home\",\"item\":\"https:\/\/lavega.gr\/es\/\"},{\"@type\":\"ListItem\",\"position\":2,\"name\":\"Productos\",\"item\":\"https:\/\/lavega.gr\/es\/tienda\/\"},{\"@type\":\"ListItem\",\"position\":3,\"name\":\"MILO Polvo de Malta de Chocolate (400g)\"}]},{\"@type\":\"WebSite\",\"@id\":\"https:\/\/lavega.gr\/#website\",\"url\":\"https:\/\/lavega.gr\/\",\"name\":\"La Vega\",\"description\":\"Productos Latinos\",\"potentialAction\":[{\"@type\":\"SearchAction\",\"target\":{\"@type\":\"EntryPoint\",\"urlTemplate\":\"https:\/\/lavega.gr\/?s={search_term_string}\"},\"query-input\":\"required name=search_term_string\"}],\"inLanguage\":\"es\"}]}<\/script>\n<!-- \/ Yoast SEO plugin. -->","yoast_head_json":{"title":"MILO Polvo de Malta de Chocolate (400g)","description":"El legendario Milo es una bebida en polvo a base de malta y chocolate. Repleto de energ\u00eda y con una textura crujiente inconfundible, es el desayuno favorito de ni\u00f1os (y adultos) en toda Colombia y Latinoam\u00e9rica.","robots":{"index":"index","follow":"follow","max-snippet":"max-snippet:-1","max-image-preview":"max-image-preview:large","max-video-preview":"max-video-preview:-1"},"canonical":"https:\/\/lavega.gr\/es\/producto\/milo-polvo-de-malta-de-chocolate-400g\/","og_locale":"es_ES","og_type":"article","og_title":"MILO Polvo de Malta de Chocolate (400g)","og_description":"El legendario Milo es una bebida en polvo a base de malta y chocolate. Repleto de energ\u00eda y con una textura crujiente inconfundible, es el desayuno favorito de ni\u00f1os (y adultos) en toda Colombia y Latinoam\u00e9rica.","og_url":"https:\/\/lavega.gr\/es\/producto\/milo-polvo-de-malta-de-chocolate-400g\/","og_site_name":"La Vega","article_modified_time":"2026-04-24T08:11:34+00:00","og_image":[{"width":1000,"height":1000,"url":"https:\/\/lavega.gr\/wp-content\/uploads\/2022\/12\/milo-400gr.png","type":"image\/png"}],"twitter_card":"summary_large_image","schema":{"@context":"https:\/\/schema.org","@graph":[{"@type":"WebPage","@id":"https:\/\/lavega.gr\/es\/producto\/milo-polvo-de-malta-de-chocolate-400g\/","url":"https:\/\/lavega.gr\/es\/producto\/milo-polvo-de-malta-de-chocolate-400g\/","name":"MILO Polvo de Malta de Chocolate (400g)","isPartOf":{"@id":"https:\/\/lavega.gr\/#website"},"primaryImageOfPage":{"@id":"https:\/\/lavega.gr\/es\/producto\/milo-polvo-de-malta-de-chocolate-400g\/#primaryimage"},"image":{"@id":"https:\/\/lavega.gr\/es\/producto\/milo-polvo-de-malta-de-chocolate-400g\/#primaryimage"},"thumbnailUrl":"https:\/\/lavega.gr\/wp-content\/uploads\/2022\/12\/milo-400gr.png","datePublished":"2022-12-28T09:14:07+00:00","dateModified":"2026-04-24T08:11:34+00:00","description":"El legendario Milo es una bebida en polvo a base de malta y chocolate. Repleto de energ\u00eda y con una textura crujiente inconfundible, es el desayuno favorito de ni\u00f1os (y adultos) en toda Colombia y Latinoam\u00e9rica.","breadcrumb":{"@id":"https:\/\/lavega.gr\/es\/producto\/milo-polvo-de-malta-de-chocolate-400g\/#breadcrumb"},"inLanguage":"es","potentialAction":[{"@type":"ReadAction","target":["https:\/\/lavega.gr\/es\/producto\/milo-polvo-de-malta-de-chocolate-400g\/"]}]},{"@type":"ImageObject","inLanguage":"es","@id":"https:\/\/lavega.gr\/es\/producto\/milo-polvo-de-malta-de-chocolate-400g\/#primaryimage","url":"https:\/\/lavega.gr\/wp-content\/uploads\/2022\/12\/milo-400gr.png","contentUrl":"https:\/\/lavega.gr\/wp-content\/uploads\/2022\/12\/milo-400gr.png","width":1000,"height":1000},{"@type":"BreadcrumbList","@id":"https:\/\/lavega.gr\/es\/producto\/milo-polvo-de-malta-de-chocolate-400g\/#breadcrumb","itemListElement":[{"@type":"ListItem","position":1,"name":"Home","item":"https:\/\/lavega.gr\/es\/"},{"@type":"ListItem","position":2,"name":"Productos","item":"https:\/\/lavega.gr\/es\/tienda\/"},{"@type":"ListItem","position":3,"name":"MILO Polvo de Malta de Chocolate (400g)"}]},{"@type":"WebSite","@id":"https:\/\/lavega.gr\/#website","url":"https:\/\/lavega.gr\/","name":"La Vega","description":"Productos Latinos","potentialAction":[{"@type":"SearchAction","target":{"@type":"EntryPoint","urlTemplate":"https:\/\/lavega.gr\/?s={search_term_string}"},"query-input":"required name=search_term_string"}],"inLanguage":"es"}]}},"_links":{"self":[{"href":"https:\/\/lavega.gr\/es\/wp-json\/wp\/v2\/product\/4043","targetHints":{"allow":["GET"]}}],"collection":[{"href":"https:\/\/lavega.gr\/es\/wp-json\/wp\/v2\/product"}],"about":[{"href":"https:\/\/lavega.gr\/es\/wp-json\/wp\/v2\/types\/product"}],"wp:featuredmedia":[{"embeddable":true,"href":"https:\/\/lavega.gr\/es\/wp-json\/wp\/v2\/media\/3482"}],"wp:attachment":[{"href":"https:\/\/lavega.gr\/es\/wp-json\/wp\/v2\/media?parent=4043"}],"wp:term":[{"taxonomy":"product_cat","embeddable":true,"href":"https:\/\/lavega.gr\/es\/wp-json\/wp\/v2\/product_cat?post=4043"},{"taxonomy":"product_tag","embeddable":true,"href":"https:\/\/lavega.gr\/es\/wp-json\/wp\/v2\/product_tag?post=4043"}],"curies":[{"name":"wp","href":"https:\/\/api.w.org\/{rel}","templated":true}]}}