{"id":3956,"date":"2023-03-03T13:42:01","date_gmt":"2023-03-03T11:42:01","guid":{"rendered":"https:\/\/lavega.gr\/product\/platanitos-naturales-80g\/"},"modified":"2026-03-16T19:06:56","modified_gmt":"2026-03-16T17:06:56","slug":"platanitos-naturales-80g","status":"publish","type":"product","link":"https:\/\/lavega.gr\/es\/producto\/platanitos-naturales-80g\/","title":{"rendered":"Platanitos Naturales (80g)"},"content":{"rendered":"<p>Los chips de pl\u00e1tano salados m\u00e1s buscados de Am\u00e9rica Latina conocidos como Platanitos, \u00a1son un snack delicioso que se disfruta en cada momento!<\/p>\n<p>Los platanitos son ideales para comer con salsa para mojar, p. guacamole, queso cheddar, \u00a1incluso como acompa\u00f1amiento de una fuente de embutidos y quesos!<\/p>\n<p>\u00a1Dale a tus aperitivos un nuevo sabor caribe\u00f1o!<\/p>\n","protected":false},"excerpt":{"rendered":"<p>Los chips de pl\u00e1tano salados m\u00e1s buscados de Am\u00e9rica Latina conocidos como Platanitos, \u00a1son un snack delicioso que se disfruta en cada momento! Los platanitos son ideales para comer con salsa para mojar, p. guacamole, queso cheddar, \u00a1incluso como acompa\u00f1amiento de una fuente de embutidos y quesos! \u00a1Dale a tus aperitivos un nuevo sabor caribe\u00f1o!<\/p>\n","protected":false},"featured_media":3877,"template":"","meta":[],"product_cat":[131,88],"product_tag":[],"class_list":{"0":"post-3956","1":"product","2":"type-product","3":"status-publish","4":"has-post-thumbnail","6":"product_cat-snacks-productos-salados","7":"product_cat-alimentos","9":"first","10":"outofstock","11":"taxable","12":"shipping-taxable","13":"purchasable","14":"product-type-simple"},"yoast_head":"<!-- This site is optimized with the Yoast SEO plugin v22.3 - https:\/\/yoast.com\/wordpress\/plugins\/seo\/ -->\n<title>Platanitos Naturales (80g) | La Vega<\/title>\n<meta name=\"description\" content=\"\u00a1Los chips de pl\u00e1tano m\u00e1s buscados de Am\u00e9rica Latina, conocidos como Platanitos, son un delicioso refrigerio que se puede disfrutar en cualquier momento del d\u00eda!\" \/>\n<meta name=\"robots\" content=\"index, follow, max-snippet:-1, max-image-preview:large, max-video-preview:-1\" \/>\n<link rel=\"canonical\" href=\"https:\/\/lavega.gr\/producto\/platanitos-naturales-80g\/\" \/>\n<meta property=\"og:locale\" content=\"es_ES\" \/>\n<meta property=\"og:type\" content=\"article\" \/>\n<meta property=\"og:title\" content=\"Platanitos Naturales (80g) | La Vega\" \/>\n<meta property=\"og:description\" content=\"\u00a1Los chips de pl\u00e1tano m\u00e1s buscados de Am\u00e9rica Latina, conocidos como Platanitos, son un delicioso refrigerio que se puede disfrutar en cualquier momento del d\u00eda!\" \/>\n<meta property=\"og:url\" content=\"https:\/\/lavega.gr\/producto\/platanitos-naturales-80g\/\" \/>\n<meta property=\"og:site_name\" content=\"La Vega\" \/>\n<meta property=\"article:modified_time\" content=\"2026-03-16T17:06:56+00:00\" \/>\n<meta property=\"og:image\" content=\"https:\/\/lavega.gr\/wp-content\/uploads\/2023\/03\/Platanitos-Naturales-80g.png\" \/>\n\t<meta property=\"og:image:width\" content=\"1000\" \/>\n\t<meta property=\"og:image:height\" content=\"1000\" \/>\n\t<meta property=\"og:image:type\" content=\"image\/png\" \/>\n<meta name=\"twitter:card\" content=\"summary_large_image\" \/>\n<meta name=\"twitter:label1\" content=\"Tiempo de lectura\" \/>\n\t<meta name=\"twitter:data1\" content=\"1 minuto\" \/>\n<script type=\"application\/ld+json\" class=\"yoast-schema-graph\">{\"@context\":\"https:\/\/schema.org\",\"@graph\":[{\"@type\":\"WebPage\",\"@id\":\"https:\/\/lavega.gr\/producto\/platanitos-naturales-80g\/\",\"url\":\"https:\/\/lavega.gr\/producto\/platanitos-naturales-80g\/\",\"name\":\"Platanitos Naturales (80g) | La Vega\",\"isPartOf\":{\"@id\":\"https:\/\/lavega.gr\/#website\"},\"primaryImageOfPage\":{\"@id\":\"https:\/\/lavega.gr\/producto\/platanitos-naturales-80g\/#primaryimage\"},\"image\":{\"@id\":\"https:\/\/lavega.gr\/producto\/platanitos-naturales-80g\/#primaryimage\"},\"thumbnailUrl\":\"https:\/\/lavega.gr\/wp-content\/uploads\/2023\/03\/Platanitos-Naturales-80g.png\",\"datePublished\":\"2023-03-03T11:42:01+00:00\",\"dateModified\":\"2026-03-16T17:06:56+00:00\",\"description\":\"\u00a1Los chips de pl\u00e1tano m\u00e1s buscados de Am\u00e9rica Latina, conocidos como Platanitos, son un delicioso refrigerio que se puede disfrutar en cualquier momento del d\u00eda!\",\"breadcrumb\":{\"@id\":\"https:\/\/lavega.gr\/producto\/platanitos-naturales-80g\/#breadcrumb\"},\"inLanguage\":\"es\",\"potentialAction\":[{\"@type\":\"ReadAction\",\"target\":[\"https:\/\/lavega.gr\/producto\/platanitos-naturales-80g\/\"]}]},{\"@type\":\"ImageObject\",\"inLanguage\":\"es\",\"@id\":\"https:\/\/lavega.gr\/producto\/platanitos-naturales-80g\/#primaryimage\",\"url\":\"https:\/\/lavega.gr\/wp-content\/uploads\/2023\/03\/Platanitos-Naturales-80g.png\",\"contentUrl\":\"https:\/\/lavega.gr\/wp-content\/uploads\/2023\/03\/Platanitos-Naturales-80g.png\",\"width\":1000,\"height\":1000},{\"@type\":\"BreadcrumbList\",\"@id\":\"https:\/\/lavega.gr\/producto\/platanitos-naturales-80g\/#breadcrumb\",\"itemListElement\":[{\"@type\":\"ListItem\",\"position\":1,\"name\":\"Home\",\"item\":\"https:\/\/lavega.gr\/es\/\"},{\"@type\":\"ListItem\",\"position\":2,\"name\":\"Productos\",\"item\":\"https:\/\/lavega.gr\/es\/tienda\/\"},{\"@type\":\"ListItem\",\"position\":3,\"name\":\"Platanitos Naturales (80g)\"}]},{\"@type\":\"WebSite\",\"@id\":\"https:\/\/lavega.gr\/#website\",\"url\":\"https:\/\/lavega.gr\/\",\"name\":\"La Vega\",\"description\":\"Productos Latinos\",\"potentialAction\":[{\"@type\":\"SearchAction\",\"target\":{\"@type\":\"EntryPoint\",\"urlTemplate\":\"https:\/\/lavega.gr\/?s={search_term_string}\"},\"query-input\":\"required name=search_term_string\"}],\"inLanguage\":\"es\"}]}<\/script>\n<!-- \/ Yoast SEO plugin. -->","yoast_head_json":{"title":"Platanitos Naturales (80g) | La Vega","description":"\u00a1Los chips de pl\u00e1tano m\u00e1s buscados de Am\u00e9rica Latina, conocidos como Platanitos, son un delicioso refrigerio que se puede disfrutar en cualquier momento del d\u00eda!","robots":{"index":"index","follow":"follow","max-snippet":"max-snippet:-1","max-image-preview":"max-image-preview:large","max-video-preview":"max-video-preview:-1"},"canonical":"https:\/\/lavega.gr\/producto\/platanitos-naturales-80g\/","og_locale":"es_ES","og_type":"article","og_title":"Platanitos Naturales (80g) | La Vega","og_description":"\u00a1Los chips de pl\u00e1tano m\u00e1s buscados de Am\u00e9rica Latina, conocidos como Platanitos, son un delicioso refrigerio que se puede disfrutar en cualquier momento del d\u00eda!","og_url":"https:\/\/lavega.gr\/producto\/platanitos-naturales-80g\/","og_site_name":"La Vega","article_modified_time":"2026-03-16T17:06:56+00:00","og_image":[{"width":1000,"height":1000,"url":"https:\/\/lavega.gr\/wp-content\/uploads\/2023\/03\/Platanitos-Naturales-80g.png","type":"image\/png"}],"twitter_card":"summary_large_image","twitter_misc":{"Tiempo de lectura":"1 minuto"},"schema":{"@context":"https:\/\/schema.org","@graph":[{"@type":"WebPage","@id":"https:\/\/lavega.gr\/producto\/platanitos-naturales-80g\/","url":"https:\/\/lavega.gr\/producto\/platanitos-naturales-80g\/","name":"Platanitos Naturales (80g) | La Vega","isPartOf":{"@id":"https:\/\/lavega.gr\/#website"},"primaryImageOfPage":{"@id":"https:\/\/lavega.gr\/producto\/platanitos-naturales-80g\/#primaryimage"},"image":{"@id":"https:\/\/lavega.gr\/producto\/platanitos-naturales-80g\/#primaryimage"},"thumbnailUrl":"https:\/\/lavega.gr\/wp-content\/uploads\/2023\/03\/Platanitos-Naturales-80g.png","datePublished":"2023-03-03T11:42:01+00:00","dateModified":"2026-03-16T17:06:56+00:00","description":"\u00a1Los chips de pl\u00e1tano m\u00e1s buscados de Am\u00e9rica Latina, conocidos como Platanitos, son un delicioso refrigerio que se puede disfrutar en cualquier momento del d\u00eda!","breadcrumb":{"@id":"https:\/\/lavega.gr\/producto\/platanitos-naturales-80g\/#breadcrumb"},"inLanguage":"es","potentialAction":[{"@type":"ReadAction","target":["https:\/\/lavega.gr\/producto\/platanitos-naturales-80g\/"]}]},{"@type":"ImageObject","inLanguage":"es","@id":"https:\/\/lavega.gr\/producto\/platanitos-naturales-80g\/#primaryimage","url":"https:\/\/lavega.gr\/wp-content\/uploads\/2023\/03\/Platanitos-Naturales-80g.png","contentUrl":"https:\/\/lavega.gr\/wp-content\/uploads\/2023\/03\/Platanitos-Naturales-80g.png","width":1000,"height":1000},{"@type":"BreadcrumbList","@id":"https:\/\/lavega.gr\/producto\/platanitos-naturales-80g\/#breadcrumb","itemListElement":[{"@type":"ListItem","position":1,"name":"Home","item":"https:\/\/lavega.gr\/es\/"},{"@type":"ListItem","position":2,"name":"Productos","item":"https:\/\/lavega.gr\/es\/tienda\/"},{"@type":"ListItem","position":3,"name":"Platanitos Naturales (80g)"}]},{"@type":"WebSite","@id":"https:\/\/lavega.gr\/#website","url":"https:\/\/lavega.gr\/","name":"La Vega","description":"Productos Latinos","potentialAction":[{"@type":"SearchAction","target":{"@type":"EntryPoint","urlTemplate":"https:\/\/lavega.gr\/?s={search_term_string}"},"query-input":"required name=search_term_string"}],"inLanguage":"es"}]}},"_links":{"self":[{"href":"https:\/\/lavega.gr\/es\/wp-json\/wp\/v2\/product\/3956","targetHints":{"allow":["GET"]}}],"collection":[{"href":"https:\/\/lavega.gr\/es\/wp-json\/wp\/v2\/product"}],"about":[{"href":"https:\/\/lavega.gr\/es\/wp-json\/wp\/v2\/types\/product"}],"wp:featuredmedia":[{"embeddable":true,"href":"https:\/\/lavega.gr\/es\/wp-json\/wp\/v2\/media\/3877"}],"wp:attachment":[{"href":"https:\/\/lavega.gr\/es\/wp-json\/wp\/v2\/media?parent=3956"}],"wp:term":[{"taxonomy":"product_cat","embeddable":true,"href":"https:\/\/lavega.gr\/es\/wp-json\/wp\/v2\/product_cat?post=3956"},{"taxonomy":"product_tag","embeddable":true,"href":"https:\/\/lavega.gr\/es\/wp-json\/wp\/v2\/product_tag?post=3956"}],"curies":[{"name":"wp","href":"https:\/\/api.w.org\/{rel}","templated":true}]}}