{"id":3701,"date":"2023-01-16T16:09:33","date_gmt":"2023-01-16T14:09:33","guid":{"rendered":"https:\/\/lavega.gr\/product\/pandeyucas-artesanos-130g\/"},"modified":"2026-01-28T21:38:09","modified_gmt":"2026-01-28T19:38:09","slug":"pandeyucas-artesanos-130g","status":"publish","type":"product","link":"https:\/\/lavega.gr\/es\/producto\/pandeyucas-artesanos-130g\/","title":{"rendered":"Pande Yuca (130g)"},"content":{"rendered":"<p>\u03a0\u03b1\u03c1\u03b1\u03b4\u03bf\u03c3\u03b9\u03b1\u03ba\u03cc Pandeyuca \u03c6\u03c4\u03b9\u03b1\u03b3\u03bc\u03ad\u03bdo \u03bc\u03b5 \u03b1\u03bb\u03b5\u03cd\u03c1\u03b9 \u03bc\u03b1\u03bd\u03b9\u03cc\u03ba\u03b1, \u03b1\u03c0\u03bf \u03c4\u03b7\u03bd \u039a\u03bf\u03bb\u03bf\u03bc\u03b2\u03af\u03b1!<\/p>\n<p>\u039c\u03b9\u03b1 \u03bd\u03cc\u03c3\u03c4\u03b9\u03bc\u03b7 \u03b5\u03c0\u03b9\u03bb\u03bf\u03b3\u03ae \u03c0\u03bf\u03c5 \u03b4\u03b5\u03bd \u03bb\u03b5\u03af\u03c0\u03b5\u03b9 \u03b1\u03c0\u03bf \u03ba\u03b1\u03bd\u03ad\u03bd\u03b1 \u03c4\u03c1\u03b1\u03c0\u03ad\u03b6\u03b9 \u03c4\u03c9\u03bd \u03bd\u03c4\u03cc\u03c0\u03b9\u03c9\u03bd! \u0397 \u03c5\u03c0\u03ad\u03c1\u03bf\u03c7\u03b7 \u03b3\u03b5\u03cd\u03c3\u03b7 \u03c4\u03bf\u03c5 \u03c3\u03b5 \u03ba\u03ac\u03bd\u03b5\u03b9 \u03bd\u03b1 \u03bc\u03b7\u03bd \u03bc\u03c0\u03bf\u03c1\u03b5\u03af\u03c2 \u03bd\u03b1 \u03b1\u03bd\u03c4\u03b9\u03c3\u03c4\u03b1\u03b8\u03b5\u03af\u03c2 \u03c3\u03b5 \u03bc\u03cc\u03bd\u03bf \u03ad\u03bd\u03b1!<\/p>\n<p>Aperitivos horneados en forma de hilo<\/p>\n<p><em><strong>Ingredientes<\/strong><\/em>: almid\u00f3n de yuca, levadura. Puede contener gluten, huevo, man\u00ed, frutos de c\u00e1scara <\/p>\n<p>Por 100 gramos<\/p>\n<p>Calor\u00edas: 218g<br \/>\nGrasa: 4g<br \/>\nCarbohidratos: 32g<br \/>\nProte\u00ednas: 13g<br \/>\nSal: 0g<\/p>\n<p>Pa\u00eds de origen: Colombia<br \/>\nPeso neto: 130g<\/p>\n","protected":false},"excerpt":{"rendered":"<p>\u03a0\u03b1\u03c1\u03b1\u03b4\u03bf\u03c3\u03b9\u03b1\u03ba\u03cc Pandeyuca \u03c6\u03c4\u03b9\u03b1\u03b3\u03bc\u03ad\u03bdo \u03bc\u03b5 \u03b1\u03bb\u03b5\u03cd\u03c1\u03b9 \u03bc\u03b1\u03bd\u03b9\u03cc\u03ba\u03b1, \u03b1\u03c0\u03bf \u03c4\u03b7\u03bd \u039a\u03bf\u03bb\u03bf\u03bc\u03b2\u03af\u03b1! \u039c\u03b9\u03b1 \u03bd\u03cc\u03c3\u03c4\u03b9\u03bc\u03b7 \u03b5\u03c0\u03b9\u03bb\u03bf\u03b3\u03ae \u03c0\u03bf\u03c5 \u03b4\u03b5\u03bd \u03bb\u03b5\u03af\u03c0\u03b5\u03b9 \u03b1\u03c0\u03bf \u03ba\u03b1\u03bd\u03ad\u03bd\u03b1 \u03c4\u03c1\u03b1\u03c0\u03ad\u03b6\u03b9 \u03c4\u03c9\u03bd \u03bd\u03c4\u03cc\u03c0\u03b9\u03c9\u03bd! \u0397 \u03c5\u03c0\u03ad\u03c1\u03bf\u03c7\u03b7 \u03b3\u03b5\u03cd\u03c3\u03b7 \u03c4\u03bf\u03c5 \u03c3\u03b5 \u03ba\u03ac\u03bd\u03b5\u03b9 \u03bd\u03b1 \u03bc\u03b7\u03bd \u03bc\u03c0\u03bf\u03c1\u03b5\u03af\u03c2 \u03bd\u03b1 \u03b1\u03bd\u03c4\u03b9\u03c3\u03c4\u03b1\u03b8\u03b5\u03af\u03c2 \u03c3\u03b5 \u03bc\u03cc\u03bd\u03bf \u03ad\u03bd\u03b1! Aperitivos horneados en forma de hilo Ingredientes: almid\u00f3n de yuca, levadura. Puede contener gluten, huevo, man\u00ed, frutos de c\u00e1scara Por 100&#8230;<\/p>\n","protected":false},"featured_media":3584,"template":"","meta":[],"product_cat":[131,88],"product_tag":[],"class_list":{"0":"post-3701","1":"product","2":"type-product","3":"status-publish","4":"has-post-thumbnail","6":"product_cat-snacks-productos-salados","7":"product_cat-alimentos","9":"first","10":"outofstock","11":"taxable","12":"shipping-taxable","13":"purchasable","14":"product-type-simple"},"yoast_head":"<!-- This site is optimized with the Yoast SEO plugin v22.3 - https:\/\/yoast.com\/wordpress\/plugins\/seo\/ -->\n<title>Pande Yuca (130g) | La Vega<\/title>\n<meta name=\"description\" content=\"\u03a0\u03b1\u03c1\u03b1\u03b4\u03bf\u03c3\u03b9\u03b1\u03ba\u03cc Pandeyuca \u03c6\u03c4\u03b9\u03b1\u03b3\u03bc\u03ad\u03bdo \u03bc\u03b5 \u03b1\u03bb\u03b5\u03cd\u03c1\u03b9 \u03bc\u03b1\u03bd\u03b9\u03cc\u03ba\u03b1, \u03b1\u03c0\u03bf \u03c4\u03b7\u03bd \u039a\u03bf\u03bb\u03bf\u03bc\u03b2\u03af\u03b1! \u0397 \u03c5\u03c0\u03ad\u03c1\u03bf\u03c7\u03b7 \u03b3\u03b5\u03cd\u03c3\u03b7 \u03c4\u03bf\u03c5 \u03c3\u03b5 \u03ba\u03ac\u03bd\u03b5\u03b9 \u03bd\u03b1 \u03bc\u03b7\u03bd \u03bc\u03c0\u03bf\u03c1\u03b5\u03af\u03c2 \u03bd\u03b1 \u03b1\u03bd\u03c4\u03b9\u03c3\u03c4\u03b1\u03b8\u03b5\u03af\u03c2!\" \/>\n<meta name=\"robots\" content=\"index, follow, max-snippet:-1, max-image-preview:large, max-video-preview:-1\" \/>\n<link rel=\"canonical\" href=\"https:\/\/lavega.gr\/es\/producto\/pandeyucas-artesanos-130g\/\" \/>\n<meta property=\"og:locale\" content=\"es_ES\" \/>\n<meta property=\"og:type\" content=\"article\" \/>\n<meta property=\"og:title\" content=\"Pande Yuca (130g) | La Vega\" \/>\n<meta property=\"og:description\" content=\"\u03a0\u03b1\u03c1\u03b1\u03b4\u03bf\u03c3\u03b9\u03b1\u03ba\u03cc Pandeyuca \u03c6\u03c4\u03b9\u03b1\u03b3\u03bc\u03ad\u03bdo \u03bc\u03b5 \u03b1\u03bb\u03b5\u03cd\u03c1\u03b9 \u03bc\u03b1\u03bd\u03b9\u03cc\u03ba\u03b1, \u03b1\u03c0\u03bf \u03c4\u03b7\u03bd \u039a\u03bf\u03bb\u03bf\u03bc\u03b2\u03af\u03b1! \u0397 \u03c5\u03c0\u03ad\u03c1\u03bf\u03c7\u03b7 \u03b3\u03b5\u03cd\u03c3\u03b7 \u03c4\u03bf\u03c5 \u03c3\u03b5 \u03ba\u03ac\u03bd\u03b5\u03b9 \u03bd\u03b1 \u03bc\u03b7\u03bd \u03bc\u03c0\u03bf\u03c1\u03b5\u03af\u03c2 \u03bd\u03b1 \u03b1\u03bd\u03c4\u03b9\u03c3\u03c4\u03b1\u03b8\u03b5\u03af\u03c2!\" \/>\n<meta property=\"og:url\" content=\"https:\/\/lavega.gr\/es\/producto\/pandeyucas-artesanos-130g\/\" \/>\n<meta property=\"og:site_name\" content=\"La Vega\" \/>\n<meta property=\"article:modified_time\" content=\"2026-01-28T19:38:09+00:00\" \/>\n<meta property=\"og:image\" content=\"https:\/\/lavega.gr\/wp-content\/uploads\/2023\/01\/Pandeyucas-130g.png\" \/>\n\t<meta property=\"og:image:width\" content=\"1000\" \/>\n\t<meta property=\"og:image:height\" content=\"1000\" \/>\n\t<meta property=\"og:image:type\" content=\"image\/png\" \/>\n<meta name=\"twitter:card\" content=\"summary_large_image\" \/>\n<script type=\"application\/ld+json\" class=\"yoast-schema-graph\">{\"@context\":\"https:\/\/schema.org\",\"@graph\":[{\"@type\":\"WebPage\",\"@id\":\"https:\/\/lavega.gr\/es\/producto\/pandeyucas-artesanos-130g\/\",\"url\":\"https:\/\/lavega.gr\/es\/producto\/pandeyucas-artesanos-130g\/\",\"name\":\"Pande Yuca (130g) | La Vega\",\"isPartOf\":{\"@id\":\"https:\/\/lavega.gr\/#website\"},\"primaryImageOfPage\":{\"@id\":\"https:\/\/lavega.gr\/es\/producto\/pandeyucas-artesanos-130g\/#primaryimage\"},\"image\":{\"@id\":\"https:\/\/lavega.gr\/es\/producto\/pandeyucas-artesanos-130g\/#primaryimage\"},\"thumbnailUrl\":\"https:\/\/lavega.gr\/wp-content\/uploads\/2023\/01\/Pandeyucas-130g.png\",\"datePublished\":\"2023-01-16T14:09:33+00:00\",\"dateModified\":\"2026-01-28T19:38:09+00:00\",\"description\":\"\u03a0\u03b1\u03c1\u03b1\u03b4\u03bf\u03c3\u03b9\u03b1\u03ba\u03cc Pandeyuca \u03c6\u03c4\u03b9\u03b1\u03b3\u03bc\u03ad\u03bdo \u03bc\u03b5 \u03b1\u03bb\u03b5\u03cd\u03c1\u03b9 \u03bc\u03b1\u03bd\u03b9\u03cc\u03ba\u03b1, \u03b1\u03c0\u03bf \u03c4\u03b7\u03bd \u039a\u03bf\u03bb\u03bf\u03bc\u03b2\u03af\u03b1! \u0397 \u03c5\u03c0\u03ad\u03c1\u03bf\u03c7\u03b7 \u03b3\u03b5\u03cd\u03c3\u03b7 \u03c4\u03bf\u03c5 \u03c3\u03b5 \u03ba\u03ac\u03bd\u03b5\u03b9 \u03bd\u03b1 \u03bc\u03b7\u03bd \u03bc\u03c0\u03bf\u03c1\u03b5\u03af\u03c2 \u03bd\u03b1 \u03b1\u03bd\u03c4\u03b9\u03c3\u03c4\u03b1\u03b8\u03b5\u03af\u03c2!\",\"breadcrumb\":{\"@id\":\"https:\/\/lavega.gr\/es\/producto\/pandeyucas-artesanos-130g\/#breadcrumb\"},\"inLanguage\":\"es\",\"potentialAction\":[{\"@type\":\"ReadAction\",\"target\":[\"https:\/\/lavega.gr\/es\/producto\/pandeyucas-artesanos-130g\/\"]}]},{\"@type\":\"ImageObject\",\"inLanguage\":\"es\",\"@id\":\"https:\/\/lavega.gr\/es\/producto\/pandeyucas-artesanos-130g\/#primaryimage\",\"url\":\"https:\/\/lavega.gr\/wp-content\/uploads\/2023\/01\/Pandeyucas-130g.png\",\"contentUrl\":\"https:\/\/lavega.gr\/wp-content\/uploads\/2023\/01\/Pandeyucas-130g.png\",\"width\":1000,\"height\":1000},{\"@type\":\"BreadcrumbList\",\"@id\":\"https:\/\/lavega.gr\/es\/producto\/pandeyucas-artesanos-130g\/#breadcrumb\",\"itemListElement\":[{\"@type\":\"ListItem\",\"position\":1,\"name\":\"Home\",\"item\":\"https:\/\/lavega.gr\/es\/\"},{\"@type\":\"ListItem\",\"position\":2,\"name\":\"Productos\",\"item\":\"https:\/\/lavega.gr\/es\/tienda\/\"},{\"@type\":\"ListItem\",\"position\":3,\"name\":\"Pande Yuca (130g)\"}]},{\"@type\":\"WebSite\",\"@id\":\"https:\/\/lavega.gr\/#website\",\"url\":\"https:\/\/lavega.gr\/\",\"name\":\"La Vega\",\"description\":\"Productos Latinos\",\"potentialAction\":[{\"@type\":\"SearchAction\",\"target\":{\"@type\":\"EntryPoint\",\"urlTemplate\":\"https:\/\/lavega.gr\/?s={search_term_string}\"},\"query-input\":\"required name=search_term_string\"}],\"inLanguage\":\"es\"}]}<\/script>\n<!-- \/ Yoast SEO plugin. -->","yoast_head_json":{"title":"Pande Yuca (130g) | La Vega","description":"\u03a0\u03b1\u03c1\u03b1\u03b4\u03bf\u03c3\u03b9\u03b1\u03ba\u03cc Pandeyuca \u03c6\u03c4\u03b9\u03b1\u03b3\u03bc\u03ad\u03bdo \u03bc\u03b5 \u03b1\u03bb\u03b5\u03cd\u03c1\u03b9 \u03bc\u03b1\u03bd\u03b9\u03cc\u03ba\u03b1, \u03b1\u03c0\u03bf \u03c4\u03b7\u03bd \u039a\u03bf\u03bb\u03bf\u03bc\u03b2\u03af\u03b1! \u0397 \u03c5\u03c0\u03ad\u03c1\u03bf\u03c7\u03b7 \u03b3\u03b5\u03cd\u03c3\u03b7 \u03c4\u03bf\u03c5 \u03c3\u03b5 \u03ba\u03ac\u03bd\u03b5\u03b9 \u03bd\u03b1 \u03bc\u03b7\u03bd \u03bc\u03c0\u03bf\u03c1\u03b5\u03af\u03c2 \u03bd\u03b1 \u03b1\u03bd\u03c4\u03b9\u03c3\u03c4\u03b1\u03b8\u03b5\u03af\u03c2!","robots":{"index":"index","follow":"follow","max-snippet":"max-snippet:-1","max-image-preview":"max-image-preview:large","max-video-preview":"max-video-preview:-1"},"canonical":"https:\/\/lavega.gr\/es\/producto\/pandeyucas-artesanos-130g\/","og_locale":"es_ES","og_type":"article","og_title":"Pande Yuca (130g) | La Vega","og_description":"\u03a0\u03b1\u03c1\u03b1\u03b4\u03bf\u03c3\u03b9\u03b1\u03ba\u03cc Pandeyuca \u03c6\u03c4\u03b9\u03b1\u03b3\u03bc\u03ad\u03bdo \u03bc\u03b5 \u03b1\u03bb\u03b5\u03cd\u03c1\u03b9 \u03bc\u03b1\u03bd\u03b9\u03cc\u03ba\u03b1, \u03b1\u03c0\u03bf \u03c4\u03b7\u03bd \u039a\u03bf\u03bb\u03bf\u03bc\u03b2\u03af\u03b1! \u0397 \u03c5\u03c0\u03ad\u03c1\u03bf\u03c7\u03b7 \u03b3\u03b5\u03cd\u03c3\u03b7 \u03c4\u03bf\u03c5 \u03c3\u03b5 \u03ba\u03ac\u03bd\u03b5\u03b9 \u03bd\u03b1 \u03bc\u03b7\u03bd \u03bc\u03c0\u03bf\u03c1\u03b5\u03af\u03c2 \u03bd\u03b1 \u03b1\u03bd\u03c4\u03b9\u03c3\u03c4\u03b1\u03b8\u03b5\u03af\u03c2!","og_url":"https:\/\/lavega.gr\/es\/producto\/pandeyucas-artesanos-130g\/","og_site_name":"La Vega","article_modified_time":"2026-01-28T19:38:09+00:00","og_image":[{"width":1000,"height":1000,"url":"https:\/\/lavega.gr\/wp-content\/uploads\/2023\/01\/Pandeyucas-130g.png","type":"image\/png"}],"twitter_card":"summary_large_image","schema":{"@context":"https:\/\/schema.org","@graph":[{"@type":"WebPage","@id":"https:\/\/lavega.gr\/es\/producto\/pandeyucas-artesanos-130g\/","url":"https:\/\/lavega.gr\/es\/producto\/pandeyucas-artesanos-130g\/","name":"Pande Yuca (130g) | La Vega","isPartOf":{"@id":"https:\/\/lavega.gr\/#website"},"primaryImageOfPage":{"@id":"https:\/\/lavega.gr\/es\/producto\/pandeyucas-artesanos-130g\/#primaryimage"},"image":{"@id":"https:\/\/lavega.gr\/es\/producto\/pandeyucas-artesanos-130g\/#primaryimage"},"thumbnailUrl":"https:\/\/lavega.gr\/wp-content\/uploads\/2023\/01\/Pandeyucas-130g.png","datePublished":"2023-01-16T14:09:33+00:00","dateModified":"2026-01-28T19:38:09+00:00","description":"\u03a0\u03b1\u03c1\u03b1\u03b4\u03bf\u03c3\u03b9\u03b1\u03ba\u03cc Pandeyuca \u03c6\u03c4\u03b9\u03b1\u03b3\u03bc\u03ad\u03bdo \u03bc\u03b5 \u03b1\u03bb\u03b5\u03cd\u03c1\u03b9 \u03bc\u03b1\u03bd\u03b9\u03cc\u03ba\u03b1, \u03b1\u03c0\u03bf \u03c4\u03b7\u03bd \u039a\u03bf\u03bb\u03bf\u03bc\u03b2\u03af\u03b1! \u0397 \u03c5\u03c0\u03ad\u03c1\u03bf\u03c7\u03b7 \u03b3\u03b5\u03cd\u03c3\u03b7 \u03c4\u03bf\u03c5 \u03c3\u03b5 \u03ba\u03ac\u03bd\u03b5\u03b9 \u03bd\u03b1 \u03bc\u03b7\u03bd \u03bc\u03c0\u03bf\u03c1\u03b5\u03af\u03c2 \u03bd\u03b1 \u03b1\u03bd\u03c4\u03b9\u03c3\u03c4\u03b1\u03b8\u03b5\u03af\u03c2!","breadcrumb":{"@id":"https:\/\/lavega.gr\/es\/producto\/pandeyucas-artesanos-130g\/#breadcrumb"},"inLanguage":"es","potentialAction":[{"@type":"ReadAction","target":["https:\/\/lavega.gr\/es\/producto\/pandeyucas-artesanos-130g\/"]}]},{"@type":"ImageObject","inLanguage":"es","@id":"https:\/\/lavega.gr\/es\/producto\/pandeyucas-artesanos-130g\/#primaryimage","url":"https:\/\/lavega.gr\/wp-content\/uploads\/2023\/01\/Pandeyucas-130g.png","contentUrl":"https:\/\/lavega.gr\/wp-content\/uploads\/2023\/01\/Pandeyucas-130g.png","width":1000,"height":1000},{"@type":"BreadcrumbList","@id":"https:\/\/lavega.gr\/es\/producto\/pandeyucas-artesanos-130g\/#breadcrumb","itemListElement":[{"@type":"ListItem","position":1,"name":"Home","item":"https:\/\/lavega.gr\/es\/"},{"@type":"ListItem","position":2,"name":"Productos","item":"https:\/\/lavega.gr\/es\/tienda\/"},{"@type":"ListItem","position":3,"name":"Pande Yuca (130g)"}]},{"@type":"WebSite","@id":"https:\/\/lavega.gr\/#website","url":"https:\/\/lavega.gr\/","name":"La Vega","description":"Productos Latinos","potentialAction":[{"@type":"SearchAction","target":{"@type":"EntryPoint","urlTemplate":"https:\/\/lavega.gr\/?s={search_term_string}"},"query-input":"required name=search_term_string"}],"inLanguage":"es"}]}},"_links":{"self":[{"href":"https:\/\/lavega.gr\/es\/wp-json\/wp\/v2\/product\/3701","targetHints":{"allow":["GET"]}}],"collection":[{"href":"https:\/\/lavega.gr\/es\/wp-json\/wp\/v2\/product"}],"about":[{"href":"https:\/\/lavega.gr\/es\/wp-json\/wp\/v2\/types\/product"}],"wp:featuredmedia":[{"embeddable":true,"href":"https:\/\/lavega.gr\/es\/wp-json\/wp\/v2\/media\/3584"}],"wp:attachment":[{"href":"https:\/\/lavega.gr\/es\/wp-json\/wp\/v2\/media?parent=3701"}],"wp:term":[{"taxonomy":"product_cat","embeddable":true,"href":"https:\/\/lavega.gr\/es\/wp-json\/wp\/v2\/product_cat?post=3701"},{"taxonomy":"product_tag","embeddable":true,"href":"https:\/\/lavega.gr\/es\/wp-json\/wp\/v2\/product_tag?post=3701"}],"curies":[{"name":"wp","href":"https:\/\/api.w.org\/{rel}","templated":true}]}}