{"id":4126,"date":"2016-08-05T08:58:54","date_gmt":"2016-08-05T06:58:54","guid":{"rendered":"https:\/\/lavega.gr\/inicio\/"},"modified":"2026-04-22T15:53:20","modified_gmt":"2026-04-22T13:53:20","slug":"inicio","status":"publish","type":"page","link":"https:\/\/lavega.gr\/es\/","title":{"rendered":"Inicio"},"content":{"rendered":"<section class=\"wpb-content-wrapper\"><p>[vc_row][vc_column]\n\t\t\t<!-- START Home 01 REVOLUTION SLIDER 6.6.5 --><p class=\"rs-p-wp-fix\"><\/p>\n\t\t\t<rs-module-wrap id=\"rev_slider_2_1_wrapper\" data-source=\"gallery\" style=\"visibility:hidden;background:transparent;padding:0;\">\n\t\t\t\t<rs-module id=\"rev_slider_2_1\" style=\"\" data-version=\"6.6.5\">\n\t\t\t\t\t<rs-slides style=\"overflow: hidden; position: absolute;\">\n\t\t\t\t\t\t<rs-slide style=\"position: absolute;\" data-key=\"rs-2\" data-title=\"Slide\" data-anim=\"adpr:false;\" data-in=\"o:0;\" data-out=\"a:false;\">\n\t\t\t\t\t\t\t<img decoding=\"async\" src=\"\/\/lavega.gr\/wp-content\/plugins\/revslider\/public\/assets\/assets\/dummy.png\" alt=\"\u03a0\u03c1\u03bf\u03ca\u03cc\u03bd\u03c4\u03b1 \u039b\u03b1\u03c4\u03b9\u03bd\u03b9\u03ba\u03ae\u03c2 \u0391\u03bc\u03b5\u03c1\u03b9\u03ba\u03ae\u03c2 \u03b1\u03c0\u03cc \u03c4\u03bf La Vega\" width=\"1920\" height=\"920\" class=\"rev-slidebg tp-rs-img rs-lazyload\" data-lazyload=\"\/\/lavega.gr\/wp-content\/uploads\/2022\/12\/header_1.1.png\" data-no-retina>\n<!--\n\t\t\t\t\t\t\t--><rs-layer\n\t\t\t\t\t\t\t\tid=\"slider-2-slide-2-layer-9\" \n\t\t\t\t\t\t\t\tdata-type=\"text\"\n\t\t\t\t\t\t\t\tdata-color=\"rgba(255,255,255,1)\"\n\t\t\t\t\t\t\t\tdata-rsp_ch=\"on\"\n\t\t\t\t\t\t\t\tdata-xy=\"x:c;yo:597px,597px,597px,440px;\"\n\t\t\t\t\t\t\t\tdata-text=\"w:normal;s:18;l:32;a:center;\"\n\t\t\t\t\t\t\t\tdata-dim=\"w:699px,699px,699px,380px;\"\n\t\t\t\t\t\t\t\tdata-blendmode=\"color-dodge\"\n\t\t\t\t\t\t\t\tdata-frame_1=\"e:power2.inOut;st:500;\"\n\t\t\t\t\t\t\t\tdata-frame_999=\"o:0;e:nothing;st:w;\"\n\t\t\t\t\t\t\t\tstyle=\"z-index:12;font-family:'Roboto';\"\n\t\t\t\t\t\t\t> \n\t\t\t\t\t\t\t<\/rs-layer><!--\n\n\t\t\t\t\t\t\t--><a\n\t\t\t\t\t\t\t\tid=\"slider-2-slide-2-layer-10\" \n\t\t\t\t\t\t\t\tclass=\"rs-layer btn-2\"\n\t\t\t\t\t\t\t\thref=\"shop\" target=\"_self\"\n\t\t\t\t\t\t\t\tdata-type=\"text\"\n\t\t\t\t\t\t\t\tdata-color=\"rgba(255,255,255,1)\"\n\t\t\t\t\t\t\t\tdata-rsp_ch=\"on\"\n\t\t\t\t\t\t\t\tdata-xy=\"x:c;yo:643px,643px,643px,600px;\"\n\t\t\t\t\t\t\t\tdata-text=\"s:15;l:15;fw:700;\"\n\t\t\t\t\t\t\t\tdata-padding=\"t:15;r:30;b:15;l:30;\"\n\t\t\t\t\t\t\t\tdata-border=\"bos:solid;boc:#e5905d;bow:2px,2px,2px,2px;bor:2px,2px,2px,2px;\"\n\t\t\t\t\t\t\t\tdata-frame_1=\"e:power2.inOut;st:500;\"\n\t\t\t\t\t\t\t\tdata-frame_999=\"o:0;e:nothing;st:w;\"\n\t\t\t\t\t\t\t\tdata-frame_hover=\"bgc:transparent;boc:#fff;bor:2px,2px,2px,2px;bos:solid;bow:2px,2px,2px,2px;oX:50;oY:50;e:none;\"\n\t\t\t\t\t\t\t\tstyle=\"z-index:13;background-color:#e5905d;font-family:'Lato';text-transform:uppercase;\"\n\t\t\t\t\t\t\t>shop now \n\t\t\t\t\t\t\t<\/a><!--\n-->\t\t\t\t\t\t<\/rs-slide>\n\t\t\t\t\t<\/rs-slides>\n\t\t\t\t<\/rs-module>\n\t\t\t\t<script>\n\t\t\t\t\tsetREVStartSize({c: 'rev_slider_2_1',rl:[1240,1024,778,480],el:[868,768,960,720],gw:[1240,1024,778,480],gh:[868,768,960,720],type:'standard',justify:'',layout:'fullscreen',offsetContainer:'',offset:'',mh:\"0\"});if (window.RS_MODULES!==undefined && window.RS_MODULES.modules!==undefined && window.RS_MODULES.modules[\"revslider21\"]!==undefined) {window.RS_MODULES.modules[\"revslider21\"].once = false;window.revapi2 = undefined;if (window.RS_MODULES.checkMinimal!==undefined) window.RS_MODULES.checkMinimal()}\n\t\t\t\t<\/script>\n\t\t\t<\/rs-module-wrap>\n\t\t\t<!-- END REVOLUTION SLIDER -->\n[\/vc_column][\/vc_row][vc_row full_width=&#8221;stretch_row&#8221; css=&#8221;.vc_custom_1670574563193{padding-bottom: 200px !important;background: #f5f3f0 url(https:\/\/organik.thememove.com\/wp-content\/uploads\/2016\/10\/section-bg-04.png?id=1221) !important;}&#8221; el_class=&#8221;bg-center-bottom&#8221;][vc_column][insight_icon icon_lib=&#8221;organik&#8221; icon_organik=&#8221;organik-leaves&#8221; display=&#8221;&#8221; font_size=&#8221;90&#8243;][vc_custom_heading text=&#8221;La Vega&#8221; font_container=&#8221;tag:h2|font_size:4rem|text_align:center&#8221; font_weight=&#8221;900&#8243; letter_spacing=&#8221;0.05em&#8221; el_class=&#8221;freestyle-font&#8221;][vc_custom_heading text=&#8221;\u00a1Viaja a Latinoam\u00e9rica a trav\u00e9s de tu cocina! \ud83c\udf34<\/p>\n<p>Desde pl\u00e1tanos frescos del Caribe hasta aut\u00e9ntica harina de pan de Venezuela y Colombia<br \/>\nLa Vega Deli trae los mejores ingredientes a tu mesa.<br \/>\nDescubre frutas ex\u00f3ticas \u00fanicas, botanas aut\u00e9nticas y salsas tradicionales que llenar\u00e1n tus platillos de color y aromas tropicales.<\/p>\n<p>\u00a1Cocina, saborea y vive la experiencia!&#8221; font_container=&#8221;tag:div|font_size:22px|text_align:center|color:%23e5905d|line_height:48px&#8221; use_theme_fonts=&#8221;&#8221; google_fonts=&#8221;font_family:Open%20Sans%3A300%2C300italic%2Cregular%2Citalic%2C600%2C600italic%2C700%2C700italic%2C800%2C800italic|font_style:400%20italic%3A400%3Aitalic&#8221; font_weight=&#8221;400&#8243; el_class=&#8221;mw-750&#8243;][vc_empty_space height=&#8221;60&#8243;][vc_custom_heading text=&#8221;&#8221; font_container=&#8221;tag:div|font_size:14px|text_align:center|color:%235e5a54|line_height:1em&#8221; font_weight=&#8221;400&#8243; el_class=&#8221;quote-name&#8221;][vc_empty_space height=&#8221;30&#8243;][\/vc_column][\/vc_row][vc_row css=&#8221;.vc_custom_1674027175657{padding-top: 50px !important;}&#8221;][vc_column width=&#8221;1\/2&#8243;][insight_title sub_title_enable=&#8221;yes&#8221; separator_enable=&#8221;yes&#8221; title=&#8221;Ofertas&#8221; css=&#8221;.vc_custom_1712052306137{padding-bottom: 20px !important;}&#8221; sub_title=&#8221;de productos&#8221;][insight_countdown_product products=&#8221;%5B%7B%22product_id%22%3A%224132%22%7D%2C%7B%22product_id%22%3A%224043%22%7D%2C%7B%22product_id%22%3A%224341%22%7D%2C%7B%22product_id%22%3A%224047%22%7D%5D&#8221;][\/vc_column][vc_column width=&#8221;1\/2&#8243; offset=&#8221;vc_hidden-sm vc_hidden-xs&#8221;][insight_product_grid product_type=&#8221;best_selling_products&#8221; disable_filter=&#8221;yes&#8221; order_by=&#8221;&#8221; order=&#8221;&#8221; categories=&#8221;trofima,gluten-free,ana-peristasi,rofimata,pota&#8221; number=&#8221;6&#8243; columns=&#8221;2&#8243;][\/vc_column][\/vc_row][vc_row full_width=&#8221;stretch_row_content_no_spaces&#8221; css=&#8221;.vc_custom_1471834176942{margin-top: 100px !important;}&#8221;][vc_column width=&#8221;2\/3&#8243; el_class=&#8221;col-md-6p&#8221;][insight_product_carousel product_type=&#8221;recent_products&#8221; number=&#8221;12&#8243; order_by=&#8221;date&#8221; order=&#8221;&#8221; layout=&#8221;&#8221; slide_to_show=&#8221;6&#8243; title=&#8221;Descubre&#8221; sub_title=&#8221;nuevos productos&#8221;][\/vc_column][vc_column width=&#8221;1\/3&#8243; el_class=&#8221;col-md-4p&#8221;][insight_featured_product image=&#8221;&#8221; link=&#8221;url:https%3A%2F%2Flavega.gr%2Fes%2Fcategoria-producto%2Fbebidas%2F|title:shop%20now&#8221; box_bg_color=&#8221;#f5f3f0&#8243; title_1=&#8221;Fresco&#8221; title_2=&#8221;Bebidas&#8221; title_3=&#8221;Bebidas &#8211; Licores&#8221;]\u00a1Una aut\u00e9ntica elecci\u00f3n que vale la pena probar![\/insight_featured_product][\/vc_column][\/vc_row][vc_row full_width=&#8221;stretch_row&#8221; css=&#8221;.vc_custom_1673344503915{padding-top: 100px !important;}&#8221;][vc_column css=&#8221;.vc_custom_1471249337540{padding-top: 0px !important;}&#8221;][insight_carousel custom_image_size=&#8221;yes&#8221; width=&#8221;150&#8243; height=&#8221;150&#8243; autoplay=&#8221;yes&#8221; slides_per_row=&#8221;5&#8243; images=&#8221;2993,2994,2995,2996,2997,2998&#8243;][\/vc_column][\/vc_row][vc_row css=&#8221;.vc_custom_1669372150759{padding-bottom: 30px !important;}&#8221;][vc_column css=&#8221;.vc_custom_1669312318894{padding-top: 60px !important;}&#8221;][vc_row_inner css=&#8221;.vc_custom_1674027143882{padding-top: 20px !important;padding-bottom: 30px !important;background-color: #ffffff !important;border-radius: 4px !important;}&#8221;][vc_column_inner css=&#8221;.vc_custom_1471862782769{padding-top: 80px !important;}&#8221;][insight_title sub_title_enable=&#8221;yes&#8221; separator_enable=&#8221;yes&#8221; title=&#8221;Nuestras noticias&#8221; css=&#8221;.vc_custom_1712052448455{padding-bottom: 60px !important;}&#8221; sub_title=&#8221;del Blog&#8221;][insight_blog style=&#8221;&#8221; categories=&#8221;syntages&#8221; order_by=&#8221;&#8221; order=&#8221;&#8221; number=&#8221;2&#8243;][\/vc_column_inner][\/vc_row_inner][\/vc_column][\/vc_row][vc_row full_width=&#8221;stretch_row&#8221; css=&#8221;.vc_custom_1669371945304{background-position: center !important;background-repeat: no-repeat !important;background-size: cover !important;}&#8221;][vc_column css=&#8221;.vc_custom_1669312327340{margin-top: 0px !important;padding-top: 0px !important;}&#8221; offset=&#8221;vc_hidden-lg vc_hidden-md vc_hidden-sm vc_hidden-xs&#8221;][insight_title separator_enable=&#8221;yes&#8221; style=&#8221;color&#8221; title=&#8221;Amamos a nuestros clientes&#8221;][insight_testimonial display_bullets=&#8221;false&#8221; slides_to_display=&#8221;1&#8243; testimonials=&#8221;%5B%7B%22photo%22%3A%22370%22%2C%22name%22%3A%22Leslie%22%2C%22tagline%22%3A%22Accountant%2C%20USA%22%2C%22content%22%3A%22I&#8217;m%20absolutely%20thrilled%20with%20the%20beautiful%20produce.%20What%20a%20treat%20to%20find%20your%20box%20at%20our%20door.%20It%20means%20the%20world%20to%20my%20kids%20and%20me.%20Thank%20you%20so%20much%20for%20the%20delicious%20fruits%20and%20veggies!%22%7D%2C%7B%22photo%22%3A%22209%22%2C%22name%22%3A%22Andre%22%2C%22tagline%22%3A%22Teacher%2C%20USA%22%2C%22content%22%3A%22I&#8217;ve%20been%20receiving%20a%20box%20from%20you%20guys%20for%20roughly%20one%20year%20now%2C%20and%20absolutely%20love%20it.%20I%20could%20not%20be%20happier%20with%20the%20fresh%20produce%20I%20receive.%20Thanks%20so%20much%20for%20all%20you%20do!%22%7D%2C%7B%22photo%22%3A%22207%22%2C%22name%22%3A%22Kenne%22%2C%22tagline%22%3A%22Manager%2C%20USA%22%2C%22content%22%3A%22Since%20we%20have%20started%20receiving%20your%20produce%20my%20children%20are%20eating%20lots%20more%20carrots.%20It%20is%20because%20your%20carrots%20taste%20so%20much%20better%20than%20the%20kind%20we%20were%20getting%20in%20the%20grocery%20store.%22%7D%5D&#8221;][\/vc_column][\/vc_row][vc_row][vc_column width=&#8221;1\/3&#8243; offset=&#8221;vc_hidden-lg vc_hidden-md vc_hidden-sm vc_hidden-xs&#8221;][insight_about2 style=&#8221;&#8221; image=&#8221;283&#8243; title=&#8221;\u00bfquien somos?&#8221; link=&#8221;url:%23|title:Read%20more|target:%20_blank|&#8221;]Entendiendo los m\u00e9todos a veces da\u00f1inos de la agricultura moderna, abrimos un nicho para el cultivo de productos org\u00e1nicos de calidad.[\/insight_about2][\/vc_column][vc_column width=&#8221;1\/3&#8243; offset=&#8221;vc_hidden-lg vc_hidden-md vc_hidden-sm vc_hidden-xs&#8221;][insight_about2 style=&#8221;&#8221; image=&#8221;284&#8243; title=&#8221;\u00bfc\u00f3mo trabajamos?&#8221; link=&#8221;url:%23|title:Read%20more|target:%20_blank|&#8221;]Creemos que es la mejor manera de inspirar a nuestra comunidad a saborear el sabor de los productos reales de temporada y mantenerse conectados con la tierra.[\/insight_about2][\/vc_column][vc_column width=&#8221;1\/3&#8243; offset=&#8221;vc_hidden-lg vc_hidden-md vc_hidden-sm vc_hidden-xs&#8221;][insight_about2 style=&#8221;&#8221; image=&#8221;285&#8243; title=&#8221;que cultivamos?&#8221; link=&#8221;url:%23|title:Read%20more|target:%20_blank|&#8221;]Tenemos especial cuidado en seleccionar y cultivar variedades de cultivos espec\u00edficas donde el sabor excepcional es el enfoque, con la determinaci\u00f3n de traer los productos de mejor sabor.[\/insight_about2][\/vc_column][\/vc_row]<\/p>\n<\/section>","protected":false},"excerpt":{"rendered":"<p>[vc_row][vc_column][\/vc_column][\/vc_row][vc_row full_width=&#8221;stretch_row&#8221; css=&#8221;.vc_custom_1670574563193{padding-bottom: 200px !important;background: #f5f3f0 url(https:\/\/organik.thememove.com\/wp-content\/uploads\/2016\/10\/section-bg-04.png?id=1221) !important;}&#8221; el_class=&#8221;bg-center-bottom&#8221;][vc_column][insight_icon icon_lib=&#8221;organik&#8221; icon_organik=&#8221;organik-leaves&#8221; display=&#8221;&#8221; font_size=&#8221;90&#8243;][vc_custom_heading text=&#8221;La Vega&#8221; font_container=&#8221;tag:h2|font_size:4rem|text_align:center&#8221; font_weight=&#8221;900&#8243; letter_spacing=&#8221;0.05em&#8221; el_class=&#8221;freestyle-font&#8221;][vc_custom_heading text=&#8221;\u00a1Viaja a Latinoam\u00e9rica a trav\u00e9s de tu cocina! \ud83c\udf34 Desde pl\u00e1tanos frescos del Caribe hasta aut\u00e9ntica harina de pan de Venezuela y Colombia La Vega Deli trae los mejores ingredientes a tu mesa. Descubre frutas ex\u00f3ticas&#8230;<\/p>\n","protected":false},"author":1,"featured_media":0,"parent":0,"menu_order":0,"comment_status":"closed","ping_status":"closed","template":"","meta":{"footnotes":""},"class_list":["post-4126","page","type-page","status-publish","hentry"],"yoast_head":"<!-- This site is optimized with the Yoast SEO plugin v22.3 - https:\/\/yoast.com\/wordpress\/plugins\/seo\/ -->\n<title>Productos Latinoamericanos | La Vega<\/title>\n<meta name=\"description\" content=\"Descubre productos locales, comidas, bebidas de LatinoAmerica en Delicatessen La Vega. Emviamos a toda la Grecia\" \/>\n<meta name=\"robots\" content=\"index, follow, max-snippet:-1, max-image-preview:large, max-video-preview:-1\" \/>\n<link rel=\"canonical\" href=\"https:\/\/lavega.gr\/es\/\" \/>\n<meta property=\"og:locale\" content=\"es_ES\" \/>\n<meta property=\"og:type\" content=\"article\" \/>\n<meta property=\"og:title\" content=\"Productos Latinoamericanos | La Vega\" \/>\n<meta property=\"og:description\" content=\"Descubre productos locales, comidas, bebidas de LatinoAmerica en Delicatessen La Vega. Emviamos a toda la Grecia\" \/>\n<meta property=\"og:url\" content=\"https:\/\/lavega.gr\/es\/\" \/>\n<meta property=\"og:site_name\" content=\"La Vega\" \/>\n<meta property=\"article:modified_time\" content=\"2026-04-22T13:53:20+00:00\" \/>\n<meta name=\"twitter:card\" content=\"summary_large_image\" \/>\n<meta name=\"twitter:label1\" content=\"Tiempo de lectura\" \/>\n\t<meta name=\"twitter:data1\" content=\"4 minutos\" \/>\n<script type=\"application\/ld+json\" class=\"yoast-schema-graph\">{\"@context\":\"https:\/\/schema.org\",\"@graph\":[{\"@type\":\"WebPage\",\"@id\":\"https:\/\/lavega.gr\/es\/\",\"url\":\"https:\/\/lavega.gr\/es\/\",\"name\":\"Productos Latinoamericanos | La Vega\",\"isPartOf\":{\"@id\":\"https:\/\/lavega.gr\/#website\"},\"datePublished\":\"2016-08-05T06:58:54+00:00\",\"dateModified\":\"2026-04-22T13:53:20+00:00\",\"description\":\"Descubre productos locales, comidas, bebidas de LatinoAmerica en Delicatessen La Vega. Emviamos a toda la Grecia\",\"breadcrumb\":{\"@id\":\"https:\/\/lavega.gr\/es\/#breadcrumb\"},\"inLanguage\":\"es\",\"potentialAction\":[{\"@type\":\"ReadAction\",\"target\":[\"https:\/\/lavega.gr\/es\/\"]}]},{\"@type\":\"BreadcrumbList\",\"@id\":\"https:\/\/lavega.gr\/es\/#breadcrumb\",\"itemListElement\":[{\"@type\":\"ListItem\",\"position\":1,\"name\":\"Home\",\"item\":\"https:\/\/lavega.gr\/es\/\"},{\"@type\":\"ListItem\",\"position\":2,\"name\":\"Inicio\"}]},{\"@type\":\"WebSite\",\"@id\":\"https:\/\/lavega.gr\/#website\",\"url\":\"https:\/\/lavega.gr\/\",\"name\":\"La Vega\",\"description\":\"Productos Latinos\",\"potentialAction\":[{\"@type\":\"SearchAction\",\"target\":{\"@type\":\"EntryPoint\",\"urlTemplate\":\"https:\/\/lavega.gr\/?s={search_term_string}\"},\"query-input\":\"required name=search_term_string\"}],\"inLanguage\":\"es\"}]}<\/script>\n<!-- \/ Yoast SEO plugin. -->","yoast_head_json":{"title":"Productos Latinoamericanos | La Vega","description":"Descubre productos locales, comidas, bebidas de LatinoAmerica en Delicatessen La Vega. Emviamos a toda la Grecia","robots":{"index":"index","follow":"follow","max-snippet":"max-snippet:-1","max-image-preview":"max-image-preview:large","max-video-preview":"max-video-preview:-1"},"canonical":"https:\/\/lavega.gr\/es\/","og_locale":"es_ES","og_type":"article","og_title":"Productos Latinoamericanos | La Vega","og_description":"Descubre productos locales, comidas, bebidas de LatinoAmerica en Delicatessen La Vega. Emviamos a toda la Grecia","og_url":"https:\/\/lavega.gr\/es\/","og_site_name":"La Vega","article_modified_time":"2026-04-22T13:53:20+00:00","twitter_card":"summary_large_image","twitter_misc":{"Tiempo de lectura":"4 minutos"},"schema":{"@context":"https:\/\/schema.org","@graph":[{"@type":"WebPage","@id":"https:\/\/lavega.gr\/es\/","url":"https:\/\/lavega.gr\/es\/","name":"Productos Latinoamericanos | La Vega","isPartOf":{"@id":"https:\/\/lavega.gr\/#website"},"datePublished":"2016-08-05T06:58:54+00:00","dateModified":"2026-04-22T13:53:20+00:00","description":"Descubre productos locales, comidas, bebidas de LatinoAmerica en Delicatessen La Vega. Emviamos a toda la Grecia","breadcrumb":{"@id":"https:\/\/lavega.gr\/es\/#breadcrumb"},"inLanguage":"es","potentialAction":[{"@type":"ReadAction","target":["https:\/\/lavega.gr\/es\/"]}]},{"@type":"BreadcrumbList","@id":"https:\/\/lavega.gr\/es\/#breadcrumb","itemListElement":[{"@type":"ListItem","position":1,"name":"Home","item":"https:\/\/lavega.gr\/es\/"},{"@type":"ListItem","position":2,"name":"Inicio"}]},{"@type":"WebSite","@id":"https:\/\/lavega.gr\/#website","url":"https:\/\/lavega.gr\/","name":"La Vega","description":"Productos Latinos","potentialAction":[{"@type":"SearchAction","target":{"@type":"EntryPoint","urlTemplate":"https:\/\/lavega.gr\/?s={search_term_string}"},"query-input":"required name=search_term_string"}],"inLanguage":"es"}]}},"_links":{"self":[{"href":"https:\/\/lavega.gr\/es\/wp-json\/wp\/v2\/pages\/4126","targetHints":{"allow":["GET"]}}],"collection":[{"href":"https:\/\/lavega.gr\/es\/wp-json\/wp\/v2\/pages"}],"about":[{"href":"https:\/\/lavega.gr\/es\/wp-json\/wp\/v2\/types\/page"}],"author":[{"embeddable":true,"href":"https:\/\/lavega.gr\/es\/wp-json\/wp\/v2\/users\/1"}],"replies":[{"embeddable":true,"href":"https:\/\/lavega.gr\/es\/wp-json\/wp\/v2\/comments?post=4126"}],"version-history":[{"count":93,"href":"https:\/\/lavega.gr\/es\/wp-json\/wp\/v2\/pages\/4126\/revisions"}],"predecessor-version":[{"id":7089,"href":"https:\/\/lavega.gr\/es\/wp-json\/wp\/v2\/pages\/4126\/revisions\/7089"}],"wp:attachment":[{"href":"https:\/\/lavega.gr\/es\/wp-json\/wp\/v2\/media?parent=4126"}],"curies":[{"name":"wp","href":"https:\/\/api.w.org\/{rel}","templated":true}]}}