{"id":4121,"date":"2022-11-25T15:32:21","date_gmt":"2022-11-25T13:32:21","guid":{"rendered":"https:\/\/lavega.gr\/metodos-de-pago\/"},"modified":"2025-12-12T13:52:57","modified_gmt":"2025-12-12T11:52:57","slug":"metodos-de-pago","status":"publish","type":"page","link":"https:\/\/lavega.gr\/es\/metodos-de-pago\/","title":{"rendered":"M\u00e9todos de pago"},"content":{"rendered":"\n<h2 class=\"wp-block-heading\">M\u00e9todos de pago<\/h2>\n\n\n\n<h3 class=\"wp-block-heading\">PAGO CON CONTRA ENTREGA<\/h3>\n\n\n\n<p>En el caso de que realice una compra y opte por pagar con contra entrega, los productos se env\u00edan a trav\u00e9s de la empresa colaboradora Geniki Taxydromini Courier y adicionalmente se le cobrar\u00e1 el costo del pago con contra entrega de 2.50\u20ac.<\/p>\n\n\n\n<h3 class=\"wp-block-heading\">Pago por dep\u00f3sito en cuenta bancaria<\/h3>\n\n\n\n<p>Si no tiene una tarjeta de cr\u00e9dito o no puede estar en el lugar de entrega durante el horario de entrega, puede pagar su pedido a trav\u00e9s de una cuenta bancaria, con cargo adicional por su cuenta si tiene un banco diferente. Todos los gastos de otro banco corren \u00edntegramente por cuenta del cliente. Despu\u00e9s de que se confirme su dep\u00f3sito, enviaremos su pedido dentro de tres d\u00edas h\u00e1biles.<\/p>\n\n\n\n<p>Nuestros datos bancarios son:<\/p>\n\n\n\n<p><strong>Alpha bank<br><\/strong>IBAN: GR 22 0140 7010 7010 0200 2032 704<br>\u0394\u0399\u039a\u0391\u0399\u039f\u03a5\u03a7\u039f\u03a3: \u039a\u03bf\u03c1\u03bd\u03b7\u03bb\u03af\u03b1 \u0396\u03c9\u03b3\u03c1\u03ac\u03c6\u03bf\u03c5-\u03a0\u03b5\u03c1\u03c3\u03af\u03b4\u03bf\u03c5<\/p>\n\n\n\n<p>En caso de transferencia desde otro banco, los gastos corren \u00edntegramente a cargo del cliente.<\/p>\n\n\n\n<h3 class=\"wp-block-heading\">Pago con tarjeta de cr\u00e9dito.<\/h3>\n\n\n\n<p>Nuestra tienda en l\u00ednea coopera con Alpha Bank para el servicio de pago con tarjetas de cr\u00e9dito (Visa, Mastercard, Maestro).<\/p>\n\n\n\n<p>El pago con tarjeta de cr\u00e9dito es un m\u00e9todo de pago seguro para nuestros clientes. La empresa nunca tendr\u00e1 conocimiento de su tarjeta o informaci\u00f3n de su cuenta.<\/p>\n\n\n\n<p>Para el pago del pedido, lo redirige a un sitio web especial de Alpha Bank (Redirection) sin entrar en contacto con los datos y datos de su tarjeta de cr\u00e9dito en ning\u00fan caso.<\/p>\n\n\n\n<p>Todos los pagos realizados con tarjeta se procesan a trav\u00e9s de la plataforma de pago electr\u00f3nico &#8220;Alpha e-Commerce&#8221; de Alpha Bank y se utiliza encriptaci\u00f3n TLS 1.2 con un protocolo de encriptaci\u00f3n de 128 bits (Secure Sockets Layer &#8211; SSL). El cifrado es una forma de codificar informaci\u00f3n hasta que llegue a su destinatario, quien podr\u00e1 decodificarla utilizando la clave adecuada.<\/p>\n\n\n\n<figure class=\"wp-block-image size-full\"><img loading=\"lazy\" decoding=\"async\" width=\"600\" height=\"100\" src=\"https:\/\/lavega.gr\/wp-content\/uploads\/2022\/11\/Horizontal_Banner_White_trans.png\" alt=\"\" class=\"wp-image-2443\" srcset=\"https:\/\/lavega.gr\/wp-content\/uploads\/2022\/11\/Horizontal_Banner_White_trans.png 600w, https:\/\/lavega.gr\/wp-content\/uploads\/2022\/11\/Horizontal_Banner_White_trans-300x50.png 300w\" sizes=\"auto, (max-width: 600px) 100vw, 600px\" \/><\/figure>\n\n\n\n<h2 class=\"wp-block-heading\">M\u00e9todos de env\u00edo<\/h2>\n\n\n\n<h3 class=\"wp-block-heading\">Costo de env\u00edo<\/h3>\n\n\n\n<p>Para el env\u00edo de nuestros productos colaboramos con la empresa de mensajer\u00eda Geniki Taxydromiki.<\/p>\n\n\n\n<p><strong>\u0393\u03b5\u03bd\u03b9\u03ba\u03ae \u03a4\u03b1\u03c7\u03c5\u03b4\u03c1\u03bf\u03bc\u03b9\u03ba\u03ae:<\/strong><\/p>\n\n\n\n<p>\u039c\u03b5\u03c4\u03b1\u03c6\u03bf\u03c1\u03b9\u03ba\u03ac 7,00\u20ac (+2,50\u20ac \u03b1\u03bd\u03c4\u03b9\u03ba\u03b1\u03c4\u03b1\u03b2\u03bf\u03bb\u03ae) \u03c3\u03b5 \u03c3\u03cd\u03bd\u03bf\u03bb\u03bf \u03b5\u03ce\u03c2 5 \u03ba\u03b9\u03bb\u03ac.<\/p>\n\n\n\n<p>\u039c\u03b5\u03c4\u03b1\u03c6\u03bf\u03c1\u03b9\u03ba\u03ac 8,00\u20ac (+2,50\u20ac \u03b1\u03bd\u03c4\u03b9\u03ba\u03b1\u03c4\u03b1\u03b2\u03bf\u03bb\u03ae) \u03c3\u03b5 \u03c3\u03cd\u03bd\u03bf\u03bb\u03bf \u03b1\u03c0\u03cc 5 \u03b5\u03ce\u03c2 7 \u03ba\u03b9\u03bb\u03ac.<\/p>\n\n\n\n<p><\/p>\n\n\n\n<p>Costo de env\u00edo 9,00\u20ac (+2,50\u20ac con contra entrega) en un total de 7 a 9 kilos.<\/p>\n\n\n\n<p>Para cada kilo adicional el costo es de +1,20\u20ac<\/p>\n\n\n\n<p><\/p>\n\n\n\n<p><\/p>\n\n\n\n<p><strong>BOX NOW Lockers 24\/7:<\/strong><\/p>\n\n\n\n<p>Env\u00edo 3,50\u20ac (a una consigna-Locker a elegir) para un total de hasta 20 kilos<\/p>\n\n\n\n<p><\/p>\n\n\n\n<p><\/p>\n\n\n\n<p>TODOS LOS PRECIOS INCLUYEN IVA 24%<\/p>\n","protected":false},"excerpt":{"rendered":"<p>M\u00e9todos de pago PAGO CON CONTRA ENTREGA En el caso de que realice una compra y opte por pagar con contra entrega, los productos se env\u00edan a trav\u00e9s de la empresa colaboradora Geniki Taxydromini Courier y adicionalmente se le cobrar\u00e1 el costo del pago con contra entrega de 2.50\u20ac. Pago por dep\u00f3sito en cuenta bancaria&#8230;<\/p>\n","protected":false},"author":1,"featured_media":0,"parent":0,"menu_order":0,"comment_status":"closed","ping_status":"closed","template":"","meta":{"footnotes":""},"class_list":["post-4121","page","type-page","status-publish","hentry"],"yoast_head":"<!-- This site is optimized with the Yoast SEO plugin v22.3 - https:\/\/yoast.com\/wordpress\/plugins\/seo\/ -->\n<title>M\u00e9todos de pago | La Vega<\/title>\n<meta name=\"robots\" content=\"noindex, nofollow\" \/>\n<meta property=\"og:locale\" content=\"es_ES\" \/>\n<meta property=\"og:type\" content=\"article\" \/>\n<meta property=\"og:title\" content=\"M\u00e9todos de pago | La Vega\" \/>\n<meta property=\"og:description\" content=\"M\u00e9todos de pago PAGO CON CONTRA ENTREGA En el caso de que realice una compra y opte por pagar con contra entrega, los productos se env\u00edan a trav\u00e9s de la empresa colaboradora Geniki Taxydromini Courier y adicionalmente se le cobrar\u00e1 el costo del pago con contra entrega de 2.50\u20ac. Pago por dep\u00f3sito en cuenta bancaria...\" \/>\n<meta property=\"og:url\" content=\"https:\/\/lavega.gr\/es\/metodos-de-pago\/\" \/>\n<meta property=\"og:site_name\" content=\"La Vega\" \/>\n<meta property=\"article:modified_time\" content=\"2025-12-12T11:52:57+00:00\" \/>\n<meta property=\"og:image\" content=\"https:\/\/lavega.gr\/wp-content\/uploads\/2022\/11\/Horizontal_Banner_White_trans.png\" \/>\n<meta name=\"twitter:card\" content=\"summary_large_image\" \/>\n<meta name=\"twitter:label1\" content=\"Tiempo de lectura\" \/>\n\t<meta name=\"twitter:data1\" content=\"3 minutos\" \/>\n<script type=\"application\/ld+json\" class=\"yoast-schema-graph\">{\"@context\":\"https:\/\/schema.org\",\"@graph\":[{\"@type\":\"WebPage\",\"@id\":\"https:\/\/lavega.gr\/es\/metodos-de-pago\/\",\"url\":\"https:\/\/lavega.gr\/es\/metodos-de-pago\/\",\"name\":\"M\u00e9todos de pago | La Vega\",\"isPartOf\":{\"@id\":\"https:\/\/lavega.gr\/#website\"},\"primaryImageOfPage\":{\"@id\":\"https:\/\/lavega.gr\/es\/metodos-de-pago\/#primaryimage\"},\"image\":{\"@id\":\"https:\/\/lavega.gr\/es\/metodos-de-pago\/#primaryimage\"},\"thumbnailUrl\":\"https:\/\/lavega.gr\/wp-content\/uploads\/2022\/11\/Horizontal_Banner_White_trans.png\",\"datePublished\":\"2022-11-25T13:32:21+00:00\",\"dateModified\":\"2025-12-12T11:52:57+00:00\",\"breadcrumb\":{\"@id\":\"https:\/\/lavega.gr\/es\/metodos-de-pago\/#breadcrumb\"},\"inLanguage\":\"es\",\"potentialAction\":[{\"@type\":\"ReadAction\",\"target\":[\"https:\/\/lavega.gr\/es\/metodos-de-pago\/\"]}]},{\"@type\":\"ImageObject\",\"inLanguage\":\"es\",\"@id\":\"https:\/\/lavega.gr\/es\/metodos-de-pago\/#primaryimage\",\"url\":\"https:\/\/lavega.gr\/wp-content\/uploads\/2022\/11\/Horizontal_Banner_White_trans.png\",\"contentUrl\":\"https:\/\/lavega.gr\/wp-content\/uploads\/2022\/11\/Horizontal_Banner_White_trans.png\",\"width\":600,\"height\":100},{\"@type\":\"BreadcrumbList\",\"@id\":\"https:\/\/lavega.gr\/es\/metodos-de-pago\/#breadcrumb\",\"itemListElement\":[{\"@type\":\"ListItem\",\"position\":1,\"name\":\"Home\",\"item\":\"https:\/\/lavega.gr\/es\/\"},{\"@type\":\"ListItem\",\"position\":2,\"name\":\"M\u00e9todos de pago\"}]},{\"@type\":\"WebSite\",\"@id\":\"https:\/\/lavega.gr\/#website\",\"url\":\"https:\/\/lavega.gr\/\",\"name\":\"La Vega\",\"description\":\"Productos Latinos\",\"potentialAction\":[{\"@type\":\"SearchAction\",\"target\":{\"@type\":\"EntryPoint\",\"urlTemplate\":\"https:\/\/lavega.gr\/?s={search_term_string}\"},\"query-input\":\"required name=search_term_string\"}],\"inLanguage\":\"es\"}]}<\/script>\n<!-- \/ Yoast SEO plugin. -->","yoast_head_json":{"title":"M\u00e9todos de pago | La Vega","robots":{"index":"noindex","follow":"nofollow"},"og_locale":"es_ES","og_type":"article","og_title":"M\u00e9todos de pago | La Vega","og_description":"M\u00e9todos de pago PAGO CON CONTRA ENTREGA En el caso de que realice una compra y opte por pagar con contra entrega, los productos se env\u00edan a trav\u00e9s de la empresa colaboradora Geniki Taxydromini Courier y adicionalmente se le cobrar\u00e1 el costo del pago con contra entrega de 2.50\u20ac. Pago por dep\u00f3sito en cuenta bancaria...","og_url":"https:\/\/lavega.gr\/es\/metodos-de-pago\/","og_site_name":"La Vega","article_modified_time":"2025-12-12T11:52:57+00:00","og_image":[{"url":"https:\/\/lavega.gr\/wp-content\/uploads\/2022\/11\/Horizontal_Banner_White_trans.png"}],"twitter_card":"summary_large_image","twitter_misc":{"Tiempo de lectura":"3 minutos"},"schema":{"@context":"https:\/\/schema.org","@graph":[{"@type":"WebPage","@id":"https:\/\/lavega.gr\/es\/metodos-de-pago\/","url":"https:\/\/lavega.gr\/es\/metodos-de-pago\/","name":"M\u00e9todos de pago | La Vega","isPartOf":{"@id":"https:\/\/lavega.gr\/#website"},"primaryImageOfPage":{"@id":"https:\/\/lavega.gr\/es\/metodos-de-pago\/#primaryimage"},"image":{"@id":"https:\/\/lavega.gr\/es\/metodos-de-pago\/#primaryimage"},"thumbnailUrl":"https:\/\/lavega.gr\/wp-content\/uploads\/2022\/11\/Horizontal_Banner_White_trans.png","datePublished":"2022-11-25T13:32:21+00:00","dateModified":"2025-12-12T11:52:57+00:00","breadcrumb":{"@id":"https:\/\/lavega.gr\/es\/metodos-de-pago\/#breadcrumb"},"inLanguage":"es","potentialAction":[{"@type":"ReadAction","target":["https:\/\/lavega.gr\/es\/metodos-de-pago\/"]}]},{"@type":"ImageObject","inLanguage":"es","@id":"https:\/\/lavega.gr\/es\/metodos-de-pago\/#primaryimage","url":"https:\/\/lavega.gr\/wp-content\/uploads\/2022\/11\/Horizontal_Banner_White_trans.png","contentUrl":"https:\/\/lavega.gr\/wp-content\/uploads\/2022\/11\/Horizontal_Banner_White_trans.png","width":600,"height":100},{"@type":"BreadcrumbList","@id":"https:\/\/lavega.gr\/es\/metodos-de-pago\/#breadcrumb","itemListElement":[{"@type":"ListItem","position":1,"name":"Home","item":"https:\/\/lavega.gr\/es\/"},{"@type":"ListItem","position":2,"name":"M\u00e9todos de pago"}]},{"@type":"WebSite","@id":"https:\/\/lavega.gr\/#website","url":"https:\/\/lavega.gr\/","name":"La Vega","description":"Productos Latinos","potentialAction":[{"@type":"SearchAction","target":{"@type":"EntryPoint","urlTemplate":"https:\/\/lavega.gr\/?s={search_term_string}"},"query-input":"required name=search_term_string"}],"inLanguage":"es"}]}},"_links":{"self":[{"href":"https:\/\/lavega.gr\/es\/wp-json\/wp\/v2\/pages\/4121","targetHints":{"allow":["GET"]}}],"collection":[{"href":"https:\/\/lavega.gr\/es\/wp-json\/wp\/v2\/pages"}],"about":[{"href":"https:\/\/lavega.gr\/es\/wp-json\/wp\/v2\/types\/page"}],"author":[{"embeddable":true,"href":"https:\/\/lavega.gr\/es\/wp-json\/wp\/v2\/users\/1"}],"replies":[{"embeddable":true,"href":"https:\/\/lavega.gr\/es\/wp-json\/wp\/v2\/comments?post=4121"}],"version-history":[{"count":44,"href":"https:\/\/lavega.gr\/es\/wp-json\/wp\/v2\/pages\/4121\/revisions"}],"predecessor-version":[{"id":6761,"href":"https:\/\/lavega.gr\/es\/wp-json\/wp\/v2\/pages\/4121\/revisions\/6761"}],"wp:attachment":[{"href":"https:\/\/lavega.gr\/es\/wp-json\/wp\/v2\/media?parent=4121"}],"curies":[{"name":"wp","href":"https:\/\/api.w.org\/{rel}","templated":true}]}}