{"id":4113,"date":"2016-08-30T10:26:23","date_gmt":"2016-08-30T08:26:23","guid":{"rendered":"https:\/\/lavega.gr\/sobre-nosostros\/"},"modified":"2024-03-24T00:40:38","modified_gmt":"2024-03-23T22:40:38","slug":"sobre-nosostros","status":"publish","type":"page","link":"https:\/\/lavega.gr\/es\/sobre-nosostros\/","title":{"rendered":"Sobre nosostros"},"content":{"rendered":"<section class=\"wpb-content-wrapper\"><p>[vc_row css=&#8221;.vc_custom_1670597552261{padding-top: 100px !important;}&#8221;][vc_column offset=&#8221;vc_col-lg-offset-2 vc_col-lg-8 vc_col-md-offset-0 vc_col-md-12&#8243;][insight_title style_type=&#8221;2&#8243; sub_title_enable=&#8221;yes&#8221; separator_enable=&#8221;yes&#8221; title=&#8221;La Vega&#8221; sub_title=&#8221;\u00a1Una peque\u00f1a historia sobre nosotros!&#8221;][vc_custom_heading text=&#8221;\u00a1Bienvenido a la tienda electr\u00f3nica de La Vega Deli! La fuente de inspiraci\u00f3n para su creaci\u00f3n fue mi origen en un pueblo de Santo Domingo, &#8220;La Vega&#8220;, de donde proviene el nombre de la tienda electr\u00f3nica.<\/p>\n<p>La Vega tiene como objetivo llevarte en un viaje hacia delicias culinarias \u00fanicas: sabores de Am\u00e9rica Latina y el Caribe dondequiera que est\u00e9s.<\/p>\n<p>\u00a1La Vega es una forma de vida, es una cultura, es ese sabor dulce que te deja con cada placer!<br \/>\nUna expresi\u00f3n latina favorita es: &#8230;para hacer una celebraci\u00f3n \u00a1cualquier pretexto es suficiente! Estamos aqu\u00ed para crear juntos delicias culinarias y momentos \u00fanicos que ser\u00e1n inolvidables.<\/p>\n<p>\u00a1Comienza tu viaje en la tienda electr\u00f3nica de La Vega Deli y explora nuestros productos \u00fanicos!<\/p>\n<p>Tuyo sinceramente,<br \/>\nKornilia Zografou&#8221; font_container=&#8221;tag:div|font_size:16px|text_align:center&#8221; font_weight=&#8221;&#8221;][\/vc_column][\/vc_row][vc_row css=&#8221;.vc_custom_1477306565465{margin-bottom: 100px !important;}&#8221;][vc_column][vc_single_image image=&#8221;3845&#8243; img_size=&#8221;full&#8221; alignment=&#8221;center&#8221;][vc_row_inner][vc_column_inner offset=&#8221;vc_hidden-lg vc_hidden-md vc_hidden-sm vc_hidden-xs&#8221;][insight_title separator_enable=&#8221;yes&#8221; title=&#8221;\u00a1Una tienda ecol\u00f3gica amigable!&#8221; css=&#8221;.vc_custom_1477305106329{margin-top: 60px !important;}&#8221;][insight_about3 sub_title=&#8221;Since 1990&#8243; quote_text=&#8221;Thank you so much for the delicious fruits and veggies!&#8221; quote_author=&#8221;askley Simpsons&#8221; image1=&#8221;230&#8243; image2=&#8221;592&#8243; image3=&#8221;593&#8243; title=&#8221;Hermosa plantilla&#8221; image4=&#8221;963&#8243;][\/vc_column_inner][\/vc_row_inner][\/vc_column][\/vc_row][vc_row full_width=&#8221;stretch_row&#8221; css=&#8221;.vc_custom_1670597256740{background-color: #f5f3f0 !important;}&#8221;][vc_column css=&#8221;.vc_custom_1670597197642{padding-top: 0px !important;}&#8221; offset=&#8221;vc_hidden-lg vc_hidden-md vc_hidden-sm vc_hidden-xs&#8221;][insight_title sub_title_enable=&#8221;yes&#8221; separator_enable=&#8221;yes&#8221; title=&#8221;Welcome to Organik!&#8221; sub_title=&#8221;Discover our values&#8221; css=&#8221;.vc_custom_1477391180245{margin-bottom: 30px !important;}&#8221;][vc_row_inner][vc_column_inner width=&#8221;1\/4&#8243;][insight_our_services icon_organik=&#8221;organik-carrot&#8221; title=&#8221;Dieta saludable.&#8221; link=&#8221;#&#8221;]Hacer que los productos se entreguen a casa con una frecuencia establecida es esencial para obtener las frutas y verduras diarias recomendadas.[\/insight_our_services][\/vc_column_inner][vc_column_inner width=&#8221;1\/4&#8243;][insight_our_services icon_organik=&#8221;organik-lettuce&#8221; title=&#8221;Libre de pesticidas.&#8221; link=&#8221;#&#8221;]Entregamos productos org\u00e1nicos libres de pesticidas y cultivados de manera sostenible, lo que garantiza que mantengamos comunidades saludables.[\/insight_our_services][\/vc_column_inner][vc_column_inner width=&#8221;1\/4&#8243;][insight_our_services icon_organik=&#8221;organik-broccoli&#8221; title=&#8221;Flexibilidad.&#8221; link=&#8221;#&#8221;]Elija la frecuencia de entrega que mejor se adapte a sus necesidades: entrega semanal, cada dos semanas, cada 3 o cada 4 semanas.[\/insight_our_services][\/vc_column_inner][vc_column_inner width=&#8221;1\/4&#8243;][insight_our_services icon_organik=&#8221;organik-lemon&#8221; title=&#8221;Conveniencia.&#8221; link=&#8221;#&#8221;]\u00a1No m\u00e1s conducir y estacionar sus vegetales! Entregamos directamente a su puerta. Ahorre tiempo yendo a la tienda de comestibles.[\/insight_our_services][\/vc_column_inner][\/vc_row_inner][\/vc_column][\/vc_row]<\/p>\n<\/section>","protected":false},"excerpt":{"rendered":"<p>[vc_row css=&#8221;.vc_custom_1670597552261{padding-top: 100px !important;}&#8221;][vc_column offset=&#8221;vc_col-lg-offset-2 vc_col-lg-8 vc_col-md-offset-0 vc_col-md-12&#8243;][insight_title style_type=&#8221;2&#8243; sub_title_enable=&#8221;yes&#8221; separator_enable=&#8221;yes&#8221; title=&#8221;La Vega&#8221; sub_title=&#8221;\u00a1Una peque\u00f1a historia sobre nosotros!&#8221;][vc_custom_heading text=&#8221;\u00a1Bienvenido a la tienda electr\u00f3nica de La Vega Deli! La fuente de inspiraci\u00f3n para su creaci\u00f3n fue mi origen en un pueblo de Santo Domingo, &#8220;La Vega&#8220;, de donde proviene el nombre de la tienda electr\u00f3nica. La&#8230;<\/p>\n","protected":false},"author":1,"featured_media":0,"parent":0,"menu_order":0,"comment_status":"closed","ping_status":"closed","template":"","meta":{"footnotes":""},"class_list":["post-4113","page","type-page","status-publish","hentry"],"yoast_head":"<!-- This site is optimized with the Yoast SEO plugin v22.3 - https:\/\/yoast.com\/wordpress\/plugins\/seo\/ -->\n<title>Sobre nosostros | La Vega<\/title>\n<meta name=\"description\" content=\"La fuente de inspiraci\u00f3n para su creaci\u00f3n fue mi origen de un pueblo de Santo Domingo, &quot;La Vega&quot;, de donde proviene el nombre de la tienda electr\u00f3nica.\" \/>\n<meta name=\"robots\" content=\"index, follow, max-snippet:-1, max-image-preview:large, max-video-preview:-1\" \/>\n<link rel=\"canonical\" href=\"https:\/\/lavega.gr\/es\/sobre-nosostros\/\" \/>\n<meta property=\"og:locale\" content=\"es_ES\" \/>\n<meta property=\"og:type\" content=\"article\" \/>\n<meta property=\"og:title\" content=\"Sobre nosostros | La Vega\" \/>\n<meta property=\"og:description\" content=\"La fuente de inspiraci\u00f3n para su creaci\u00f3n fue mi origen de un pueblo de Santo Domingo, &quot;La Vega&quot;, de donde proviene el nombre de la tienda electr\u00f3nica.\" \/>\n<meta property=\"og:url\" content=\"https:\/\/lavega.gr\/es\/sobre-nosostros\/\" \/>\n<meta property=\"og:site_name\" content=\"La Vega\" \/>\n<meta property=\"article:modified_time\" content=\"2024-03-23T22:40:38+00:00\" \/>\n<meta name=\"twitter:card\" content=\"summary_large_image\" \/>\n<meta name=\"twitter:label1\" content=\"Tiempo de lectura\" \/>\n\t<meta name=\"twitter:data1\" content=\"3 minutos\" \/>\n<script type=\"application\/ld+json\" class=\"yoast-schema-graph\">{\"@context\":\"https:\/\/schema.org\",\"@graph\":[{\"@type\":\"WebPage\",\"@id\":\"https:\/\/lavega.gr\/es\/sobre-nosostros\/\",\"url\":\"https:\/\/lavega.gr\/es\/sobre-nosostros\/\",\"name\":\"Sobre nosostros | La Vega\",\"isPartOf\":{\"@id\":\"https:\/\/lavega.gr\/#website\"},\"datePublished\":\"2016-08-30T08:26:23+00:00\",\"dateModified\":\"2024-03-23T22:40:38+00:00\",\"description\":\"La fuente de inspiraci\u00f3n para su creaci\u00f3n fue mi origen de un pueblo de Santo Domingo, \\\"La Vega\\\", de donde proviene el nombre de la tienda electr\u00f3nica.\",\"breadcrumb\":{\"@id\":\"https:\/\/lavega.gr\/es\/sobre-nosostros\/#breadcrumb\"},\"inLanguage\":\"es\",\"potentialAction\":[{\"@type\":\"ReadAction\",\"target\":[\"https:\/\/lavega.gr\/es\/sobre-nosostros\/\"]}]},{\"@type\":\"BreadcrumbList\",\"@id\":\"https:\/\/lavega.gr\/es\/sobre-nosostros\/#breadcrumb\",\"itemListElement\":[{\"@type\":\"ListItem\",\"position\":1,\"name\":\"Home\",\"item\":\"https:\/\/lavega.gr\/es\/\"},{\"@type\":\"ListItem\",\"position\":2,\"name\":\"Sobre nosostros\"}]},{\"@type\":\"WebSite\",\"@id\":\"https:\/\/lavega.gr\/#website\",\"url\":\"https:\/\/lavega.gr\/\",\"name\":\"La Vega\",\"description\":\"Productos Latinos\",\"potentialAction\":[{\"@type\":\"SearchAction\",\"target\":{\"@type\":\"EntryPoint\",\"urlTemplate\":\"https:\/\/lavega.gr\/?s={search_term_string}\"},\"query-input\":\"required name=search_term_string\"}],\"inLanguage\":\"es\"}]}<\/script>\n<!-- \/ Yoast SEO plugin. -->","yoast_head_json":{"title":"Sobre nosostros | La Vega","description":"La fuente de inspiraci\u00f3n para su creaci\u00f3n fue mi origen de un pueblo de Santo Domingo, \"La Vega\", de donde proviene el nombre de la tienda electr\u00f3nica.","robots":{"index":"index","follow":"follow","max-snippet":"max-snippet:-1","max-image-preview":"max-image-preview:large","max-video-preview":"max-video-preview:-1"},"canonical":"https:\/\/lavega.gr\/es\/sobre-nosostros\/","og_locale":"es_ES","og_type":"article","og_title":"Sobre nosostros | La Vega","og_description":"La fuente de inspiraci\u00f3n para su creaci\u00f3n fue mi origen de un pueblo de Santo Domingo, \"La Vega\", de donde proviene el nombre de la tienda electr\u00f3nica.","og_url":"https:\/\/lavega.gr\/es\/sobre-nosostros\/","og_site_name":"La Vega","article_modified_time":"2024-03-23T22:40:38+00:00","twitter_card":"summary_large_image","twitter_misc":{"Tiempo de lectura":"3 minutos"},"schema":{"@context":"https:\/\/schema.org","@graph":[{"@type":"WebPage","@id":"https:\/\/lavega.gr\/es\/sobre-nosostros\/","url":"https:\/\/lavega.gr\/es\/sobre-nosostros\/","name":"Sobre nosostros | La Vega","isPartOf":{"@id":"https:\/\/lavega.gr\/#website"},"datePublished":"2016-08-30T08:26:23+00:00","dateModified":"2024-03-23T22:40:38+00:00","description":"La fuente de inspiraci\u00f3n para su creaci\u00f3n fue mi origen de un pueblo de Santo Domingo, \"La Vega\", de donde proviene el nombre de la tienda electr\u00f3nica.","breadcrumb":{"@id":"https:\/\/lavega.gr\/es\/sobre-nosostros\/#breadcrumb"},"inLanguage":"es","potentialAction":[{"@type":"ReadAction","target":["https:\/\/lavega.gr\/es\/sobre-nosostros\/"]}]},{"@type":"BreadcrumbList","@id":"https:\/\/lavega.gr\/es\/sobre-nosostros\/#breadcrumb","itemListElement":[{"@type":"ListItem","position":1,"name":"Home","item":"https:\/\/lavega.gr\/es\/"},{"@type":"ListItem","position":2,"name":"Sobre nosostros"}]},{"@type":"WebSite","@id":"https:\/\/lavega.gr\/#website","url":"https:\/\/lavega.gr\/","name":"La Vega","description":"Productos Latinos","potentialAction":[{"@type":"SearchAction","target":{"@type":"EntryPoint","urlTemplate":"https:\/\/lavega.gr\/?s={search_term_string}"},"query-input":"required name=search_term_string"}],"inLanguage":"es"}]}},"_links":{"self":[{"href":"https:\/\/lavega.gr\/es\/wp-json\/wp\/v2\/pages\/4113","targetHints":{"allow":["GET"]}}],"collection":[{"href":"https:\/\/lavega.gr\/es\/wp-json\/wp\/v2\/pages"}],"about":[{"href":"https:\/\/lavega.gr\/es\/wp-json\/wp\/v2\/types\/page"}],"author":[{"embeddable":true,"href":"https:\/\/lavega.gr\/es\/wp-json\/wp\/v2\/users\/1"}],"replies":[{"embeddable":true,"href":"https:\/\/lavega.gr\/es\/wp-json\/wp\/v2\/comments?post=4113"}],"version-history":[{"count":37,"href":"https:\/\/lavega.gr\/es\/wp-json\/wp\/v2\/pages\/4113\/revisions"}],"predecessor-version":[{"id":5014,"href":"https:\/\/lavega.gr\/es\/wp-json\/wp\/v2\/pages\/4113\/revisions\/5014"}],"wp:attachment":[{"href":"https:\/\/lavega.gr\/es\/wp-json\/wp\/v2\/media?parent=4113"}],"curies":[{"name":"wp","href":"https:\/\/api.w.org\/{rel}","templated":true}]}}