{"id":4110,"date":"2022-11-25T15:28:23","date_gmt":"2022-11-25T13:28:23","guid":{"rendered":"https:\/\/lavega.gr\/politica-de-cambios-devoluciones\/"},"modified":"2024-03-27T14:50:18","modified_gmt":"2024-03-27T12:50:18","slug":"politica-de-cambios-devoluciones","status":"publish","type":"page","link":"https:\/\/lavega.gr\/es\/politica-de-cambios-devoluciones\/","title":{"rendered":"Pol\u00edtica de Cambios \u2013 Devoluciones"},"content":{"rendered":"\n<h2 class=\"wp-block-heading\">Pol\u00edtica de Cambios \u2013 Devoluciones<\/h2>\n\n<p>Para realizar cualquier cambio o devoluci\u00f3n de un producto, el cliente deber\u00e1 tener en su poder el respectivo documento de compra que acredite la transacci\u00f3n (ej. Recibo de Venta, Factura de Venta\/Albar\u00e1n de Env\u00edo).<\/p>\n\n<h2 class=\"wp-block-heading\"><h3>Productos defectuosos<\/h3><\/h2>\n\n<p>En caso de producto defectuoso contacte con la empresa para su sustituci\u00f3n. La empresa reemplazar\u00e1 el producto si se cumplen las condiciones de la ley y se observan las siguientes condiciones.<\/p>\n\n<h2 class=\"wp-block-heading\"><h2>Derecho de desistimiento<\/h2><\/h2>\n\n<p>El derecho de desistimiento previsto en los art\u00edculos 3e a 3k de la Ley 2251\/1994 no se aplica a) al suministro de bienes fabricados de acuerdo con las especificaciones personalizadas del consumidor, b) al suministro de bienes que hayan sufrido da\u00f1os por culpa del consumidor, c) en el suministro de bienes, que por higiene no sean aptos para la devoluci\u00f3n y d) en el suministro de bienes, cuyo embalaje est\u00e9 da\u00f1ado.<\/p>\n\n<p>Adem\u00e1s, dado que entre nuestros productos existen productos que pueden da\u00f1arse o caducar pronto, o que son productos vulnerables y por lo tanto sensibles, le informamos que estos productos est\u00e1n expresamente excluidos por ley del derecho de desistimiento. Los reembolsos se hacen solamente: a productos enlatados, b envases de vidrio y c productos no comestibles que no han sido abiertos.<\/p>\n\n<p>Los productos adquiridos deber\u00e1n ser devueltos en su estado original acompa\u00f1ados del correspondiente documento de venta (recibo &#8211; factura).<\/p>\n\n<p>ATENCI\u00d3N: En cualquier caso, antes de realizar cualquiera de las acciones anteriores, p\u00f3ngase en contacto con nosotros por tel\u00e9fono en el 231 020 1382 o por correo electr\u00f3nico para orientarle sobre los pasos a seguir en funci\u00f3n del problema al que se enfrente.<\/p>\n\n<h2 class=\"wp-block-heading\"><h2>Consecuencias del desistimiento<\/h2><\/h2>\n\n<p>En caso de devoluci\u00f3n de un producto, en el marco de las presentes condiciones, el consumidor tiene la opci\u00f3n de optar por la devoluci\u00f3n del importe abonado o por proceder a la sustituci\u00f3n del producto devuelto por otro de al menos igual o mayor valor, cubriendo cualquier diferencia.<\/p>\n\n<p>El reembolso anterior ser\u00e1 ejecutado por la empresa, utilizando el mismo medio de pago que el consumidor utiliz\u00f3 para la transacci\u00f3n original, a menos que este \u00faltimo acuerde expresamente algo diferente. En cualquier caso, no se cobrar\u00e1n comisiones por dicho reembolso, a menos que el consumidor proponga un medio de reembolso diferente (al utilizado en la transacci\u00f3n original).<\/p>\n\n<p>Si la compra se realiz\u00f3 con tarjeta, se abonar\u00e1 en la tarjeta del consumidor el importe correspondiente a la devoluci\u00f3n, dentro de los (7) SIETE d\u00edas naturales contados a partir del d\u00eda siguiente al d\u00eda en que la empresa reciba el producto a devolver.<\/p>\n\n<p>Si la compra se realiz\u00f3 con contra entrega del consumidor en el lugar de entrega, o en cualquier caso no es posible reembolsar el dinero con el medio utilizado en la transacci\u00f3n original, el reembolso en caso de desistimiento se realizar\u00e1 a petici\u00f3n de los interesados mediante dep\u00f3sito en una cuenta bancaria que ser\u00e1 indicada por el consumidor, de la cual es (co)beneficiario, sin cargo adicional. El costo del servicio con contra entrega no es reembolsable.<\/p>\n\n<p>En caso de que el motivo de la devoluci\u00f3n\/cambio del producto sea por error de la empresa o producto defectuoso, los gastos de devoluci\u00f3n corren a cargo de la propia empresa, en caso contrario los gastos de devoluci\u00f3n corren a cargo del consumidor\/cliente.<\/p>\n\n<p><\/p><h2>\u0394\u03b9\u03b1\u03b4\u03b9\u03ba\u03b1\u03c3\u03af\u03b1 \u03ba\u03b1\u03b9 \u03a4\u03c1\u03cc\u03c0\u03bf\u03b9 \u0395\u03c0\u03b9\u03c3\u03c4\u03c1\u03bf\u03c6\u03ae\u03c2 \u03c0\u03c1\u03bf\u03ca\u03cc\u03bd\u03c4\u03c9\u03bd<\/h2>\n\n<p>ATENCI\u00d3N. Le aconsejamos que antes de realizar una devoluci\u00f3n se ponga en contacto con nosotros por tel\u00e9fono en el 231 020 1382 o por correo electr\u00f3nico para orientarle en los pasos a seguir. . Las devoluciones se pueden realizar de las siguientes formas:<\/p>\n\n<p><\/p><h2>\u039c\u03ad\u03c3\u03bf \u03b1\u03c0\u03bf\u03c3\u03c4\u03bf\u03bb\u03ae\u03c2 \u03c4\u03bf\u03c5 \u03c0\u03c1\u03bf\u03ca\u03cc\u03bd\u03c4\u03bf\u03c2<\/h2>\n\n<p>Antes de enviar el producto a la sede de la empresa, empaque el producto en el \u00e1rea de almacenamiento donde recibi\u00f3 el pedido completando un formulario de retiro (puede encontrar un modelo relevante haciendo clic aqu\u00ed) y luego env\u00ede el paquete a trav\u00e9s de la empresa de mensajer\u00eda colaboradora.<\/p>\n\n<h2 class=\"wp-block-heading\"><h2>Cancelaci\u00f3n de pedidos<\/h2><\/h2>\n\n<p>Cualquier cancelaci\u00f3n de un pedido se acepta SIN cargo siempre que los productos correspondientes NO hayan sido enviados.<\/p>\n\n<p>Los pedidos se pueden cancelar exclusivamente enviando un correo electr\u00f3nico correspondiente al correo electr\u00f3nico: info@lavega.gr<\/p>\n","protected":false},"excerpt":{"rendered":"<p>Pol\u00edtica de Cambios \u2013 Devoluciones Para realizar cualquier cambio o devoluci\u00f3n de un producto, el cliente deber\u00e1 tener en su poder el respectivo documento de compra que acredite la transacci\u00f3n (ej. Recibo de Venta, Factura de Venta\/Albar\u00e1n de Env\u00edo). Productos defectuosos En caso de producto defectuoso contacte con la empresa para su sustituci\u00f3n. La empresa&#8230;<\/p>\n","protected":false},"author":1,"featured_media":0,"parent":0,"menu_order":0,"comment_status":"closed","ping_status":"closed","template":"","meta":{"footnotes":""},"class_list":["post-4110","page","type-page","status-publish","hentry"],"yoast_head":"<!-- This site is optimized with the Yoast SEO plugin v22.3 - https:\/\/yoast.com\/wordpress\/plugins\/seo\/ -->\n<title>Pol\u00edtica de Cambios \u2013 Devoluciones | La Vega<\/title>\n<meta name=\"robots\" content=\"noindex, nofollow\" \/>\n<meta property=\"og:locale\" content=\"es_ES\" \/>\n<meta property=\"og:type\" content=\"article\" \/>\n<meta property=\"og:title\" content=\"Pol\u00edtica de Cambios \u2013 Devoluciones | La Vega\" \/>\n<meta property=\"og:description\" content=\"Pol\u00edtica de Cambios \u2013 Devoluciones Para realizar cualquier cambio o devoluci\u00f3n de un producto, el cliente deber\u00e1 tener en su poder el respectivo documento de compra que acredite la transacci\u00f3n (ej. Recibo de Venta, Factura de Venta\/Albar\u00e1n de Env\u00edo). Productos defectuosos En caso de producto defectuoso contacte con la empresa para su sustituci\u00f3n. La empresa...\" \/>\n<meta property=\"og:url\" content=\"https:\/\/lavega.gr\/es\/politica-de-cambios-devoluciones\/\" \/>\n<meta property=\"og:site_name\" content=\"La Vega\" \/>\n<meta property=\"article:modified_time\" content=\"2024-03-27T12:50:18+00:00\" \/>\n<meta name=\"twitter:card\" content=\"summary_large_image\" \/>\n<meta name=\"twitter:label1\" content=\"Tiempo de lectura\" \/>\n\t<meta name=\"twitter:data1\" content=\"4 minutos\" \/>\n<script type=\"application\/ld+json\" class=\"yoast-schema-graph\">{\"@context\":\"https:\/\/schema.org\",\"@graph\":[{\"@type\":\"WebPage\",\"@id\":\"https:\/\/lavega.gr\/es\/politica-de-cambios-devoluciones\/\",\"url\":\"https:\/\/lavega.gr\/es\/politica-de-cambios-devoluciones\/\",\"name\":\"Pol\u00edtica de Cambios \u2013 Devoluciones | La Vega\",\"isPartOf\":{\"@id\":\"https:\/\/lavega.gr\/#website\"},\"datePublished\":\"2022-11-25T13:28:23+00:00\",\"dateModified\":\"2024-03-27T12:50:18+00:00\",\"breadcrumb\":{\"@id\":\"https:\/\/lavega.gr\/es\/politica-de-cambios-devoluciones\/#breadcrumb\"},\"inLanguage\":\"es\",\"potentialAction\":[{\"@type\":\"ReadAction\",\"target\":[\"https:\/\/lavega.gr\/es\/politica-de-cambios-devoluciones\/\"]}]},{\"@type\":\"BreadcrumbList\",\"@id\":\"https:\/\/lavega.gr\/es\/politica-de-cambios-devoluciones\/#breadcrumb\",\"itemListElement\":[{\"@type\":\"ListItem\",\"position\":1,\"name\":\"Home\",\"item\":\"https:\/\/lavega.gr\/es\/\"},{\"@type\":\"ListItem\",\"position\":2,\"name\":\"Pol\u00edtica de Cambios \u2013 Devoluciones\"}]},{\"@type\":\"WebSite\",\"@id\":\"https:\/\/lavega.gr\/#website\",\"url\":\"https:\/\/lavega.gr\/\",\"name\":\"La Vega\",\"description\":\"Productos Latinos\",\"potentialAction\":[{\"@type\":\"SearchAction\",\"target\":{\"@type\":\"EntryPoint\",\"urlTemplate\":\"https:\/\/lavega.gr\/?s={search_term_string}\"},\"query-input\":\"required name=search_term_string\"}],\"inLanguage\":\"es\"}]}<\/script>\n<!-- \/ Yoast SEO plugin. -->","yoast_head_json":{"title":"Pol\u00edtica de Cambios \u2013 Devoluciones | La Vega","robots":{"index":"noindex","follow":"nofollow"},"og_locale":"es_ES","og_type":"article","og_title":"Pol\u00edtica de Cambios \u2013 Devoluciones | La Vega","og_description":"Pol\u00edtica de Cambios \u2013 Devoluciones Para realizar cualquier cambio o devoluci\u00f3n de un producto, el cliente deber\u00e1 tener en su poder el respectivo documento de compra que acredite la transacci\u00f3n (ej. Recibo de Venta, Factura de Venta\/Albar\u00e1n de Env\u00edo). Productos defectuosos En caso de producto defectuoso contacte con la empresa para su sustituci\u00f3n. La empresa...","og_url":"https:\/\/lavega.gr\/es\/politica-de-cambios-devoluciones\/","og_site_name":"La Vega","article_modified_time":"2024-03-27T12:50:18+00:00","twitter_card":"summary_large_image","twitter_misc":{"Tiempo de lectura":"4 minutos"},"schema":{"@context":"https:\/\/schema.org","@graph":[{"@type":"WebPage","@id":"https:\/\/lavega.gr\/es\/politica-de-cambios-devoluciones\/","url":"https:\/\/lavega.gr\/es\/politica-de-cambios-devoluciones\/","name":"Pol\u00edtica de Cambios \u2013 Devoluciones | La Vega","isPartOf":{"@id":"https:\/\/lavega.gr\/#website"},"datePublished":"2022-11-25T13:28:23+00:00","dateModified":"2024-03-27T12:50:18+00:00","breadcrumb":{"@id":"https:\/\/lavega.gr\/es\/politica-de-cambios-devoluciones\/#breadcrumb"},"inLanguage":"es","potentialAction":[{"@type":"ReadAction","target":["https:\/\/lavega.gr\/es\/politica-de-cambios-devoluciones\/"]}]},{"@type":"BreadcrumbList","@id":"https:\/\/lavega.gr\/es\/politica-de-cambios-devoluciones\/#breadcrumb","itemListElement":[{"@type":"ListItem","position":1,"name":"Home","item":"https:\/\/lavega.gr\/es\/"},{"@type":"ListItem","position":2,"name":"Pol\u00edtica de Cambios \u2013 Devoluciones"}]},{"@type":"WebSite","@id":"https:\/\/lavega.gr\/#website","url":"https:\/\/lavega.gr\/","name":"La Vega","description":"Productos Latinos","potentialAction":[{"@type":"SearchAction","target":{"@type":"EntryPoint","urlTemplate":"https:\/\/lavega.gr\/?s={search_term_string}"},"query-input":"required name=search_term_string"}],"inLanguage":"es"}]}},"_links":{"self":[{"href":"https:\/\/lavega.gr\/es\/wp-json\/wp\/v2\/pages\/4110","targetHints":{"allow":["GET"]}}],"collection":[{"href":"https:\/\/lavega.gr\/es\/wp-json\/wp\/v2\/pages"}],"about":[{"href":"https:\/\/lavega.gr\/es\/wp-json\/wp\/v2\/types\/page"}],"author":[{"embeddable":true,"href":"https:\/\/lavega.gr\/es\/wp-json\/wp\/v2\/users\/1"}],"replies":[{"embeddable":true,"href":"https:\/\/lavega.gr\/es\/wp-json\/wp\/v2\/comments?post=4110"}],"version-history":[{"count":6,"href":"https:\/\/lavega.gr\/es\/wp-json\/wp\/v2\/pages\/4110\/revisions"}],"predecessor-version":[{"id":5028,"href":"https:\/\/lavega.gr\/es\/wp-json\/wp\/v2\/pages\/4110\/revisions\/5028"}],"wp:attachment":[{"href":"https:\/\/lavega.gr\/es\/wp-json\/wp\/v2\/media?parent=4110"}],"curies":[{"name":"wp","href":"https:\/\/api.w.org\/{rel}","templated":true}]}}